{"id":12605,"date":"2024-03-25T12:07:59","date_gmt":"2024-03-25T11:07:59","guid":{"rendered":"https:\/\/www.ceab.csic.es\/external-services\/microscopia-electronica\/"},"modified":"2024-06-14T13:02:24","modified_gmt":"2024-06-14T11:02:24","slug":"electron-microscopy","status":"publish","type":"page","link":"https:\/\/www.ceab.csic.es\/en\/external-services\/electron-microscopy\/","title":{"rendered":"Electron microscopy"},"content":{"rendered":"\t\t<div data-elementor-type=\"wp-page\" data-elementor-id=\"12605\" class=\"elementor elementor-12605 elementor-5839\" data-elementor-post-type=\"page\">\n\t\t\t\t<div data-dce-background-image-url=\"https:\/\/www.ceab.csic.es\/wp-content\/uploads\/2024\/03\/s-ext-microscopia-electronica.jpg\" class=\"elementor-element elementor-element-9c20423 e-con-full e-flex e-con e-parent\" data-id=\"9c20423\" data-element_type=\"container\" data-settings=\"{&quot;background_background&quot;:&quot;classic&quot;}\">\n\t\t\t\t<div class=\"elementor-element elementor-element-62d016e elementor-widget-mobile__width-initial elementor-widget elementor-widget-button\" data-id=\"62d016e\" data-element_type=\"widget\" data-widget_type=\"button.default\">\n\t\t\t\t<div class=\"elementor-widget-container\">\n\t\t\t\t\t\t\t\t\t<div class=\"elementor-button-wrapper\">\n\t\t\t\t\t<a class=\"elementor-button elementor-button-link elementor-size-sm\" href=\"https:\/\/www.ceab.csic.es\/en\/external-services\/\">\n\t\t\t\t\t\t<span class=\"elementor-button-content-wrapper\">\n\t\t\t\t\t\t<span class=\"elementor-button-icon\">\n\t\t\t\t<i aria-hidden=\"true\" class=\"fas fa-angle-double-left\"><\/i>\t\t\t<\/span>\n\t\t\t\t\t\t\t\t\t<span class=\"elementor-button-text\">External services<\/span>\n\t\t\t\t\t<\/span>\n\t\t\t\t\t<\/a>\n\t\t\t\t<\/div>\n\t\t\t\t\t\t\t\t<\/div>\n\t\t\t\t<\/div>\n\t\t<div class=\"elementor-element elementor-element-579fb55 e-con-full e-flex e-con e-child\" data-id=\"579fb55\" data-element_type=\"container\">\n\t\t<div class=\"elementor-element elementor-element-2ad0763 e-con-full e-flex e-con e-child\" data-id=\"2ad0763\" data-element_type=\"container\">\n\t\t\t\t<div class=\"elementor-element elementor-element-070892f animated-slow elementor-invisible elementor-widget elementor-widget-qi_addons_for_elementor_animated_text\" data-id=\"070892f\" data-element_type=\"widget\" data-settings=\"{&quot;_animation&quot;:&quot;fadeIn&quot;}\" data-widget_type=\"qi_addons_for_elementor_animated_text.default\">\n\t\t\t\t<div class=\"elementor-widget-container\">\n\t\t\t\t\t<div class=\"qodef-shortcode qodef-m qodef-qi-animated-text qodef--animated-by-letter qodef-qi--has-appear qodef--appear-from-bottom\" data-appear-delay=\"200\">\n\t\t<p class=\"qodef-m-title\">\n\t\t<span class=\"qodef-e-word-holder\">External<\/span> <span class=\"qodef-e-word-holder\">services<\/span>\t<\/p>\n<\/div>\n\t\t\t\t<\/div>\n\t\t\t\t<\/div>\n\t\t\t\t<div class=\"elementor-element elementor-element-d48789f animated-slow elementor-invisible elementor-widget elementor-widget-qi_addons_for_elementor_animated_text\" data-id=\"d48789f\" data-element_type=\"widget\" data-settings=\"{&quot;_animation&quot;:&quot;fadeIn&quot;}\" data-widget_type=\"qi_addons_for_elementor_animated_text.default\">\n\t\t\t\t<div class=\"elementor-widget-container\">\n\t\t\t\t\t<div class=\"qodef-shortcode qodef-m qodef-qi-animated-text qodef--animated-by-letter qodef-qi--has-appear qodef--appear-from-bottom\" data-appear-delay=\"200\">\n\t\t<h1 class=\"qodef-m-title\">\n\t\t<span class=\"qodef-e-word-holder\">Electron<\/span> <span class=\"qodef-e-word-holder\">microscopy<\/span>\t<\/h1>\n<\/div>\n\t\t\t\t<\/div>\n\t\t\t\t<\/div>\n\t\t\t\t<\/div>\n\t\t\t\t<\/div>\n\t\t\t\t<\/div>\n\t\t<div class=\"elementor-element elementor-element-495b73a e-con-full e-flex e-con e-parent\" data-id=\"495b73a\" data-element_type=\"container\">\n\t\t<div class=\"elementor-element elementor-element-57067c6 e-flex e-con-boxed e-con e-child\" data-id=\"57067c6\" data-element_type=\"container\">\n\t\t\t\t\t<div class=\"e-con-inner\">\n\t\t<div class=\"elementor-element elementor-element-594919b e-con-full e-flex e-con e-child\" data-id=\"594919b\" data-element_type=\"container\">\n\t\t<div class=\"elementor-element elementor-element-4d00bb6 e-con-full e-flex e-con e-child\" data-id=\"4d00bb6\" data-element_type=\"container\">\n\t\t\t\t<div class=\"elementor-element elementor-element-7b8fc4c elementor-widget elementor-widget-heading\" data-id=\"7b8fc4c\" data-element_type=\"widget\" data-widget_type=\"heading.default\">\n\t\t\t\t<div class=\"elementor-widget-container\">\n\t\t\t\t\t<h2 class=\"elementor-heading-title elementor-size-default\">Service presentation<\/h2>\t\t\t\t<\/div>\n\t\t\t\t<\/div>\n\t\t\t\t<div class=\"elementor-element elementor-element-f57a218 elementor-widget__width-initial elementor-widget elementor-widget-text-editor\" data-id=\"f57a218\" data-element_type=\"widget\" data-widget_type=\"text-editor.default\">\n\t\t\t\t<div class=\"elementor-widget-container\">\n\t\t\t\t\t\t\t\t\t<p>The Electron Microscopy Service is available for sample observation using <strong>Scanning Electron Microscopy<\/strong> (SEM) and for <strong>microanalysis by Energy Dispersive X-ray Spectroscopy<\/strong> (EDS).<\/p><p>It has the necessary equipment for sample preparation and offers advice to users on both sample preparation and the use of different equipment.<\/p>\t\t\t\t\t\t\t\t<\/div>\n\t\t\t\t<\/div>\n\t\t\t\t<\/div>\n\t\t\t\t<\/div>\n\t\t<div class=\"elementor-element elementor-element-2cf4ed4 e-con-full e-flex e-con e-child\" data-id=\"2cf4ed4\" data-element_type=\"container\">\n\t\t\t\t<div class=\"elementor-element elementor-element-e3ba347 elementor-widget elementor-widget-heading\" data-id=\"e3ba347\" data-element_type=\"widget\" data-widget_type=\"heading.default\">\n\t\t\t\t<div class=\"elementor-widget-container\">\n\t\t\t\t\t<h2 class=\"elementor-heading-title elementor-size-default\">Applications<\/h2>\t\t\t\t<\/div>\n\t\t\t\t<\/div>\n\t\t\t\t<div class=\"elementor-element elementor-element-bae448e elementor-widget__width-initial elementor-widget elementor-widget-text-editor\" data-id=\"bae448e\" data-element_type=\"widget\" data-widget_type=\"text-editor.default\">\n\t\t\t\t<div class=\"elementor-widget-container\">\n\t\t\t\t\t\t\t\t\t<p>SEM observation offers a wide range of possibilities:<\/p><ul><li>Structure and ultrastructure of animal and plant structures and organs.<\/li><li>Identification of mineral composition, synthetic substances, antibiotics, etc.<\/li><li>Texture of organic-origin spicules as well as minerals.<\/li><li>Studies on metal and alloy corrosion.<\/li><li>Others, such as biodeterioration of artworks or forensic studies.<\/li><\/ul><p><br \/>Additionally, elemental microanalysis makes it possible to determine the chemical elements present in different parts of a sample.<\/p><p>Currently, the service is primarily used in the field of taxonomy for observing relevant identifying characters of different organism groups (sponges, polychaetes, macroinvertebrates, etc.). It is also used for other studies related to symbiosis and parasitism.<\/p>\t\t\t\t\t\t\t\t<\/div>\n\t\t\t\t<\/div>\n\t\t\t\t<\/div>\n\t\t<div class=\"elementor-element elementor-element-d3f2c84 e-con-full e-flex e-con e-child\" data-id=\"d3f2c84\" data-element_type=\"container\" data-settings=\"{&quot;background_background&quot;:&quot;slideshow&quot;,&quot;background_slideshow_gallery&quot;:[],&quot;background_slideshow_loop&quot;:&quot;yes&quot;,&quot;background_slideshow_slide_duration&quot;:5000,&quot;background_slideshow_slide_transition&quot;:&quot;fade&quot;,&quot;background_slideshow_transition_duration&quot;:500}\">\n\t\t<div data-dce-background-color=\"#084054\" class=\"elementor-element elementor-element-96cfd0a e-con-full e-flex e-con e-child\" data-id=\"96cfd0a\" data-element_type=\"container\" data-settings=\"{&quot;background_background&quot;:&quot;gradient&quot;}\">\n\t\t\t\t<div class=\"elementor-element elementor-element-ee3c515 elementor-widget elementor-widget-heading\" data-id=\"ee3c515\" data-element_type=\"widget\" data-widget_type=\"heading.default\">\n\t\t\t\t<div class=\"elementor-widget-container\">\n\t\t\t\t\t<h3 class=\"elementor-heading-title elementor-size-default\">Information for users<\/h3>\t\t\t\t<\/div>\n\t\t\t\t<\/div>\n\t\t\t\t<div class=\"elementor-element elementor-element-9c3bd1c elementor-widget elementor-widget-heading\" data-id=\"9c3bd1c\" data-element_type=\"widget\" data-widget_type=\"heading.default\">\n\t\t\t\t<div class=\"elementor-widget-container\">\n\t\t\t\t\t<div class=\"elementor-heading-title elementor-size-default\">The service is <b>available<\/b> to both CEAB and CSIC research staff, as well as to <b>external users<\/b>.<\/div>\t\t\t\t<\/div>\n\t\t\t\t<\/div>\n\t\t\t\t<div class=\"elementor-element elementor-element-6558ea2 elementor-widget elementor-widget-text-editor\" data-id=\"6558ea2\" data-element_type=\"widget\" data-widget_type=\"text-editor.default\">\n\t\t\t\t<div class=\"elementor-widget-container\">\n\t\t\t\t\t\t\t\t\t<p>Internal staff, whether from the centre or temporarily attached to it, also have access to the <span style=\"text-decoration: underline;\"><a href=\"https:\/\/www.ceab.csic.es\/en\/the-ceab\/facilities\/\">other laboratories<\/a><\/span> (without associated service).<\/p>\t\t\t\t\t\t\t\t<\/div>\n\t\t\t\t<\/div>\n\t\t<div class=\"elementor-element elementor-element-f529b61 e-flex e-con-boxed e-con e-child\" data-id=\"f529b61\" data-element_type=\"container\">\n\t\t\t\t\t<div class=\"e-con-inner\">\n\t\t\t\t<div class=\"elementor-element elementor-element-f4338cc elementor-widget elementor-widget-heading\" data-id=\"f4338cc\" data-element_type=\"widget\" data-widget_type=\"heading.default\">\n\t\t\t\t<div class=\"elementor-widget-container\">\n\t\t\t\t\t<h3 class=\"elementor-heading-title elementor-size-default\">Contact<\/h3>\t\t\t\t<\/div>\n\t\t\t\t<\/div>\n\t\t\t\t<div class=\"elementor-element elementor-element-2ba2fa5 elementor-icon-list--layout-traditional elementor-list-item-link-full_width elementor-widget elementor-widget-icon-list\" data-id=\"2ba2fa5\" data-element_type=\"widget\" data-widget_type=\"icon-list.default\">\n\t\t\t\t<div class=\"elementor-widget-container\">\n\t\t\t\t\t\t\t<ul class=\"elementor-icon-list-items\">\n\t\t\t\t\t\t\t<li class=\"elementor-icon-list-item\">\n\t\t\t\t\t\t\t\t\t\t\t<a href=\"mailto:sem@ceab.csic.es\">\n\n\t\t\t\t\t\t\t\t\t\t\t\t<span class=\"elementor-icon-list-icon\">\n\t\t\t\t\t\t\t<i aria-hidden=\"true\" class=\"fas fa-envelope\"><\/i>\t\t\t\t\t\t<\/span>\n\t\t\t\t\t\t\t\t\t\t<span class=\"elementor-icon-list-text\">sem@ceab.csic.es<\/span>\n\t\t\t\t\t\t\t\t\t\t\t<\/a>\n\t\t\t\t\t\t\t\t\t<\/li>\n\t\t\t\t\t\t<\/ul>\n\t\t\t\t\t\t<\/div>\n\t\t\t\t<\/div>\n\t\t\t\t<div class=\"elementor-element elementor-element-4015093 elementor-widget elementor-widget-text-editor\" data-id=\"4015093\" data-element_type=\"widget\" data-widget_type=\"text-editor.default\">\n\t\t\t\t<div class=\"elementor-widget-container\">\n\t\t\t\t\t\t\t\t\t<p>The responsible technician will provide you with the necessary information on service conditions, fees and other specifications.<\/p>\t\t\t\t\t\t\t\t<\/div>\n\t\t\t\t<\/div>\n\t\t\t\t\t<\/div>\n\t\t\t\t<\/div>\n\t\t\t\t<\/div>\n\t\t\t\t<\/div>\n\t\t\t\t\t<\/div>\n\t\t\t\t<\/div>\n\t\t<div class=\"elementor-element elementor-element-d59cf40 e-flex e-con-boxed e-con e-child\" data-id=\"d59cf40\" data-element_type=\"container\">\n\t\t\t\t\t<div class=\"e-con-inner\">\n\t\t<div class=\"elementor-element elementor-element-dc33aa8 e-con-full e-flex e-con e-child\" data-id=\"dc33aa8\" data-element_type=\"container\">\n\t\t<div class=\"elementor-element elementor-element-88f3050 e-con-full e-flex e-con e-child\" data-id=\"88f3050\" data-element_type=\"container\">\n\t\t\t\t<div class=\"elementor-element elementor-element-84f86fa elementor-widget elementor-widget-heading\" data-id=\"84f86fa\" data-element_type=\"widget\" data-widget_type=\"heading.default\">\n\t\t\t\t<div class=\"elementor-widget-container\">\n\t\t\t\t\t<h2 class=\"elementor-heading-title elementor-size-default\">Techniques<\/h2>\t\t\t\t<\/div>\n\t\t\t\t<\/div>\n\t\t\t\t<div class=\"elementor-element elementor-element-f86a5ba elementor-widget__width-initial elementor-widget elementor-widget-text-editor\" data-id=\"f86a5ba\" data-element_type=\"widget\" data-widget_type=\"text-editor.default\">\n\t\t\t\t<div class=\"elementor-widget-container\">\n\t\t\t\t\t\t\t\t\t<p>Biological samples observed in SEM are typically preserved by freezing or fixing substances (formaldehyde, alcohol, etc.) and can have a maximum size of 70 mm in diameter and 50 mm in thickness. They can be observed in medium-vacuum mode if not dehydrated, or in total vacuum mode if completely dehydrated. Dehydration involves a laboratory treatment with hexamethyldisilazane, which completely removes water.<\/p><p>The service also offers:<\/p><ul><li>Sputtering for shading samples with gold powder for better visualisation.<\/li><li>X-ray Microanalyzer with EDS spectrometer for analysing sample chemical composition.<\/li><\/ul>\t\t\t\t\t\t\t\t<\/div>\n\t\t\t\t<\/div>\n\t\t\t\t<\/div>\n\t\t\t\t<\/div>\n\t\t<div class=\"elementor-element elementor-element-0bbd8ce e-con-full e-flex e-con e-child\" data-id=\"0bbd8ce\" data-element_type=\"container\">\n\t\t\t\t<div class=\"elementor-element elementor-element-2db00bb elementor-widget elementor-widget-heading\" data-id=\"2db00bb\" data-element_type=\"widget\" data-widget_type=\"heading.default\">\n\t\t\t\t<div class=\"elementor-widget-container\">\n\t\t\t\t\t<h2 class=\"elementor-heading-title elementor-size-default\">Equipment and features<\/h2>\t\t\t\t<\/div>\n\t\t\t\t<\/div>\n\t\t\t\t<div class=\"elementor-element elementor-element-d88c5df elementor-widget__width-initial elementor-widget elementor-widget-text-editor\" data-id=\"d88c5df\" data-element_type=\"widget\" data-widget_type=\"text-editor.default\">\n\t\t\t\t<div class=\"elementor-widget-container\">\n\t\t\t\t\t\t\t\t\t<p><strong>HITACHI-TECH Scanning Electron Microscope, model TM3000 TABLETOP<br \/><\/strong>Magnifications: 15-30,000x (2x, 4x digital zoom). Acceleration voltage: 5Kv-15Kv-Analysis. Observation mode: standard or with charge reduction. Maximum sample size: 70 mm (diameter). Maximum sample thickness: 50 mm. Image shift: +\/- 50 um (15 kV mode: D = 4.5 mm). Frequency: 50\/60 Hz. Digital image resolution up to 1280 x 960 pixels. HAN cooling sample holder (up to -25\u00b0C). 3D Image Viewer.<\/p><p><strong>X-ray Microanalyzer, BRUKER<br \/><\/strong>Software: QUANTAX70. EDS spectrometer. Qualitative and quantitative analysis.<\/p><p><strong>Sample preparation equipment<br \/><\/strong>Sputtering, QUORUM TECHNOLOGIES Q150R\/S\/E\/ES<\/p>\t\t\t\t\t\t\t\t<\/div>\n\t\t\t\t<\/div>\n\t\t\t\t<\/div>\n\t\t<div class=\"elementor-element elementor-element-9b41228 e-con-full e-flex e-con e-child\" data-id=\"9b41228\" data-element_type=\"container\">\n\t\t\t\t<div class=\"elementor-element elementor-element-1506e89 elementor-arrows-position-outside elementor-widget elementor-widget-image-carousel\" data-id=\"1506e89\" data-element_type=\"widget\" data-settings=\"{&quot;slides_to_show&quot;:&quot;1&quot;,&quot;navigation&quot;:&quot;arrows&quot;,&quot;autoplay&quot;:&quot;no&quot;,&quot;infinite&quot;:&quot;yes&quot;,&quot;effect&quot;:&quot;slide&quot;,&quot;speed&quot;:500}\" data-widget_type=\"image-carousel.default\">\n\t\t\t\t<div class=\"elementor-widget-container\">\n\t\t\t\t\t\t\t<div class=\"elementor-image-carousel-wrapper swiper\" role=\"region\" aria-roledescription=\"carousel\" aria-label=\"Image Carousel\" dir=\"ltr\">\n\t\t\t<div class=\"elementor-image-carousel swiper-wrapper\" aria-live=\"polite\">\n\t\t\t\t\t\t\t\t<div class=\"swiper-slide\" role=\"group\" aria-roledescription=\"slide\" aria-label=\"1 of 4\"><figure class=\"swiper-slide-inner\"><img decoding=\"async\" class=\"swiper-slide-image\" src=\"https:\/\/www.ceab.csic.es\/wp-content\/uploads\/2024\/03\/microscopia-e-1.jpg\" alt=\"Microsc\u00f2pia electr\u00f2nica 1\" \/><\/figure><\/div><div class=\"swiper-slide\" role=\"group\" aria-roledescription=\"slide\" aria-label=\"2 of 4\"><figure class=\"swiper-slide-inner\"><img decoding=\"async\" class=\"swiper-slide-image\" src=\"https:\/\/www.ceab.csic.es\/wp-content\/uploads\/2024\/03\/microscopia-e-2.jpg\" alt=\"Microsc\u00f2pia electr\u00f2nica 2\" \/><\/figure><\/div><div class=\"swiper-slide\" role=\"group\" aria-roledescription=\"slide\" aria-label=\"3 of 4\"><figure class=\"swiper-slide-inner\"><img decoding=\"async\" class=\"swiper-slide-image\" src=\"https:\/\/www.ceab.csic.es\/wp-content\/uploads\/2024\/03\/microscopia-e-3.jpg\" alt=\"Microsc\u00f2pia electr\u00f2nica 3\" \/><\/figure><\/div><div class=\"swiper-slide\" role=\"group\" aria-roledescription=\"slide\" aria-label=\"4 of 4\"><figure class=\"swiper-slide-inner\"><img decoding=\"async\" class=\"swiper-slide-image\" src=\"https:\/\/www.ceab.csic.es\/wp-content\/uploads\/2024\/03\/microscopia-e-4.jpg\" alt=\"Microsc\u00f2pia electr\u00f2nica 4\" \/><\/figure><\/div>\t\t\t<\/div>\n\t\t\t\t\t\t\t\t\t\t\t\t<div class=\"elementor-swiper-button elementor-swiper-button-prev\" role=\"button\" tabindex=\"0\">\n\t\t\t\t\t\t<i aria-hidden=\"true\" class=\"eicon-chevron-left\"><\/i>\t\t\t\t\t<\/div>\n\t\t\t\t\t<div class=\"elementor-swiper-button elementor-swiper-button-next\" role=\"button\" tabindex=\"0\">\n\t\t\t\t\t\t<i aria-hidden=\"true\" class=\"eicon-chevron-right\"><\/i>\t\t\t\t\t<\/div>\n\t\t\t\t\n\t\t\t\t\t\t\t\t\t<\/div>\n\t\t\t\t\t\t<\/div>\n\t\t\t\t<\/div>\n\t\t\t\t<\/div>\n\t\t\t\t\t<\/div>\n\t\t\t\t<\/div>\n\t\t\t\t<\/div>\n\t\t\t\t<\/div>\n\t\t","protected":false},"excerpt":{"rendered":"<p>External services External services Electron microscopy Service presentation The Electron Microscopy Service is available for sample observation using Scanning Electron Microscopy (SEM) and for microanalysis by Energy Dispersive X-ray Spectroscopy (EDS). It has the necessary equipment for sample preparation and offers advice to users on both sample preparation and the use of different equipment. Applications&hellip;&nbsp;<a href=\"https:\/\/www.ceab.csic.es\/en\/external-services\/electron-microscopy\/\" rel=\"bookmark\"><span class=\"screen-reader-text\">Electron microscopy<\/span><\/a><\/p>\n","protected":false},"author":1,"featured_media":0,"parent":12372,"menu_order":0,"comment_status":"closed","ping_status":"closed","template":"page-templates\/template-pagebuilder-full-width.php","meta":{"_acf_changed":false,"neve_meta_sidebar":"","neve_meta_container":"","neve_meta_enable_content_width":"off","neve_meta_content_width":100,"neve_meta_title_alignment":"","neve_meta_author_avatar":"","neve_post_elements_order":"","neve_meta_disable_header":"","neve_meta_disable_footer":"","neve_meta_disable_title":"","footnotes":""},"class_list":["post-12605","page","type-page","status-publish","hentry"],"acf":[],"yoast_head":"<!-- This site is optimized with the Yoast SEO plugin v24.6 - https:\/\/yoast.com\/wordpress\/plugins\/seo\/ -->\n<title>Electron microscopy | CEAB<\/title>\n<meta name=\"description\" content=\"El Servei de Microsc\u00f2pia Electr\u00f2nica est\u00e0 disponible per a l\u2019observaci\u00f3 de mostres al Microscopi Electr\u00f2nic de Rastreig.\" \/>\n<meta name=\"robots\" content=\"index, follow, max-snippet:-1, max-image-preview:large, max-video-preview:-1\" \/>\n<link rel=\"canonical\" href=\"https:\/\/www.ceab.csic.es\/en\/external-services\/electron-microscopy\/\" \/>\n<meta property=\"og:locale\" content=\"en_US\" \/>\n<meta property=\"og:type\" content=\"article\" \/>\n<meta property=\"og:title\" content=\"Electron microscopy | CEAB\" \/>\n<meta property=\"og:description\" content=\"El Servei de Microsc\u00f2pia Electr\u00f2nica est\u00e0 disponible per a l\u2019observaci\u00f3 de mostres al Microscopi Electr\u00f2nic de Rastreig.\" \/>\n<meta property=\"og:url\" content=\"https:\/\/www.ceab.csic.es\/en\/external-services\/electron-microscopy\/\" \/>\n<meta property=\"og:site_name\" content=\"CEAB\" \/>\n<meta property=\"article:modified_time\" content=\"2024-06-14T11:02:24+00:00\" \/>\n<meta property=\"og:image\" content=\"http:\/\/www.ceab.csic.es\/wp-content\/uploads\/2024\/03\/microscopia-e-1.jpg\" \/>\n<meta name=\"twitter:card\" content=\"summary_large_image\" \/>\n<meta name=\"twitter:site\" content=\"@ceabcsic\" \/>\n<meta name=\"twitter:label1\" content=\"Est. reading time\" \/>\n\t<meta name=\"twitter:data1\" content=\"4 minutes\" \/>\n<script type=\"application\/ld+json\" class=\"yoast-schema-graph\">{\"@context\":\"https:\/\/schema.org\",\"@graph\":[{\"@type\":\"WebPage\",\"@id\":\"https:\/\/www.ceab.csic.es\/en\/external-services\/electron-microscopy\/\",\"url\":\"https:\/\/www.ceab.csic.es\/en\/external-services\/electron-microscopy\/\",\"name\":\"Electron microscopy | CEAB\",\"isPartOf\":{\"@id\":\"https:\/\/www.ceab.csic.es\/en\/#website\"},\"primaryImageOfPage\":{\"@id\":\"https:\/\/www.ceab.csic.es\/en\/external-services\/electron-microscopy\/#primaryimage\"},\"image\":{\"@id\":\"https:\/\/www.ceab.csic.es\/en\/external-services\/electron-microscopy\/#primaryimage\"},\"thumbnailUrl\":\"http:\/\/www.ceab.csic.es\/wp-content\/uploads\/2024\/03\/microscopia-e-1.jpg\",\"datePublished\":\"2024-03-25T11:07:59+00:00\",\"dateModified\":\"2024-06-14T11:02:24+00:00\",\"description\":\"El Servei de Microsc\u00f2pia Electr\u00f2nica est\u00e0 disponible per a l\u2019observaci\u00f3 de mostres al Microscopi Electr\u00f2nic de Rastreig.\",\"breadcrumb\":{\"@id\":\"https:\/\/www.ceab.csic.es\/en\/external-services\/electron-microscopy\/#breadcrumb\"},\"inLanguage\":\"en-US\",\"potentialAction\":[{\"@type\":\"ReadAction\",\"target\":[\"https:\/\/www.ceab.csic.es\/en\/external-services\/electron-microscopy\/\"]}]},{\"@type\":\"ImageObject\",\"inLanguage\":\"en-US\",\"@id\":\"https:\/\/www.ceab.csic.es\/en\/external-services\/electron-microscopy\/#primaryimage\",\"url\":\"http:\/\/www.ceab.csic.es\/wp-content\/uploads\/2024\/03\/microscopia-e-1.jpg\",\"contentUrl\":\"http:\/\/www.ceab.csic.es\/wp-content\/uploads\/2024\/03\/microscopia-e-1.jpg\"},{\"@type\":\"BreadcrumbList\",\"@id\":\"https:\/\/www.ceab.csic.es\/en\/external-services\/electron-microscopy\/#breadcrumb\",\"itemListElement\":[{\"@type\":\"ListItem\",\"position\":1,\"name\":\"Inici\",\"item\":\"https:\/\/www.ceab.csic.es\/en\/\"},{\"@type\":\"ListItem\",\"position\":2,\"name\":\"External services\",\"item\":\"https:\/\/www.ceab.csic.es\/en\/external-services\/\"},{\"@type\":\"ListItem\",\"position\":3,\"name\":\"Electron microscopy\"}]},{\"@type\":\"WebSite\",\"@id\":\"https:\/\/www.ceab.csic.es\/en\/#website\",\"url\":\"https:\/\/www.ceab.csic.es\/en\/\",\"name\":\"CEAB\",\"description\":\"Centre Estudis Avan\u00e7ats de Blanes\",\"alternateName\":\"CEAB\",\"potentialAction\":[{\"@type\":\"SearchAction\",\"target\":{\"@type\":\"EntryPoint\",\"urlTemplate\":\"https:\/\/www.ceab.csic.es\/en\/?s={search_term_string}\"},\"query-input\":{\"@type\":\"PropertyValueSpecification\",\"valueRequired\":true,\"valueName\":\"search_term_string\"}}],\"inLanguage\":\"en-US\"}]}<\/script>\n<!-- \/ Yoast SEO plugin. -->","yoast_head_json":{"title":"Electron microscopy | CEAB","description":"El Servei de Microsc\u00f2pia Electr\u00f2nica est\u00e0 disponible per a l\u2019observaci\u00f3 de mostres al Microscopi Electr\u00f2nic de Rastreig.","robots":{"index":"index","follow":"follow","max-snippet":"max-snippet:-1","max-image-preview":"max-image-preview:large","max-video-preview":"max-video-preview:-1"},"canonical":"https:\/\/www.ceab.csic.es\/en\/external-services\/electron-microscopy\/","og_locale":"en_US","og_type":"article","og_title":"Electron microscopy | CEAB","og_description":"El Servei de Microsc\u00f2pia Electr\u00f2nica est\u00e0 disponible per a l\u2019observaci\u00f3 de mostres al Microscopi Electr\u00f2nic de Rastreig.","og_url":"https:\/\/www.ceab.csic.es\/en\/external-services\/electron-microscopy\/","og_site_name":"CEAB","article_modified_time":"2024-06-14T11:02:24+00:00","og_image":[{"url":"http:\/\/www.ceab.csic.es\/wp-content\/uploads\/2024\/03\/microscopia-e-1.jpg","type":"","width":"","height":""}],"twitter_card":"summary_large_image","twitter_site":"@ceabcsic","twitter_misc":{"Est. reading time":"4 minutes"},"schema":{"@context":"https:\/\/schema.org","@graph":[{"@type":"WebPage","@id":"https:\/\/www.ceab.csic.es\/en\/external-services\/electron-microscopy\/","url":"https:\/\/www.ceab.csic.es\/en\/external-services\/electron-microscopy\/","name":"Electron microscopy | CEAB","isPartOf":{"@id":"https:\/\/www.ceab.csic.es\/en\/#website"},"primaryImageOfPage":{"@id":"https:\/\/www.ceab.csic.es\/en\/external-services\/electron-microscopy\/#primaryimage"},"image":{"@id":"https:\/\/www.ceab.csic.es\/en\/external-services\/electron-microscopy\/#primaryimage"},"thumbnailUrl":"http:\/\/www.ceab.csic.es\/wp-content\/uploads\/2024\/03\/microscopia-e-1.jpg","datePublished":"2024-03-25T11:07:59+00:00","dateModified":"2024-06-14T11:02:24+00:00","description":"El Servei de Microsc\u00f2pia Electr\u00f2nica est\u00e0 disponible per a l\u2019observaci\u00f3 de mostres al Microscopi Electr\u00f2nic de Rastreig.","breadcrumb":{"@id":"https:\/\/www.ceab.csic.es\/en\/external-services\/electron-microscopy\/#breadcrumb"},"inLanguage":"en-US","potentialAction":[{"@type":"ReadAction","target":["https:\/\/www.ceab.csic.es\/en\/external-services\/electron-microscopy\/"]}]},{"@type":"ImageObject","inLanguage":"en-US","@id":"https:\/\/www.ceab.csic.es\/en\/external-services\/electron-microscopy\/#primaryimage","url":"http:\/\/www.ceab.csic.es\/wp-content\/uploads\/2024\/03\/microscopia-e-1.jpg","contentUrl":"http:\/\/www.ceab.csic.es\/wp-content\/uploads\/2024\/03\/microscopia-e-1.jpg"},{"@type":"BreadcrumbList","@id":"https:\/\/www.ceab.csic.es\/en\/external-services\/electron-microscopy\/#breadcrumb","itemListElement":[{"@type":"ListItem","position":1,"name":"Inici","item":"https:\/\/www.ceab.csic.es\/en\/"},{"@type":"ListItem","position":2,"name":"External services","item":"https:\/\/www.ceab.csic.es\/en\/external-services\/"},{"@type":"ListItem","position":3,"name":"Electron microscopy"}]},{"@type":"WebSite","@id":"https:\/\/www.ceab.csic.es\/en\/#website","url":"https:\/\/www.ceab.csic.es\/en\/","name":"CEAB","description":"Centre Estudis Avan\u00e7ats de Blanes","alternateName":"CEAB","potentialAction":[{"@type":"SearchAction","target":{"@type":"EntryPoint","urlTemplate":"https:\/\/www.ceab.csic.es\/en\/?s={search_term_string}"},"query-input":{"@type":"PropertyValueSpecification","valueRequired":true,"valueName":"search_term_string"}}],"inLanguage":"en-US"}]}},"_links":{"self":[{"href":"https:\/\/www.ceab.csic.es\/en\/wp-json\/wp\/v2\/pages\/12605","targetHints":{"allow":["GET"]}}],"collection":[{"href":"https:\/\/www.ceab.csic.es\/en\/wp-json\/wp\/v2\/pages"}],"about":[{"href":"https:\/\/www.ceab.csic.es\/en\/wp-json\/wp\/v2\/types\/page"}],"author":[{"embeddable":true,"href":"https:\/\/www.ceab.csic.es\/en\/wp-json\/wp\/v2\/users\/1"}],"replies":[{"embeddable":true,"href":"https:\/\/www.ceab.csic.es\/en\/wp-json\/wp\/v2\/comments?post=12605"}],"version-history":[{"count":4,"href":"https:\/\/www.ceab.csic.es\/en\/wp-json\/wp\/v2\/pages\/12605\/revisions"}],"predecessor-version":[{"id":12618,"href":"https:\/\/www.ceab.csic.es\/en\/wp-json\/wp\/v2\/pages\/12605\/revisions\/12618"}],"up":[{"embeddable":true,"href":"https:\/\/www.ceab.csic.es\/en\/wp-json\/wp\/v2\/pages\/12372"}],"wp:attachment":[{"href":"https:\/\/www.ceab.csic.es\/en\/wp-json\/wp\/v2\/media?parent=12605"}],"curies":[{"name":"wp","href":"https:\/\/api.w.org\/{rel}","templated":true}]}}