{"id":13640,"date":"2024-09-18T12:43:27","date_gmt":"2024-09-18T10:43:27","guid":{"rendered":"https:\/\/www.ceab.csic.es\/external-services\/analisi-de-pigments\/"},"modified":"2024-09-24T10:40:46","modified_gmt":"2024-09-24T08:40:46","slug":"pigment-analysis","status":"publish","type":"page","link":"https:\/\/www.ceab.csic.es\/en\/external-services\/pigment-analysis\/","title":{"rendered":"Pigment analysis"},"content":{"rendered":"\t\t<div data-elementor-type=\"wp-page\" data-elementor-id=\"13640\" class=\"elementor elementor-13640 elementor-13542\" data-elementor-post-type=\"page\">\n\t\t\t\t<div data-dce-background-image-url=\"https:\/\/www.ceab.csic.es\/wp-content\/uploads\/2024\/09\/s-ext-a-pigments.jpg\" class=\"elementor-element elementor-element-9c20423 e-con-full e-flex e-con e-parent\" data-id=\"9c20423\" data-element_type=\"container\" data-settings=\"{&quot;background_background&quot;:&quot;classic&quot;}\">\n\t\t\t\t<div class=\"elementor-element elementor-element-62d016e elementor-widget-mobile__width-initial elementor-widget elementor-widget-button\" data-id=\"62d016e\" data-element_type=\"widget\" data-widget_type=\"button.default\">\n\t\t\t\t<div class=\"elementor-widget-container\">\n\t\t\t\t\t\t\t\t\t<div class=\"elementor-button-wrapper\">\n\t\t\t\t\t<a class=\"elementor-button elementor-button-link elementor-size-sm\" href=\"https:\/\/www.ceab.csic.es\/en\/external-services\/\">\n\t\t\t\t\t\t<span class=\"elementor-button-content-wrapper\">\n\t\t\t\t\t\t<span class=\"elementor-button-icon\">\n\t\t\t\t<i aria-hidden=\"true\" class=\"fas fa-angle-double-left\"><\/i>\t\t\t<\/span>\n\t\t\t\t\t\t\t\t\t<span class=\"elementor-button-text\">External services<\/span>\n\t\t\t\t\t<\/span>\n\t\t\t\t\t<\/a>\n\t\t\t\t<\/div>\n\t\t\t\t\t\t\t\t<\/div>\n\t\t\t\t<\/div>\n\t\t<div class=\"elementor-element elementor-element-579fb55 e-con-full e-flex e-con e-child\" data-id=\"579fb55\" data-element_type=\"container\">\n\t\t<div class=\"elementor-element elementor-element-2ad0763 e-con-full e-flex e-con e-child\" data-id=\"2ad0763\" data-element_type=\"container\">\n\t\t\t\t<div class=\"elementor-element elementor-element-070892f animated-slow elementor-invisible elementor-widget elementor-widget-qi_addons_for_elementor_animated_text\" data-id=\"070892f\" data-element_type=\"widget\" data-settings=\"{&quot;_animation&quot;:&quot;fadeIn&quot;}\" data-widget_type=\"qi_addons_for_elementor_animated_text.default\">\n\t\t\t\t<div class=\"elementor-widget-container\">\n\t\t\t\t\t<div class=\"qodef-shortcode qodef-m qodef-qi-animated-text qodef--animated-by-letter qodef-qi--has-appear qodef--appear-from-bottom\" data-appear-delay=\"200\">\n\t\t<p class=\"qodef-m-title\">\n\t\t<span class=\"qodef-e-word-holder\">External<\/span> <span class=\"qodef-e-word-holder\">services<\/span>\t<\/p>\n<\/div>\n\t\t\t\t<\/div>\n\t\t\t\t<\/div>\n\t\t\t\t<div class=\"elementor-element elementor-element-d48789f animated-slow elementor-invisible elementor-widget elementor-widget-qi_addons_for_elementor_animated_text\" data-id=\"d48789f\" data-element_type=\"widget\" data-settings=\"{&quot;_animation&quot;:&quot;fadeIn&quot;}\" data-widget_type=\"qi_addons_for_elementor_animated_text.default\">\n\t\t\t\t<div class=\"elementor-widget-container\">\n\t\t\t\t\t<div class=\"qodef-shortcode qodef-m qodef-qi-animated-text qodef--animated-by-letter qodef-qi--has-appear qodef--appear-from-bottom\" data-appear-delay=\"200\">\n\t\t<h1 class=\"qodef-m-title\">\n\t\t<span class=\"qodef-e-word-holder\">Pigment<\/span> <span class=\"qodef-e-word-holder\">analysis<\/span>\t<\/h1>\n<\/div>\n\t\t\t\t<\/div>\n\t\t\t\t<\/div>\n\t\t\t\t<\/div>\n\t\t\t\t<\/div>\n\t\t\t\t<\/div>\n\t\t<div class=\"elementor-element elementor-element-d396c58 e-flex e-con-boxed e-con e-child\" data-id=\"d396c58\" data-element_type=\"container\">\n\t\t\t\t\t<div class=\"e-con-inner\">\n\t\t<div class=\"elementor-element elementor-element-8d189e1 e-con-full e-flex e-con e-child\" data-id=\"8d189e1\" data-element_type=\"container\">\n\t\t<div class=\"elementor-element elementor-element-7bcfde4 e-con-full e-flex e-con e-child\" data-id=\"7bcfde4\" data-element_type=\"container\">\n\t\t\t\t<div class=\"elementor-element elementor-element-894157a elementor-widget elementor-widget-heading\" data-id=\"894157a\" data-element_type=\"widget\" data-widget_type=\"heading.default\">\n\t\t\t\t<div class=\"elementor-widget-container\">\n\t\t\t\t\t<h2 class=\"elementor-heading-title elementor-size-default\">Service presentation<\/h2>\t\t\t\t<\/div>\n\t\t\t\t<\/div>\n\t\t\t\t<div class=\"elementor-element elementor-element-84b4fa6 elementor-widget__width-initial elementor-widget elementor-widget-text-editor\" data-id=\"84b4fa6\" data-element_type=\"widget\" data-widget_type=\"text-editor.default\">\n\t\t\t\t<div class=\"elementor-widget-container\">\n\t\t\t\t\t\t\t\t\t<p>The <strong>Ultra High Performance Liquid Chromatography<\/strong> (UHPLC) service is primarily used for <strong>analysing various sources of organic liposoluble pigments<\/strong>: water column samples, biofilms and sediments. However, the facility can potentially be used for many other applications, upon demand.<\/p>\t\t\t\t\t\t\t\t<\/div>\n\t\t\t\t<\/div>\n\t\t\t\t<\/div>\n\t\t<div class=\"elementor-element elementor-element-a7dc6d7 e-con-full e-flex e-con e-child\" data-id=\"a7dc6d7\" data-element_type=\"container\">\n\t\t\t\t<div class=\"elementor-element elementor-element-1cc6f99 elementor-widget elementor-widget-heading\" data-id=\"1cc6f99\" data-element_type=\"widget\" data-widget_type=\"heading.default\">\n\t\t\t\t<div class=\"elementor-widget-container\">\n\t\t\t\t\t<h2 class=\"elementor-heading-title elementor-size-default\">Techniques<\/h2>\t\t\t\t<\/div>\n\t\t\t\t<\/div>\n\t\t\t\t<div class=\"elementor-element elementor-element-0d54342 elementor-widget__width-initial elementor-widget elementor-widget-text-editor\" data-id=\"0d54342\" data-element_type=\"widget\" data-widget_type=\"text-editor.default\">\n\t\t\t\t<div class=\"elementor-widget-container\">\n\t\t\t\t\t\t\t\t\t<p>UHPLC is a separative analytical technique which, following the same principles as HPLC (High Performance Liquid Chromatography), significantly reduces analysis time without sacrificing sensitivity and resolution.<\/p>\t\t\t\t\t\t\t\t<\/div>\n\t\t\t\t<\/div>\n\t\t\t\t<\/div>\n\t\t\t\t<\/div>\n\t\t<div class=\"elementor-element elementor-element-21f7548 e-con-full e-flex e-con e-child\" data-id=\"21f7548\" data-element_type=\"container\">\n\t\t<div class=\"elementor-element elementor-element-e344bcf e-con-full e-flex e-con e-child\" data-id=\"e344bcf\" data-element_type=\"container\">\n\t\t\t\t<div class=\"elementor-element elementor-element-9c8ec89 elementor-widget elementor-widget-heading\" data-id=\"9c8ec89\" data-element_type=\"widget\" data-widget_type=\"heading.default\">\n\t\t\t\t<div class=\"elementor-widget-container\">\n\t\t\t\t\t<h2 class=\"elementor-heading-title elementor-size-default\">Equipment and features<\/h2>\t\t\t\t<\/div>\n\t\t\t\t<\/div>\n\t\t\t\t<div class=\"elementor-element elementor-element-8c6ebba elementor-widget__width-initial elementor-widget elementor-widget-text-editor\" data-id=\"8c6ebba\" data-element_type=\"widget\" data-widget_type=\"text-editor.default\">\n\t\t\t\t<div class=\"elementor-widget-container\">\n\t\t\t\t\t\t\t\t\t<p>ACQUITY ULTRA PERFORMANCE LC System (Waters Corporation, USA) with PDA and Fluorescence detectors, along with a sample concentrator.<\/p>\t\t\t\t\t\t\t\t<\/div>\n\t\t\t\t<\/div>\n\t\t\t\t<\/div>\n\t\t<div class=\"elementor-element elementor-element-5b317bb e-con-full e-flex e-con e-child\" data-id=\"5b317bb\" data-element_type=\"container\">\n\t\t\t\t<div class=\"elementor-element elementor-element-f862b97 elementor-widget elementor-widget-heading\" data-id=\"f862b97\" data-element_type=\"widget\" data-widget_type=\"heading.default\">\n\t\t\t\t<div class=\"elementor-widget-container\">\n\t\t\t\t\t<h2 class=\"elementor-heading-title elementor-size-default\">Applications<\/h2>\t\t\t\t<\/div>\n\t\t\t\t<\/div>\n\t\t\t\t<div class=\"elementor-element elementor-element-45e27fe elementor-widget__width-initial elementor-widget elementor-widget-text-editor\" data-id=\"45e27fe\" data-element_type=\"widget\" data-widget_type=\"text-editor.default\">\n\t\t\t\t<div class=\"elementor-widget-container\">\n\t\t\t\t\t\t\t\t\t<p>Liposoluble pigment analysis is currently routinely performed for studies on seasonal dynamics of phytoplankton, characterisation of phytoplankton and biofilm communities, or paleoecological studies.<\/p><p>However, the equipment and techniques of the service could potentially be used in many other applications, upon demand, in fields such as environmental sciences, ecology, pharmacology, biomedical research, forensic chemistry, antidoping, the chemical industry and the food industry.<\/p>\t\t\t\t\t\t\t\t<\/div>\n\t\t\t\t<\/div>\n\t\t\t\t<\/div>\n\t\t\t\t<\/div>\n\t\t<div class=\"elementor-element elementor-element-b8f84bc e-con-full e-flex e-con e-child\" data-id=\"b8f84bc\" data-element_type=\"container\" data-settings=\"{&quot;background_background&quot;:&quot;slideshow&quot;,&quot;background_slideshow_gallery&quot;:[],&quot;background_slideshow_loop&quot;:&quot;yes&quot;,&quot;background_slideshow_slide_duration&quot;:5000,&quot;background_slideshow_slide_transition&quot;:&quot;fade&quot;,&quot;background_slideshow_transition_duration&quot;:500}\">\n\t\t<div data-dce-background-color=\"#084054\" class=\"elementor-element elementor-element-cd08186 e-con-full e-flex e-con e-child\" data-id=\"cd08186\" data-element_type=\"container\" data-settings=\"{&quot;background_background&quot;:&quot;gradient&quot;}\">\n\t\t\t\t<div class=\"elementor-element elementor-element-e14f9d8 elementor-widget elementor-widget-heading\" data-id=\"e14f9d8\" data-element_type=\"widget\" data-widget_type=\"heading.default\">\n\t\t\t\t<div class=\"elementor-widget-container\">\n\t\t\t\t\t<h3 class=\"elementor-heading-title elementor-size-default\">Information for users<\/h3>\t\t\t\t<\/div>\n\t\t\t\t<\/div>\n\t\t\t\t<div class=\"elementor-element elementor-element-ce1057c elementor-widget elementor-widget-heading\" data-id=\"ce1057c\" data-element_type=\"widget\" data-widget_type=\"heading.default\">\n\t\t\t\t<div class=\"elementor-widget-container\">\n\t\t\t\t\t<div class=\"elementor-heading-title elementor-size-default\">The service is <b>available<\/b> to all researchers from the CEAB and the Spanish National Research Council (CSIC), as well as to <b>researchers from other institutions and private companies.<\/b><\/div>\t\t\t\t<\/div>\n\t\t\t\t<\/div>\n\t\t\t\t<div class=\"elementor-element elementor-element-929dd16 elementor-widget elementor-widget-text-editor\" data-id=\"929dd16\" data-element_type=\"widget\" data-widget_type=\"text-editor.default\">\n\t\t\t\t<div class=\"elementor-widget-container\">\n\t\t\t\t\t\t\t\t\t<p>Internal staff, whether from the centre or temporarily attached to it, also have access to the <a href=\"https:\/\/www.ceab.csic.es\/en\/the-ceab\/facilities\/\"><span style=\"text-decoration: underline;\">other laboratories<\/span><\/a> (without associated service).<\/p>\t\t\t\t\t\t\t\t<\/div>\n\t\t\t\t<\/div>\n\t\t<div class=\"elementor-element elementor-element-2af032c e-flex e-con-boxed e-con e-child\" data-id=\"2af032c\" data-element_type=\"container\">\n\t\t\t\t\t<div class=\"e-con-inner\">\n\t\t\t\t<div class=\"elementor-element elementor-element-a399043 elementor-widget elementor-widget-heading\" data-id=\"a399043\" data-element_type=\"widget\" data-widget_type=\"heading.default\">\n\t\t\t\t<div class=\"elementor-widget-container\">\n\t\t\t\t\t<h3 class=\"elementor-heading-title elementor-size-default\">Contact<\/h3>\t\t\t\t<\/div>\n\t\t\t\t<\/div>\n\t\t\t\t<div class=\"elementor-element elementor-element-243c9f5 elementor-icon-list--layout-traditional elementor-list-item-link-full_width elementor-widget elementor-widget-icon-list\" data-id=\"243c9f5\" data-element_type=\"widget\" data-widget_type=\"icon-list.default\">\n\t\t\t\t<div class=\"elementor-widget-container\">\n\t\t\t\t\t\t\t<ul class=\"elementor-icon-list-items\">\n\t\t\t\t\t\t\t<li class=\"elementor-icon-list-item\">\n\t\t\t\t\t\t\t\t\t\t\t<a href=\"mailto:pigments@ceab.csic.es\">\n\n\t\t\t\t\t\t\t\t\t\t\t\t<span class=\"elementor-icon-list-icon\">\n\t\t\t\t\t\t\t<i aria-hidden=\"true\" class=\"fas fa-envelope\"><\/i>\t\t\t\t\t\t<\/span>\n\t\t\t\t\t\t\t\t\t\t<span class=\"elementor-icon-list-text\">pigments@ceab.csic.es<\/span>\n\t\t\t\t\t\t\t\t\t\t\t<\/a>\n\t\t\t\t\t\t\t\t\t<\/li>\n\t\t\t\t\t\t<\/ul>\n\t\t\t\t\t\t<\/div>\n\t\t\t\t<\/div>\n\t\t\t\t<div class=\"elementor-element elementor-element-b09db06 elementor-widget elementor-widget-text-editor\" data-id=\"b09db06\" data-element_type=\"widget\" data-widget_type=\"text-editor.default\">\n\t\t\t\t<div class=\"elementor-widget-container\">\n\t\t\t\t\t\t\t\t\t<p>The responsible technician will provide you with the necessary information on service conditions, fees and other specifications..<\/p>\t\t\t\t\t\t\t\t<\/div>\n\t\t\t\t<\/div>\n\t\t\t\t\t<\/div>\n\t\t\t\t<\/div>\n\t\t\t\t<\/div>\n\t\t\t\t<\/div>\n\t\t\t\t\t<\/div>\n\t\t\t\t<\/div>\n\t\t<div class=\"elementor-element elementor-element-dfd9955 e-flex e-con-boxed e-con e-child\" data-id=\"dfd9955\" data-element_type=\"container\">\n\t\t\t\t\t<div class=\"e-con-inner\">\n\t\t<div class=\"elementor-element elementor-element-b977116 e-con-full e-flex e-con e-child\" data-id=\"b977116\" data-element_type=\"container\" data-settings=\"{&quot;background_background&quot;:&quot;slideshow&quot;,&quot;background_slideshow_gallery&quot;:[],&quot;background_slideshow_loop&quot;:&quot;yes&quot;,&quot;background_slideshow_slide_duration&quot;:5000,&quot;background_slideshow_slide_transition&quot;:&quot;fade&quot;,&quot;background_slideshow_transition_duration&quot;:500}\">\n\t\t\t\t<div class=\"elementor-element elementor-element-4b8bcc5 elementor-arrows-position-outside elementor-widget elementor-widget-image-carousel\" data-id=\"4b8bcc5\" data-element_type=\"widget\" data-settings=\"{&quot;slides_to_show&quot;:&quot;4&quot;,&quot;navigation&quot;:&quot;arrows&quot;,&quot;autoplay&quot;:&quot;no&quot;,&quot;image_spacing_custom&quot;:{&quot;unit&quot;:&quot;px&quot;,&quot;size&quot;:5,&quot;sizes&quot;:[]},&quot;infinite&quot;:&quot;yes&quot;,&quot;speed&quot;:500,&quot;image_spacing_custom_laptop&quot;:{&quot;unit&quot;:&quot;px&quot;,&quot;size&quot;:&quot;&quot;,&quot;sizes&quot;:[]},&quot;image_spacing_custom_tablet&quot;:{&quot;unit&quot;:&quot;px&quot;,&quot;size&quot;:&quot;&quot;,&quot;sizes&quot;:[]},&quot;image_spacing_custom_mobile&quot;:{&quot;unit&quot;:&quot;px&quot;,&quot;size&quot;:&quot;&quot;,&quot;sizes&quot;:[]}}\" data-widget_type=\"image-carousel.default\">\n\t\t\t\t<div class=\"elementor-widget-container\">\n\t\t\t\t\t\t\t<div class=\"elementor-image-carousel-wrapper swiper\" role=\"region\" aria-roledescription=\"carousel\" aria-label=\"Image Carousel\" dir=\"ltr\">\n\t\t\t<div class=\"elementor-image-carousel swiper-wrapper\" aria-live=\"polite\">\n\t\t\t\t\t\t\t\t<div class=\"swiper-slide\" role=\"group\" aria-roledescription=\"slide\" aria-label=\"1 of 6\"><figure class=\"swiper-slide-inner\"><img decoding=\"async\" class=\"swiper-slide-image\" src=\"https:\/\/www.ceab.csic.es\/wp-content\/uploads\/2024\/03\/a-pigments-1.jpg\" alt=\"An\u00e0lisi de pigments 1\" \/><\/figure><\/div><div class=\"swiper-slide\" role=\"group\" aria-roledescription=\"slide\" aria-label=\"2 of 6\"><figure class=\"swiper-slide-inner\"><img decoding=\"async\" class=\"swiper-slide-image\" src=\"https:\/\/www.ceab.csic.es\/wp-content\/uploads\/2024\/03\/a-pigments-2.jpg\" alt=\"An\u00e0lisi de pigments 2\" \/><\/figure><\/div><div class=\"swiper-slide\" role=\"group\" aria-roledescription=\"slide\" aria-label=\"3 of 6\"><figure class=\"swiper-slide-inner\"><img decoding=\"async\" class=\"swiper-slide-image\" src=\"https:\/\/www.ceab.csic.es\/wp-content\/uploads\/2024\/03\/a-pigments-3.jpg\" alt=\"An\u00e0lisi de pigments 3\" \/><\/figure><\/div><div class=\"swiper-slide\" role=\"group\" aria-roledescription=\"slide\" aria-label=\"4 of 6\"><figure class=\"swiper-slide-inner\"><img decoding=\"async\" class=\"swiper-slide-image\" src=\"https:\/\/www.ceab.csic.es\/wp-content\/uploads\/2024\/03\/a-pigments-4.jpg\" alt=\"An\u00e0lisi de pigments 4\" \/><\/figure><\/div><div class=\"swiper-slide\" role=\"group\" aria-roledescription=\"slide\" aria-label=\"5 of 6\"><figure class=\"swiper-slide-inner\"><img decoding=\"async\" class=\"swiper-slide-image\" src=\"https:\/\/www.ceab.csic.es\/wp-content\/uploads\/2024\/03\/a-pigments-5.jpg\" alt=\"An\u00e0lisi de pigments 5\" \/><\/figure><\/div><div class=\"swiper-slide\" role=\"group\" aria-roledescription=\"slide\" aria-label=\"6 of 6\"><figure class=\"swiper-slide-inner\"><img decoding=\"async\" class=\"swiper-slide-image\" src=\"https:\/\/www.ceab.csic.es\/wp-content\/uploads\/2024\/03\/a-pigments-6.jpg\" alt=\"An\u00e0lisi de pigments 6\" \/><\/figure><\/div>\t\t\t<\/div>\n\t\t\t\t\t\t\t\t\t\t\t\t<div class=\"elementor-swiper-button elementor-swiper-button-prev\" role=\"button\" tabindex=\"0\">\n\t\t\t\t\t\t<i aria-hidden=\"true\" class=\"eicon-chevron-left\"><\/i>\t\t\t\t\t<\/div>\n\t\t\t\t\t<div class=\"elementor-swiper-button elementor-swiper-button-next\" role=\"button\" tabindex=\"0\">\n\t\t\t\t\t\t<i aria-hidden=\"true\" class=\"eicon-chevron-right\"><\/i>\t\t\t\t\t<\/div>\n\t\t\t\t\n\t\t\t\t\t\t\t\t\t<\/div>\n\t\t\t\t\t\t<\/div>\n\t\t\t\t<\/div>\n\t\t\t\t<\/div>\n\t\t\t\t\t<\/div>\n\t\t\t\t<\/div>\n\t\t\t\t<\/div>\n\t\t","protected":false},"excerpt":{"rendered":"<p>External services External services Pigment analysis Service presentation The Ultra High Performance Liquid Chromatography (UHPLC) service is primarily used for analysing various sources of organic liposoluble pigments: water column samples, biofilms and sediments. However, the facility can potentially be used for many other applications, upon demand. Techniques UHPLC is a separative analytical technique which, following&hellip;&nbsp;<a href=\"https:\/\/www.ceab.csic.es\/en\/external-services\/pigment-analysis\/\" rel=\"bookmark\"><span class=\"screen-reader-text\">Pigment analysis<\/span><\/a><\/p>\n","protected":false},"author":1,"featured_media":0,"parent":12372,"menu_order":0,"comment_status":"closed","ping_status":"closed","template":"page-templates\/template-pagebuilder-full-width.php","meta":{"_acf_changed":false,"neve_meta_sidebar":"","neve_meta_container":"","neve_meta_enable_content_width":"off","neve_meta_content_width":100,"neve_meta_title_alignment":"","neve_meta_author_avatar":"","neve_post_elements_order":"","neve_meta_disable_header":"","neve_meta_disable_footer":"","neve_meta_disable_title":"","footnotes":""},"class_list":["post-13640","page","type-page","status-publish","hentry"],"acf":[],"yoast_head":"<!-- This site is optimized with the Yoast SEO plugin v24.6 - https:\/\/yoast.com\/wordpress\/plugins\/seo\/ -->\n<title>Pigment analysis | CEAB<\/title>\n<meta name=\"description\" content=\"Els m\u00e8todes anal\u00edtics utilitzats estan contrastats cient\u00edficament i comprovats per certificacions internacionals com ISO, AOAC, BATF, etc.\" \/>\n<meta name=\"robots\" content=\"index, follow, max-snippet:-1, max-image-preview:large, max-video-preview:-1\" \/>\n<link rel=\"canonical\" href=\"https:\/\/www.ceab.csic.es\/en\/external-services\/pigment-analysis\/\" \/>\n<meta property=\"og:locale\" content=\"en_US\" \/>\n<meta property=\"og:type\" content=\"article\" \/>\n<meta property=\"og:title\" content=\"Pigment analysis | CEAB\" \/>\n<meta property=\"og:description\" content=\"Els m\u00e8todes anal\u00edtics utilitzats estan contrastats cient\u00edficament i comprovats per certificacions internacionals com ISO, AOAC, BATF, etc.\" \/>\n<meta property=\"og:url\" content=\"https:\/\/www.ceab.csic.es\/en\/external-services\/pigment-analysis\/\" \/>\n<meta property=\"og:site_name\" content=\"CEAB\" \/>\n<meta property=\"article:modified_time\" content=\"2024-09-24T08:40:46+00:00\" \/>\n<meta property=\"og:image\" content=\"https:\/\/www.ceab.csic.es\/wp-content\/uploads\/2024\/03\/a-pigments-1.jpg\" \/>\n<meta name=\"twitter:card\" content=\"summary_large_image\" \/>\n<meta name=\"twitter:site\" content=\"@ceabcsic\" \/>\n<meta name=\"twitter:label1\" content=\"Est. reading time\" \/>\n\t<meta name=\"twitter:data1\" content=\"4 minutes\" \/>\n<script type=\"application\/ld+json\" class=\"yoast-schema-graph\">{\"@context\":\"https:\/\/schema.org\",\"@graph\":[{\"@type\":\"WebPage\",\"@id\":\"https:\/\/www.ceab.csic.es\/en\/external-services\/pigment-analysis\/\",\"url\":\"https:\/\/www.ceab.csic.es\/en\/external-services\/pigment-analysis\/\",\"name\":\"Pigment analysis | CEAB\",\"isPartOf\":{\"@id\":\"https:\/\/www.ceab.csic.es\/en\/#website\"},\"primaryImageOfPage\":{\"@id\":\"https:\/\/www.ceab.csic.es\/en\/external-services\/pigment-analysis\/#primaryimage\"},\"image\":{\"@id\":\"https:\/\/www.ceab.csic.es\/en\/external-services\/pigment-analysis\/#primaryimage\"},\"thumbnailUrl\":\"https:\/\/www.ceab.csic.es\/wp-content\/uploads\/2024\/03\/a-pigments-1.jpg\",\"datePublished\":\"2024-09-18T10:43:27+00:00\",\"dateModified\":\"2024-09-24T08:40:46+00:00\",\"description\":\"Els m\u00e8todes anal\u00edtics utilitzats estan contrastats cient\u00edficament i comprovats per certificacions internacionals com ISO, AOAC, BATF, etc.\",\"breadcrumb\":{\"@id\":\"https:\/\/www.ceab.csic.es\/en\/external-services\/pigment-analysis\/#breadcrumb\"},\"inLanguage\":\"en-US\",\"potentialAction\":[{\"@type\":\"ReadAction\",\"target\":[\"https:\/\/www.ceab.csic.es\/en\/external-services\/pigment-analysis\/\"]}]},{\"@type\":\"ImageObject\",\"inLanguage\":\"en-US\",\"@id\":\"https:\/\/www.ceab.csic.es\/en\/external-services\/pigment-analysis\/#primaryimage\",\"url\":\"https:\/\/www.ceab.csic.es\/wp-content\/uploads\/2024\/03\/a-pigments-1.jpg\",\"contentUrl\":\"https:\/\/www.ceab.csic.es\/wp-content\/uploads\/2024\/03\/a-pigments-1.jpg\"},{\"@type\":\"BreadcrumbList\",\"@id\":\"https:\/\/www.ceab.csic.es\/en\/external-services\/pigment-analysis\/#breadcrumb\",\"itemListElement\":[{\"@type\":\"ListItem\",\"position\":1,\"name\":\"Inici\",\"item\":\"https:\/\/www.ceab.csic.es\/en\/\"},{\"@type\":\"ListItem\",\"position\":2,\"name\":\"External services\",\"item\":\"https:\/\/www.ceab.csic.es\/en\/external-services\/\"},{\"@type\":\"ListItem\",\"position\":3,\"name\":\"Pigment analysis\"}]},{\"@type\":\"WebSite\",\"@id\":\"https:\/\/www.ceab.csic.es\/en\/#website\",\"url\":\"https:\/\/www.ceab.csic.es\/en\/\",\"name\":\"CEAB\",\"description\":\"Centre Estudis Avan\u00e7ats de Blanes\",\"alternateName\":\"CEAB\",\"potentialAction\":[{\"@type\":\"SearchAction\",\"target\":{\"@type\":\"EntryPoint\",\"urlTemplate\":\"https:\/\/www.ceab.csic.es\/en\/?s={search_term_string}\"},\"query-input\":{\"@type\":\"PropertyValueSpecification\",\"valueRequired\":true,\"valueName\":\"search_term_string\"}}],\"inLanguage\":\"en-US\"}]}<\/script>\n<!-- \/ Yoast SEO plugin. -->","yoast_head_json":{"title":"Pigment analysis | CEAB","description":"Els m\u00e8todes anal\u00edtics utilitzats estan contrastats cient\u00edficament i comprovats per certificacions internacionals com ISO, AOAC, BATF, etc.","robots":{"index":"index","follow":"follow","max-snippet":"max-snippet:-1","max-image-preview":"max-image-preview:large","max-video-preview":"max-video-preview:-1"},"canonical":"https:\/\/www.ceab.csic.es\/en\/external-services\/pigment-analysis\/","og_locale":"en_US","og_type":"article","og_title":"Pigment analysis | CEAB","og_description":"Els m\u00e8todes anal\u00edtics utilitzats estan contrastats cient\u00edficament i comprovats per certificacions internacionals com ISO, AOAC, BATF, etc.","og_url":"https:\/\/www.ceab.csic.es\/en\/external-services\/pigment-analysis\/","og_site_name":"CEAB","article_modified_time":"2024-09-24T08:40:46+00:00","og_image":[{"url":"https:\/\/www.ceab.csic.es\/wp-content\/uploads\/2024\/03\/a-pigments-1.jpg","type":"","width":"","height":""}],"twitter_card":"summary_large_image","twitter_site":"@ceabcsic","twitter_misc":{"Est. reading time":"4 minutes"},"schema":{"@context":"https:\/\/schema.org","@graph":[{"@type":"WebPage","@id":"https:\/\/www.ceab.csic.es\/en\/external-services\/pigment-analysis\/","url":"https:\/\/www.ceab.csic.es\/en\/external-services\/pigment-analysis\/","name":"Pigment analysis | CEAB","isPartOf":{"@id":"https:\/\/www.ceab.csic.es\/en\/#website"},"primaryImageOfPage":{"@id":"https:\/\/www.ceab.csic.es\/en\/external-services\/pigment-analysis\/#primaryimage"},"image":{"@id":"https:\/\/www.ceab.csic.es\/en\/external-services\/pigment-analysis\/#primaryimage"},"thumbnailUrl":"https:\/\/www.ceab.csic.es\/wp-content\/uploads\/2024\/03\/a-pigments-1.jpg","datePublished":"2024-09-18T10:43:27+00:00","dateModified":"2024-09-24T08:40:46+00:00","description":"Els m\u00e8todes anal\u00edtics utilitzats estan contrastats cient\u00edficament i comprovats per certificacions internacionals com ISO, AOAC, BATF, etc.","breadcrumb":{"@id":"https:\/\/www.ceab.csic.es\/en\/external-services\/pigment-analysis\/#breadcrumb"},"inLanguage":"en-US","potentialAction":[{"@type":"ReadAction","target":["https:\/\/www.ceab.csic.es\/en\/external-services\/pigment-analysis\/"]}]},{"@type":"ImageObject","inLanguage":"en-US","@id":"https:\/\/www.ceab.csic.es\/en\/external-services\/pigment-analysis\/#primaryimage","url":"https:\/\/www.ceab.csic.es\/wp-content\/uploads\/2024\/03\/a-pigments-1.jpg","contentUrl":"https:\/\/www.ceab.csic.es\/wp-content\/uploads\/2024\/03\/a-pigments-1.jpg"},{"@type":"BreadcrumbList","@id":"https:\/\/www.ceab.csic.es\/en\/external-services\/pigment-analysis\/#breadcrumb","itemListElement":[{"@type":"ListItem","position":1,"name":"Inici","item":"https:\/\/www.ceab.csic.es\/en\/"},{"@type":"ListItem","position":2,"name":"External services","item":"https:\/\/www.ceab.csic.es\/en\/external-services\/"},{"@type":"ListItem","position":3,"name":"Pigment analysis"}]},{"@type":"WebSite","@id":"https:\/\/www.ceab.csic.es\/en\/#website","url":"https:\/\/www.ceab.csic.es\/en\/","name":"CEAB","description":"Centre Estudis Avan\u00e7ats de Blanes","alternateName":"CEAB","potentialAction":[{"@type":"SearchAction","target":{"@type":"EntryPoint","urlTemplate":"https:\/\/www.ceab.csic.es\/en\/?s={search_term_string}"},"query-input":{"@type":"PropertyValueSpecification","valueRequired":true,"valueName":"search_term_string"}}],"inLanguage":"en-US"}]}},"_links":{"self":[{"href":"https:\/\/www.ceab.csic.es\/en\/wp-json\/wp\/v2\/pages\/13640","targetHints":{"allow":["GET"]}}],"collection":[{"href":"https:\/\/www.ceab.csic.es\/en\/wp-json\/wp\/v2\/pages"}],"about":[{"href":"https:\/\/www.ceab.csic.es\/en\/wp-json\/wp\/v2\/types\/page"}],"author":[{"embeddable":true,"href":"https:\/\/www.ceab.csic.es\/en\/wp-json\/wp\/v2\/users\/1"}],"replies":[{"embeddable":true,"href":"https:\/\/www.ceab.csic.es\/en\/wp-json\/wp\/v2\/comments?post=13640"}],"version-history":[{"count":4,"href":"https:\/\/www.ceab.csic.es\/en\/wp-json\/wp\/v2\/pages\/13640\/revisions"}],"predecessor-version":[{"id":13644,"href":"https:\/\/www.ceab.csic.es\/en\/wp-json\/wp\/v2\/pages\/13640\/revisions\/13644"}],"up":[{"embeddable":true,"href":"https:\/\/www.ceab.csic.es\/en\/wp-json\/wp\/v2\/pages\/12372"}],"wp:attachment":[{"href":"https:\/\/www.ceab.csic.es\/en\/wp-json\/wp\/v2\/media?parent=13640"}],"curies":[{"name":"wp","href":"https:\/\/api.w.org\/{rel}","templated":true}]}}