{"id":17251,"date":"2025-06-30T11:37:13","date_gmt":"2025-06-30T09:37:13","guid":{"rendered":"https:\/\/www.ceab.csic.es\/the-ceab\/organisation-and-team\/comissions-ceab\/"},"modified":"2025-06-30T13:34:02","modified_gmt":"2025-06-30T11:34:02","slug":"ceab-committees","status":"publish","type":"page","link":"https:\/\/www.ceab.csic.es\/en\/the-ceab\/organisation-and-team\/ceab-committees\/","title":{"rendered":"CEAB Committees"},"content":{"rendered":"\t\t<div data-elementor-type=\"wp-page\" data-elementor-id=\"17251\" class=\"elementor elementor-17251 elementor-17213\" data-elementor-post-type=\"page\">\n\t\t\t\t<div data-dce-background-image-url=\"https:\/\/www.ceab.csic.es\/wp-content\/uploads\/2025\/06\/comissions.jpg\" class=\"elementor-element elementor-element-11e2d80 e-con-full e-flex e-con e-parent\" data-id=\"11e2d80\" data-element_type=\"container\" data-settings=\"{&quot;background_background&quot;:&quot;classic&quot;}\">\n\t\t\t\t<div class=\"elementor-element elementor-element-0561ec1 elementor-widget-mobile__width-initial elementor-widget elementor-widget-button\" data-id=\"0561ec1\" data-element_type=\"widget\" data-widget_type=\"button.default\">\n\t\t\t\t<div class=\"elementor-widget-container\">\n\t\t\t\t\t\t\t\t\t<div class=\"elementor-button-wrapper\">\n\t\t\t\t\t<a class=\"elementor-button elementor-button-link elementor-size-sm\" href=\"https:\/\/www.ceab.csic.es\/en\/the-ceab\/organisation-and-team\/\">\n\t\t\t\t\t\t<span class=\"elementor-button-content-wrapper\">\n\t\t\t\t\t\t<span class=\"elementor-button-icon\">\n\t\t\t\t<i aria-hidden=\"true\" class=\"fas fa-angle-double-left\"><\/i>\t\t\t<\/span>\n\t\t\t\t\t\t\t\t\t<span class=\"elementor-button-text\">Organization and team<\/span>\n\t\t\t\t\t<\/span>\n\t\t\t\t\t<\/a>\n\t\t\t\t<\/div>\n\t\t\t\t\t\t\t\t<\/div>\n\t\t\t\t<\/div>\n\t\t<div class=\"elementor-element elementor-element-23ef4b3 e-con-full e-flex e-con e-child\" data-id=\"23ef4b3\" data-element_type=\"container\">\n\t\t\t\t<div class=\"elementor-element elementor-element-cb4b15f animated-slow elementor-invisible elementor-widget elementor-widget-qi_addons_for_elementor_animated_text\" data-id=\"cb4b15f\" data-element_type=\"widget\" data-settings=\"{&quot;_animation&quot;:&quot;fadeIn&quot;}\" data-widget_type=\"qi_addons_for_elementor_animated_text.default\">\n\t\t\t\t<div class=\"elementor-widget-container\">\n\t\t\t\t\t<div class=\"qodef-shortcode qodef-m qodef-qi-animated-text qodef--animated-by-letter qodef-qi--has-appear qodef--appear-from-bottom\" data-appear-delay=\"200\">\n\t\t<p class=\"qodef-m-title\">\n\t\t<span class=\"qodef-e-word-holder\">The<\/span> <span class=\"qodef-e-word-holder\">CEAB<\/span>\t<\/p>\n<\/div>\n\t\t\t\t<\/div>\n\t\t\t\t<\/div>\n\t\t\t\t<div class=\"elementor-element elementor-element-58e6896 animated-slow elementor-invisible elementor-widget elementor-widget-qi_addons_for_elementor_animated_text\" data-id=\"58e6896\" data-element_type=\"widget\" data-settings=\"{&quot;_animation&quot;:&quot;fadeIn&quot;}\" data-widget_type=\"qi_addons_for_elementor_animated_text.default\">\n\t\t\t\t<div class=\"elementor-widget-container\">\n\t\t\t\t\t<div class=\"qodef-shortcode qodef-m qodef-qi-animated-text qodef--animated-by-letter qodef-qi--has-appear qodef--appear-from-bottom\" data-appear-delay=\"200\">\n\t\t<h1 class=\"qodef-m-title\">\n\t\t<span class=\"qodef-e-word-holder\">Organization<\/span> <span class=\"qodef-e-word-holder\">and<\/span> <span class=\"qodef-e-word-holder\">Team<\/span>\t<\/h1>\n<\/div>\n\t\t\t\t<\/div>\n\t\t\t\t<\/div>\n\t\t\t\t<div class=\"elementor-element elementor-element-f40e2cc animated-slow elementor-invisible elementor-widget elementor-widget-qi_addons_for_elementor_animated_text\" data-id=\"f40e2cc\" data-element_type=\"widget\" data-settings=\"{&quot;_animation&quot;:&quot;fadeIn&quot;}\" data-widget_type=\"qi_addons_for_elementor_animated_text.default\">\n\t\t\t\t<div class=\"elementor-widget-container\">\n\t\t\t\t\t<div class=\"qodef-shortcode qodef-m qodef-qi-animated-text qodef--animated-by-letter qodef-qi--has-appear qodef--appear-from-bottom\" data-appear-delay=\"200\">\n\t\t<h2 class=\"qodef-m-title\">\n\t\t<span class=\"qodef-e-word-holder\">CEAB<\/span> <span class=\"qodef-e-word-holder\">Commitees<\/span>\t<\/h2>\n<\/div>\n\t\t\t\t<\/div>\n\t\t\t\t<\/div>\n\t\t\t\t<\/div>\n\t\t\t\t<\/div>\n\t\t<div class=\"elementor-element elementor-element-ac5d8e9 e-flex e-con-boxed e-con e-parent\" data-id=\"ac5d8e9\" data-element_type=\"container\">\n\t\t\t\t\t<div class=\"e-con-inner\">\n\t\t<div class=\"elementor-element elementor-element-c3e3a7b e-con-full e-flex e-con e-child\" data-id=\"c3e3a7b\" data-element_type=\"container\">\n\t\t<div class=\"elementor-element elementor-element-077d670 e-con-full e-flex e-con e-child\" data-id=\"077d670\" data-element_type=\"container\">\n\t\t<div class=\"elementor-element elementor-element-0548a7f e-con-full e-flex e-con e-child\" data-id=\"0548a7f\" data-element_type=\"container\">\n\t\t\t\t<div class=\"elementor-element elementor-element-440ccdf elementor-view-default elementor-widget elementor-widget-icon\" data-id=\"440ccdf\" data-element_type=\"widget\" data-widget_type=\"icon.default\">\n\t\t\t\t<div class=\"elementor-widget-container\">\n\t\t\t\t\t\t\t<div class=\"elementor-icon-wrapper\">\n\t\t\t<div class=\"elementor-icon\">\n\t\t\t<i aria-hidden=\"true\" class=\"fas fa-hands\"><\/i>\t\t\t<\/div>\n\t\t<\/div>\n\t\t\t\t\t\t<\/div>\n\t\t\t\t<\/div>\n\t\t\t\t<div class=\"elementor-element elementor-element-de7802e elementor-widget elementor-widget-heading\" data-id=\"de7802e\" data-element_type=\"widget\" data-widget_type=\"heading.default\">\n\t\t\t\t<div class=\"elementor-widget-container\">\n\t\t\t\t\t<h2 class=\"elementor-heading-title elementor-size-default\">Equality and Inclusivity Committee<\/h2>\t\t\t\t<\/div>\n\t\t\t\t<\/div>\n\t\t\t\t<\/div>\n\t\t\t\t<div class=\"elementor-element elementor-element-30b20ba elementor-widget elementor-widget-text-editor\" data-id=\"30b20ba\" data-element_type=\"widget\" data-widget_type=\"text-editor.default\">\n\t\t\t\t<div class=\"elementor-widget-container\">\n\t\t\t\t\t\t\t\t\t<p>Works to ensure that all staff have equal opportunities and that no one suffers discrimination on the basis of sex, gender, sexual orientation, origin, disability, job position or other factors. It promotes, implements, and monitors protocols and actions aimed at preventing and eradicating all forms of violence, discrimination, or inequity, fostering a safe, inclusive, and respectful working environment.<\/p>\t\t\t\t\t\t\t\t<\/div>\n\t\t\t\t<\/div>\n\t\t\t\t<\/div>\n\t\t<div class=\"elementor-element elementor-element-11d62a2 e-con-full e-flex e-con e-child\" data-id=\"11d62a2\" data-element_type=\"container\">\n\t\t<div class=\"elementor-element elementor-element-7f36aba e-con-full e-flex e-con e-child\" data-id=\"7f36aba\" data-element_type=\"container\">\n\t\t\t\t<div class=\"elementor-element elementor-element-9ac305e elementor-view-default elementor-widget elementor-widget-icon\" data-id=\"9ac305e\" data-element_type=\"widget\" data-widget_type=\"icon.default\">\n\t\t\t\t<div class=\"elementor-widget-container\">\n\t\t\t\t\t\t\t<div class=\"elementor-icon-wrapper\">\n\t\t\t<div class=\"elementor-icon\">\n\t\t\t<i aria-hidden=\"true\" class=\"fas fa-seedling\"><\/i>\t\t\t<\/div>\n\t\t<\/div>\n\t\t\t\t\t\t<\/div>\n\t\t\t\t<\/div>\n\t\t\t\t<div class=\"elementor-element elementor-element-b636e6a elementor-widget elementor-widget-heading\" data-id=\"b636e6a\" data-element_type=\"widget\" data-widget_type=\"heading.default\">\n\t\t\t\t<div class=\"elementor-widget-container\">\n\t\t\t\t\t<h2 class=\"elementor-heading-title elementor-size-default\">Sustainability Committee<\/h2>\t\t\t\t<\/div>\n\t\t\t\t<\/div>\n\t\t\t\t<\/div>\n\t\t\t\t<div class=\"elementor-element elementor-element-453be6d elementor-widget elementor-widget-text-editor\" data-id=\"453be6d\" data-element_type=\"widget\" data-widget_type=\"text-editor.default\">\n\t\t\t\t<div class=\"elementor-widget-container\">\n\t\t\t\t\t\t\t\t\t<p>Develops, implements and monitors the CEAB\u2019s Sustainability Plan, taking into account the various dimensions of sustainability (social, environmental and economic), and in coordination with the CSIC sustainability working group.<\/p>\t\t\t\t\t\t\t\t<\/div>\n\t\t\t\t<\/div>\n\t\t\t\t<\/div>\n\t\t<div class=\"elementor-element elementor-element-771d6f5 e-con-full e-flex e-con e-child\" data-id=\"771d6f5\" data-element_type=\"container\">\n\t\t<div class=\"elementor-element elementor-element-c579a76 e-con-full e-flex e-con e-child\" data-id=\"c579a76\" data-element_type=\"container\">\n\t\t\t\t<div class=\"elementor-element elementor-element-6aefabb elementor-view-default elementor-widget elementor-widget-icon\" data-id=\"6aefabb\" data-element_type=\"widget\" data-widget_type=\"icon.default\">\n\t\t\t\t<div class=\"elementor-widget-container\">\n\t\t\t\t\t\t\t<div class=\"elementor-icon-wrapper\">\n\t\t\t<div class=\"elementor-icon\">\n\t\t\t<i aria-hidden=\"true\" class=\"fas fa-balance-scale\"><\/i>\t\t\t<\/div>\n\t\t<\/div>\n\t\t\t\t\t\t<\/div>\n\t\t\t\t<\/div>\n\t\t\t\t<div class=\"elementor-element elementor-element-b993302 elementor-widget elementor-widget-heading\" data-id=\"b993302\" data-element_type=\"widget\" data-widget_type=\"heading.default\">\n\t\t\t\t<div class=\"elementor-widget-container\">\n\t\t\t\t\t<h2 class=\"elementor-heading-title elementor-size-default\">Ethics and Scientific Integrity Committee<\/h2>\t\t\t\t<\/div>\n\t\t\t\t<\/div>\n\t\t\t\t<\/div>\n\t\t\t\t<div class=\"elementor-element elementor-element-a19506e elementor-widget elementor-widget-text-editor\" data-id=\"a19506e\" data-element_type=\"widget\" data-widget_type=\"text-editor.default\">\n\t\t\t\t<div class=\"elementor-widget-container\">\n\t\t\t\t\t\t\t\t\t<p>Ensures that scientific research is carried out responsibly, honestly, and in line with ethical principles. It reviews protocols\u2014especially those involving living beings\u2014and promotes good research practices.<\/p>\t\t\t\t\t\t\t\t<\/div>\n\t\t\t\t<\/div>\n\t\t\t\t<\/div>\n\t\t<div class=\"elementor-element elementor-element-cff5a78 e-con-full e-flex e-con e-child\" data-id=\"cff5a78\" data-element_type=\"container\">\n\t\t<div class=\"elementor-element elementor-element-8bdc643 e-con-full e-flex e-con e-child\" data-id=\"8bdc643\" data-element_type=\"container\">\n\t\t\t\t<div class=\"elementor-element elementor-element-2afb66d elementor-view-default elementor-widget elementor-widget-icon\" data-id=\"2afb66d\" data-element_type=\"widget\" data-widget_type=\"icon.default\">\n\t\t\t\t<div class=\"elementor-widget-container\">\n\t\t\t\t\t\t\t<div class=\"elementor-icon-wrapper\">\n\t\t\t<div class=\"elementor-icon\">\n\t\t\t<i aria-hidden=\"true\" class=\"fas fa-hand-holding-heart\"><\/i>\t\t\t<\/div>\n\t\t<\/div>\n\t\t\t\t\t\t<\/div>\n\t\t\t\t<\/div>\n\t\t\t\t<div class=\"elementor-element elementor-element-1fb67f7 elementor-widget elementor-widget-heading\" data-id=\"1fb67f7\" data-element_type=\"widget\" data-widget_type=\"heading.default\">\n\t\t\t\t<div class=\"elementor-widget-container\">\n\t\t\t\t\t<h2 class=\"elementor-heading-title elementor-size-default\">Emotional Wellbeing Committee<\/h2>\t\t\t\t<\/div>\n\t\t\t\t<\/div>\n\t\t\t\t<\/div>\n\t\t\t\t<div class=\"elementor-element elementor-element-50b566c elementor-widget elementor-widget-text-editor\" data-id=\"50b566c\" data-element_type=\"widget\" data-widget_type=\"text-editor.default\">\n\t\t\t\t<div class=\"elementor-widget-container\">\n\t\t\t\t\t\t\t\t\t<p>Ensures the emotional wellbeing of all CEAB staff, including technicians, administrative and support staff, early-stage researchers, and senior researchers. It is organized into subcommittees, such as one for support and care, and another for social and recreational events.<\/p>\t\t\t\t\t\t\t\t<\/div>\n\t\t\t\t<\/div>\n\t\t\t\t<\/div>\n\t\t<div class=\"elementor-element elementor-element-0efbbbc e-con-full e-flex e-con e-child\" data-id=\"0efbbbc\" data-element_type=\"container\">\n\t\t<div class=\"elementor-element elementor-element-f4d36a1 e-con-full e-flex e-con e-child\" data-id=\"f4d36a1\" data-element_type=\"container\">\n\t\t\t\t<div class=\"elementor-element elementor-element-5dfe514 elementor-view-default elementor-widget elementor-widget-icon\" data-id=\"5dfe514\" data-element_type=\"widget\" data-widget_type=\"icon.default\">\n\t\t\t\t<div class=\"elementor-widget-container\">\n\t\t\t\t\t\t\t<div class=\"elementor-icon-wrapper\">\n\t\t\t<div class=\"elementor-icon\">\n\t\t\t<i aria-hidden=\"true\" class=\"fas fa-microscope\"><\/i>\t\t\t<\/div>\n\t\t<\/div>\n\t\t\t\t\t\t<\/div>\n\t\t\t\t<\/div>\n\t\t\t\t<div class=\"elementor-element elementor-element-12b9a97 elementor-widget elementor-widget-heading\" data-id=\"12b9a97\" data-element_type=\"widget\" data-widget_type=\"heading.default\">\n\t\t\t\t<div class=\"elementor-widget-container\">\n\t\t\t\t\t<h2 class=\"elementor-heading-title elementor-size-default\">Scientific Activity Committee<\/h2>\t\t\t\t<\/div>\n\t\t\t\t<\/div>\n\t\t\t\t<\/div>\n\t\t\t\t<div class=\"elementor-element elementor-element-61a0765 elementor-widget elementor-widget-text-editor\" data-id=\"61a0765\" data-element_type=\"widget\" data-widget_type=\"text-editor.default\">\n\t\t\t\t<div class=\"elementor-widget-container\">\n\t\t\t\t\t\t\t\t\t<p>Promotes scientific activity to stimulate critical thinking, knowledge exchange, and collaboration among researchers from different fields and specialties. It organizes scientific seminars and events such as the Ecology Symposium.<\/p>\t\t\t\t\t\t\t\t<\/div>\n\t\t\t\t<\/div>\n\t\t\t\t<\/div>\n\t\t<div class=\"elementor-element elementor-element-266226f e-con-full e-flex e-con e-child\" data-id=\"266226f\" data-element_type=\"container\">\n\t\t<div class=\"elementor-element elementor-element-0e660dd e-con-full e-flex e-con e-child\" data-id=\"0e660dd\" data-element_type=\"container\">\n\t\t\t\t<div class=\"elementor-element elementor-element-3be7b62 elementor-view-default elementor-widget elementor-widget-icon\" data-id=\"3be7b62\" data-element_type=\"widget\" data-widget_type=\"icon.default\">\n\t\t\t\t<div class=\"elementor-widget-container\">\n\t\t\t\t\t\t\t<div class=\"elementor-icon-wrapper\">\n\t\t\t<div class=\"elementor-icon\">\n\t\t\t<i aria-hidden=\"true\" class=\"fas fa-comment-dots\"><\/i>\t\t\t<\/div>\n\t\t<\/div>\n\t\t\t\t\t\t<\/div>\n\t\t\t\t<\/div>\n\t\t\t\t<div class=\"elementor-element elementor-element-11a0264 elementor-widget elementor-widget-heading\" data-id=\"11a0264\" data-element_type=\"widget\" data-widget_type=\"heading.default\">\n\t\t\t\t<div class=\"elementor-widget-container\">\n\t\t\t\t\t<h2 class=\"elementor-heading-title elementor-size-default\">Mentoring, Scientific-Technical Career and Training Committee<\/h2>\t\t\t\t<\/div>\n\t\t\t\t<\/div>\n\t\t\t\t<\/div>\n\t\t\t\t<div class=\"elementor-element elementor-element-d5225df elementor-widget elementor-widget-text-editor\" data-id=\"d5225df\" data-element_type=\"widget\" data-widget_type=\"text-editor.default\">\n\t\t\t\t<div class=\"elementor-widget-container\">\n\t\t\t\t\t\t\t\t\t<p>Its main function is to support students, technical staff and postdoctoral researchers. It serves as a permanent point of reference and guidance on the realities and opportunities of a scientific-technical career. It also organizes training activities.<\/p>\t\t\t\t\t\t\t\t<\/div>\n\t\t\t\t<\/div>\n\t\t\t\t<\/div>\n\t\t<div class=\"elementor-element elementor-element-f487050 e-con-full e-flex e-con e-child\" data-id=\"f487050\" data-element_type=\"container\">\n\t\t<div class=\"elementor-element elementor-element-66fbdc4 e-con-full e-flex e-con e-child\" data-id=\"66fbdc4\" data-element_type=\"container\">\n\t\t\t\t<div class=\"elementor-element elementor-element-b7cbd04 elementor-view-default elementor-widget elementor-widget-icon\" data-id=\"b7cbd04\" data-element_type=\"widget\" data-widget_type=\"icon.default\">\n\t\t\t\t<div class=\"elementor-widget-container\">\n\t\t\t\t\t\t\t<div class=\"elementor-icon-wrapper\">\n\t\t\t<div class=\"elementor-icon\">\n\t\t\t<i aria-hidden=\"true\" class=\"fas fa-map-marker-alt\"><\/i>\t\t\t<\/div>\n\t\t<\/div>\n\t\t\t\t\t\t<\/div>\n\t\t\t\t<\/div>\n\t\t\t\t<div class=\"elementor-element elementor-element-2055ade elementor-widget elementor-widget-heading\" data-id=\"2055ade\" data-element_type=\"widget\" data-widget_type=\"heading.default\">\n\t\t\t\t<div class=\"elementor-widget-container\">\n\t\t\t\t\t<h2 class=\"elementor-heading-title elementor-size-default\">Space Management Committee<\/h2>\t\t\t\t<\/div>\n\t\t\t\t<\/div>\n\t\t\t\t<\/div>\n\t\t\t\t<div class=\"elementor-element elementor-element-12f3110 elementor-widget elementor-widget-text-editor\" data-id=\"12f3110\" data-element_type=\"widget\" data-widget_type=\"text-editor.default\">\n\t\t\t\t<div class=\"elementor-widget-container\">\n\t\t\t\t\t\t\t\t\t<p>Defines the criteria for assigning workspaces at CEAB, based on the principle that everyone should have access to a space appropriate to their tasks and to regulations. It manages space as new staff join, and plans both short- and long-term space allocation in line with the Centre\u2019s strategy.<\/p>\t\t\t\t\t\t\t\t<\/div>\n\t\t\t\t<\/div>\n\t\t\t\t<\/div>\n\t\t\t\t<\/div>\n\t\t\t\t\t<\/div>\n\t\t\t\t<\/div>\n\t\t\t\t<\/div>\n\t\t","protected":false},"excerpt":{"rendered":"<p>Organization and team The CEAB Organization and Team CEAB Commitees Equality and Inclusivity Committee Works to ensure that all staff have equal opportunities and that no one suffers discrimination on the basis of sex, gender, sexual orientation, origin, disability, job position or other factors. It promotes, implements, and monitors protocols and actions aimed at preventing&hellip;&nbsp;<a href=\"https:\/\/www.ceab.csic.es\/en\/the-ceab\/organisation-and-team\/ceab-committees\/\" rel=\"bookmark\"><span class=\"screen-reader-text\">CEAB Committees<\/span><\/a><\/p>\n","protected":false},"author":1,"featured_media":0,"parent":12514,"menu_order":0,"comment_status":"closed","ping_status":"closed","template":"page-templates\/template-pagebuilder-full-width.php","meta":{"_acf_changed":false,"neve_meta_sidebar":"","neve_meta_container":"","neve_meta_enable_content_width":"off","neve_meta_content_width":100,"neve_meta_title_alignment":"","neve_meta_author_avatar":"","neve_post_elements_order":"","neve_meta_disable_header":"","neve_meta_disable_footer":"","neve_meta_disable_title":"","footnotes":""},"class_list":["post-17251","page","type-page","status-publish","hentry"],"acf":[],"yoast_head":"<!-- This site is optimized with the Yoast SEO plugin v24.6 - https:\/\/yoast.com\/wordpress\/plugins\/seo\/ -->\n<title>CEAB Committees | CEAB<\/title>\n<meta name=\"description\" content=\"L&#039;equip del CEAB est\u00e0 format per professionals de diferents \u00e0mbits sumant esfor\u00e7os per generar coneixement cient\u00edfic i per transferir-lo.\" \/>\n<meta name=\"robots\" content=\"index, follow, max-snippet:-1, max-image-preview:large, max-video-preview:-1\" \/>\n<link rel=\"canonical\" href=\"https:\/\/www.ceab.csic.es\/en\/the-ceab\/organisation-and-team\/ceab-committees\/\" \/>\n<meta property=\"og:locale\" content=\"en_US\" \/>\n<meta property=\"og:type\" content=\"article\" \/>\n<meta property=\"og:title\" content=\"CEAB Committees | CEAB\" \/>\n<meta property=\"og:description\" content=\"L&#039;equip del CEAB est\u00e0 format per professionals de diferents \u00e0mbits sumant esfor\u00e7os per generar coneixement cient\u00edfic i per transferir-lo.\" \/>\n<meta property=\"og:url\" content=\"https:\/\/www.ceab.csic.es\/en\/the-ceab\/organisation-and-team\/ceab-committees\/\" \/>\n<meta property=\"og:site_name\" content=\"CEAB\" \/>\n<meta property=\"article:modified_time\" content=\"2025-06-30T11:34:02+00:00\" \/>\n<meta property=\"og:image\" content=\"https:\/\/www.ceab.csic.es\/wp-content\/uploads\/2024\/07\/CEAB.jpg\" \/>\n\t<meta property=\"og:image:width\" content=\"1200\" \/>\n\t<meta property=\"og:image:height\" content=\"700\" \/>\n\t<meta property=\"og:image:type\" content=\"image\/jpeg\" \/>\n<meta name=\"twitter:card\" content=\"summary_large_image\" \/>\n<meta name=\"twitter:site\" content=\"@ceabcsic\" \/>\n<meta name=\"twitter:label1\" content=\"Est. reading time\" \/>\n\t<meta name=\"twitter:data1\" content=\"2 minutes\" \/>\n<script type=\"application\/ld+json\" class=\"yoast-schema-graph\">{\"@context\":\"https:\/\/schema.org\",\"@graph\":[{\"@type\":\"WebPage\",\"@id\":\"https:\/\/www.ceab.csic.es\/en\/the-ceab\/organisation-and-team\/ceab-committees\/\",\"url\":\"https:\/\/www.ceab.csic.es\/en\/the-ceab\/organisation-and-team\/ceab-committees\/\",\"name\":\"CEAB Committees | CEAB\",\"isPartOf\":{\"@id\":\"https:\/\/www.ceab.csic.es\/en\/#website\"},\"datePublished\":\"2025-06-30T09:37:13+00:00\",\"dateModified\":\"2025-06-30T11:34:02+00:00\",\"description\":\"L'equip del CEAB est\u00e0 format per professionals de diferents \u00e0mbits sumant esfor\u00e7os per generar coneixement cient\u00edfic i per transferir-lo.\",\"breadcrumb\":{\"@id\":\"https:\/\/www.ceab.csic.es\/en\/the-ceab\/organisation-and-team\/ceab-committees\/#breadcrumb\"},\"inLanguage\":\"en-US\",\"potentialAction\":[{\"@type\":\"ReadAction\",\"target\":[\"https:\/\/www.ceab.csic.es\/en\/the-ceab\/organisation-and-team\/ceab-committees\/\"]}]},{\"@type\":\"BreadcrumbList\",\"@id\":\"https:\/\/www.ceab.csic.es\/en\/the-ceab\/organisation-and-team\/ceab-committees\/#breadcrumb\",\"itemListElement\":[{\"@type\":\"ListItem\",\"position\":1,\"name\":\"Inici\",\"item\":\"https:\/\/www.ceab.csic.es\/en\/\"},{\"@type\":\"ListItem\",\"position\":2,\"name\":\"The CEAB\",\"item\":\"https:\/\/www.ceab.csic.es\/en\/the-ceab\/\"},{\"@type\":\"ListItem\",\"position\":3,\"name\":\"Organisation and Team\",\"item\":\"https:\/\/www.ceab.csic.es\/en\/el-ceab\/organizacion-y-equipo\/\"},{\"@type\":\"ListItem\",\"position\":4,\"name\":\"CEAB Committees\"}]},{\"@type\":\"WebSite\",\"@id\":\"https:\/\/www.ceab.csic.es\/en\/#website\",\"url\":\"https:\/\/www.ceab.csic.es\/en\/\",\"name\":\"CEAB\",\"description\":\"Centre Estudis Avan\u00e7ats de Blanes\",\"alternateName\":\"CEAB\",\"potentialAction\":[{\"@type\":\"SearchAction\",\"target\":{\"@type\":\"EntryPoint\",\"urlTemplate\":\"https:\/\/www.ceab.csic.es\/en\/?s={search_term_string}\"},\"query-input\":{\"@type\":\"PropertyValueSpecification\",\"valueRequired\":true,\"valueName\":\"search_term_string\"}}],\"inLanguage\":\"en-US\"}]}<\/script>\n<!-- \/ Yoast SEO plugin. -->","yoast_head_json":{"title":"CEAB Committees | CEAB","description":"L'equip del CEAB est\u00e0 format per professionals de diferents \u00e0mbits sumant esfor\u00e7os per generar coneixement cient\u00edfic i per transferir-lo.","robots":{"index":"index","follow":"follow","max-snippet":"max-snippet:-1","max-image-preview":"max-image-preview:large","max-video-preview":"max-video-preview:-1"},"canonical":"https:\/\/www.ceab.csic.es\/en\/the-ceab\/organisation-and-team\/ceab-committees\/","og_locale":"en_US","og_type":"article","og_title":"CEAB Committees | CEAB","og_description":"L'equip del CEAB est\u00e0 format per professionals de diferents \u00e0mbits sumant esfor\u00e7os per generar coneixement cient\u00edfic i per transferir-lo.","og_url":"https:\/\/www.ceab.csic.es\/en\/the-ceab\/organisation-and-team\/ceab-committees\/","og_site_name":"CEAB","article_modified_time":"2025-06-30T11:34:02+00:00","og_image":[{"width":1200,"height":700,"url":"https:\/\/www.ceab.csic.es\/wp-content\/uploads\/2024\/07\/CEAB.jpg","type":"image\/jpeg"}],"twitter_card":"summary_large_image","twitter_site":"@ceabcsic","twitter_misc":{"Est. reading time":"2 minutes"},"schema":{"@context":"https:\/\/schema.org","@graph":[{"@type":"WebPage","@id":"https:\/\/www.ceab.csic.es\/en\/the-ceab\/organisation-and-team\/ceab-committees\/","url":"https:\/\/www.ceab.csic.es\/en\/the-ceab\/organisation-and-team\/ceab-committees\/","name":"CEAB Committees | CEAB","isPartOf":{"@id":"https:\/\/www.ceab.csic.es\/en\/#website"},"datePublished":"2025-06-30T09:37:13+00:00","dateModified":"2025-06-30T11:34:02+00:00","description":"L'equip del CEAB est\u00e0 format per professionals de diferents \u00e0mbits sumant esfor\u00e7os per generar coneixement cient\u00edfic i per transferir-lo.","breadcrumb":{"@id":"https:\/\/www.ceab.csic.es\/en\/the-ceab\/organisation-and-team\/ceab-committees\/#breadcrumb"},"inLanguage":"en-US","potentialAction":[{"@type":"ReadAction","target":["https:\/\/www.ceab.csic.es\/en\/the-ceab\/organisation-and-team\/ceab-committees\/"]}]},{"@type":"BreadcrumbList","@id":"https:\/\/www.ceab.csic.es\/en\/the-ceab\/organisation-and-team\/ceab-committees\/#breadcrumb","itemListElement":[{"@type":"ListItem","position":1,"name":"Inici","item":"https:\/\/www.ceab.csic.es\/en\/"},{"@type":"ListItem","position":2,"name":"The CEAB","item":"https:\/\/www.ceab.csic.es\/en\/the-ceab\/"},{"@type":"ListItem","position":3,"name":"Organisation and Team","item":"https:\/\/www.ceab.csic.es\/en\/el-ceab\/organizacion-y-equipo\/"},{"@type":"ListItem","position":4,"name":"CEAB Committees"}]},{"@type":"WebSite","@id":"https:\/\/www.ceab.csic.es\/en\/#website","url":"https:\/\/www.ceab.csic.es\/en\/","name":"CEAB","description":"Centre Estudis Avan\u00e7ats de Blanes","alternateName":"CEAB","potentialAction":[{"@type":"SearchAction","target":{"@type":"EntryPoint","urlTemplate":"https:\/\/www.ceab.csic.es\/en\/?s={search_term_string}"},"query-input":{"@type":"PropertyValueSpecification","valueRequired":true,"valueName":"search_term_string"}}],"inLanguage":"en-US"}]}},"_links":{"self":[{"href":"https:\/\/www.ceab.csic.es\/en\/wp-json\/wp\/v2\/pages\/17251","targetHints":{"allow":["GET"]}}],"collection":[{"href":"https:\/\/www.ceab.csic.es\/en\/wp-json\/wp\/v2\/pages"}],"about":[{"href":"https:\/\/www.ceab.csic.es\/en\/wp-json\/wp\/v2\/types\/page"}],"author":[{"embeddable":true,"href":"https:\/\/www.ceab.csic.es\/en\/wp-json\/wp\/v2\/users\/1"}],"replies":[{"embeddable":true,"href":"https:\/\/www.ceab.csic.es\/en\/wp-json\/wp\/v2\/comments?post=17251"}],"version-history":[{"count":4,"href":"https:\/\/www.ceab.csic.es\/en\/wp-json\/wp\/v2\/pages\/17251\/revisions"}],"predecessor-version":[{"id":17256,"href":"https:\/\/www.ceab.csic.es\/en\/wp-json\/wp\/v2\/pages\/17251\/revisions\/17256"}],"up":[{"embeddable":true,"href":"https:\/\/www.ceab.csic.es\/en\/wp-json\/wp\/v2\/pages\/12514"}],"wp:attachment":[{"href":"https:\/\/www.ceab.csic.es\/en\/wp-json\/wp\/v2\/media?parent=17251"}],"curies":[{"name":"wp","href":"https:\/\/api.w.org\/{rel}","templated":true}]}}