{"id":11141,"date":"2024-04-02T15:18:48","date_gmt":"2024-04-02T13:18:48","guid":{"rendered":"https:\/\/www.ceab.csic.es\/politica-de-privacitat\/"},"modified":"2024-06-03T08:34:33","modified_gmt":"2024-06-03T06:34:33","slug":"politica-de-privacidad","status":"publish","type":"page","link":"https:\/\/www.ceab.csic.es\/es\/politica-de-privacidad\/","title":{"rendered":"Pol\u00edtica de privacidad"},"content":{"rendered":"\t\t<div data-elementor-type=\"wp-page\" data-elementor-id=\"11141\" class=\"elementor elementor-11141 elementor-6157\" data-elementor-post-type=\"page\">\n\t\t\t\t<div class=\"elementor-element elementor-element-04aa986 e-con-full e-flex e-con e-parent\" data-id=\"04aa986\" data-element_type=\"container\" data-settings=\"{&quot;background_background&quot;:&quot;gradient&quot;}\">\n\t\t\t\t<div class=\"elementor-element elementor-element-1b502f1 animated-slow elementor-invisible elementor-widget elementor-widget-qi_addons_for_elementor_animated_text\" data-id=\"1b502f1\" data-element_type=\"widget\" data-settings=\"{&quot;_animation&quot;:&quot;fadeIn&quot;}\" data-widget_type=\"qi_addons_for_elementor_animated_text.default\">\n\t\t\t\t<div class=\"elementor-widget-container\">\n\t\t\t\t\t<div class=\"qodef-shortcode qodef-m qodef-qi-animated-text qodef--animated-by-letter qodef-qi--has-appear qodef--appear-from-bottom\" data-appear-delay=\"200\">\n\t\t<h1 class=\"qodef-m-title\">\n\t\t<span class=\"qodef-e-word-holder\">Pol\u00edtica<\/span> <span class=\"qodef-e-word-holder\">de<\/span> <span class=\"qodef-e-word-holder\">privacidad<\/span>\t<\/h1>\n<\/div>\n\t\t\t\t<\/div>\n\t\t\t\t<\/div>\n\t\t\t\t<\/div>\n\t\t<div class=\"elementor-element elementor-element-7e39b0c e-flex e-con-boxed e-con e-child\" data-id=\"7e39b0c\" data-element_type=\"container\">\n\t\t\t\t\t<div class=\"e-con-inner\">\n\t\t\t\t<div class=\"elementor-element elementor-element-061b592 elementor-widget__width-initial elementor-widget elementor-widget-heading\" data-id=\"061b592\" data-element_type=\"widget\" data-widget_type=\"heading.default\">\n\t\t\t\t<div class=\"elementor-widget-container\">\n\t\t\t\t\t<h2 class=\"elementor-heading-title elementor-size-default\">Reglamento General de Protecci\u00f3n de Datos (RGDP) - Diciembre de 2018<\/h2>\t\t\t\t<\/div>\n\t\t\t\t<\/div>\n\t\t\t\t<div class=\"elementor-element elementor-element-f15e4b9 elementor-widget elementor-widget-text-editor\" data-id=\"f15e4b9\" data-element_type=\"widget\" data-widget_type=\"text-editor.default\">\n\t\t\t\t<div class=\"elementor-widget-container\">\n\t\t\t\t\t\t\t\t\t<p>Le informamos que los datos personales de nuestros clientes ser\u00e1n tratados de conformidad con la legislaci\u00f3n vigente en materia de protecci\u00f3n de datos personales, la privacidad de los usuarios y el secreto y la seguridad de los datos personales, seg\u00fan lo establecido en la Ley Org\u00e1nica 3 \/2018, de 5 de diciembre, de Protecci\u00f3n de Datos Personales y garant\u00eda de los derechos digitales (LOPD-GDD) y en el Reglamento (UE) 2016\/679 del Parlamento Europeo y del Consejo de 27 de abril de 2016 relativo a la protecci\u00f3n de personas f\u00edsicas en cuanto al tratamiento de datos personales (RGPD).<\/p>\t\t\t\t\t\t\t\t<\/div>\n\t\t\t\t<\/div>\n\t\t\t\t\t<\/div>\n\t\t\t\t<\/div>\n\t\t<div class=\"elementor-element elementor-element-42d6f36 e-flex e-con-boxed e-con e-child\" data-id=\"42d6f36\" data-element_type=\"container\">\n\t\t\t\t\t<div class=\"e-con-inner\">\n\t\t\t\t<div class=\"elementor-element elementor-element-1dd33b6 elementor-widget__width-initial elementor-widget elementor-widget-heading\" data-id=\"1dd33b6\" data-element_type=\"widget\" data-widget_type=\"heading.default\">\n\t\t\t\t<div class=\"elementor-widget-container\">\n\t\t\t\t\t<h2 class=\"elementor-heading-title elementor-size-default\">Con el objetivo de cumplir el citado Reglamento, hemos actualizado nuestra Pol\u00edtica de Privacidad:<\/h2>\t\t\t\t<\/div>\n\t\t\t\t<\/div>\n\t\t\t\t<div class=\"elementor-element elementor-element-866717b elementor-widget elementor-widget-text-editor\" data-id=\"866717b\" data-element_type=\"widget\" data-widget_type=\"text-editor.default\">\n\t\t\t\t<div class=\"elementor-widget-container\">\n\t\t\t\t\t\t\t\t\t<p>Responsable:<strong> El CEAB-CSIC<\/strong>, con <strong>CIF. Q-2818002D<\/strong>, es la entidad responsable del archivo de datos generado con los datos de car\u00e1cter personal suministrados por los usuarios del portal <strong>www.ceab.csic.es<\/strong>.<\/p><p>Finalidad de tratamiento: tratamos la informaci\u00f3n que nos facilita para proporcionarle el servicio solicitado y enviarle comunicaciones relacionadas con el contenido de nuestros productos y servicios.<\/p><ul><li>Procedencia y categor\u00eda de datos tratados: los datos personales que trataremos son sus datos de identidad que usted nos facilita a trav\u00e9s del formulario de registro que encontrar\u00e1 en nuestro sitio web.<\/li><li>Tiempo de conservaci\u00f3n: los datos proporcionados se conservar\u00e1n mientras perdure la relaci\u00f3n comercial o durante los a\u00f1os necesarios para cumplir con las obligaciones legales.<\/li><li>Legitimaci\u00f3n: tratamos sus datos s\u00f3lo si contamos con su consentimiento expl\u00edcito o informado para ello, y siempre de conformidad con las finalidades descritas.<\/li><li>Destinatarios: los datos que usted nos facilita no se ceder\u00e1n a terceros, a excepci\u00f3n de los casos en los que exista una obligaci\u00f3n legal.<\/li><\/ul><p>\u00a0<\/p><p>Si bien, para realizar determinadas funciones necesarias para la prestaci\u00f3n del servicio, sus datos pueden ser tratados por terceros que actuar\u00e1n como encargados de tratamiento y que estar\u00e1n obligados contractualmente a cumplir con sus obligaciones legales de encargado de tratamiento, a respetar la confidencialidad y secreto de la informaci\u00f3n.<\/p>\t\t\t\t\t\t\t\t<\/div>\n\t\t\t\t<\/div>\n\t\t\t\t\t<\/div>\n\t\t\t\t<\/div>\n\t\t<div class=\"elementor-element elementor-element-c8fbe08 e-flex e-con-boxed e-con e-child\" data-id=\"c8fbe08\" data-element_type=\"container\">\n\t\t\t\t\t<div class=\"e-con-inner\">\n\t\t\t\t<div class=\"elementor-element elementor-element-3f003d7 elementor-widget__width-initial elementor-widget elementor-widget-heading\" data-id=\"3f003d7\" data-element_type=\"widget\" data-widget_type=\"heading.default\">\n\t\t\t\t<div class=\"elementor-widget-container\">\n\t\t\t\t\t<h2 class=\"elementor-heading-title elementor-size-default\">Derechos<\/h2>\t\t\t\t<\/div>\n\t\t\t\t<\/div>\n\t\t\t\t<div class=\"elementor-element elementor-element-bb7ecc9 elementor-widget elementor-widget-text-editor\" data-id=\"bb7ecc9\" data-element_type=\"widget\" data-widget_type=\"text-editor.default\">\n\t\t\t\t<div class=\"elementor-widget-container\">\n\t\t\t\t\t\t\t\t\t<p>Usted es titular de los siguientes derechos sobre sus datos de car\u00e1cter personal<\/p><ul><li>Derecho a solicitar el acceso a datos personales.<\/li><li>Derecho a solicitar su rectificaci\u00f3n o supresi\u00f3n.<\/li><li>Derecho a solicitar la limitaci\u00f3n u oposici\u00f3n de su tratamiento.<\/li><li>Revocaci\u00f3n del consentimiento prestado.<\/li><li>Derecho a la portabilidad de sus datos.<\/li><\/ul><p>\u00a0<\/p><p>Para el ejercicio de los derechos deber\u00e1 dirigirnos una comunicaci\u00f3n escrita a trav\u00e9s del correo electr\u00f3nico <a href=\"mailto:info@ceab.csic.es\">info@ceab.csic.es<\/a> especificando el derecho que desea ejercitar.<\/p><p>De todas formas, le informamos que usted puede solicitar la tutela de sus derechos ante la Agencia Espa\u00f1ola de Protecci\u00f3n de Datos con sede en la Calle Jorge Juan, 6, 28001 Madrid.<\/p>\t\t\t\t\t\t\t\t<\/div>\n\t\t\t\t<\/div>\n\t\t\t\t\t<\/div>\n\t\t\t\t<\/div>\n\t\t\t\t<\/div>\n\t\t","protected":false},"excerpt":{"rendered":"<p>Pol\u00edtica de privacidad Reglamento General de Protecci\u00f3n de Datos (RGDP) &#8211; Diciembre de 2018 Le informamos que los datos personales de nuestros clientes ser\u00e1n tratados de conformidad con la legislaci\u00f3n vigente en materia de protecci\u00f3n de datos personales, la privacidad de los usuarios y el secreto y la seguridad de los datos personales, seg\u00fan lo&hellip;&nbsp;<a href=\"https:\/\/www.ceab.csic.es\/es\/politica-de-privacidad\/\" rel=\"bookmark\"><span class=\"screen-reader-text\">Pol\u00edtica de privacidad<\/span><\/a><\/p>\n","protected":false},"author":1,"featured_media":0,"parent":0,"menu_order":0,"comment_status":"closed","ping_status":"closed","template":"page-templates\/template-pagebuilder-full-width.php","meta":{"_acf_changed":false,"neve_meta_sidebar":"","neve_meta_container":"","neve_meta_enable_content_width":"off","neve_meta_content_width":100,"neve_meta_title_alignment":"","neve_meta_author_avatar":"","neve_post_elements_order":"","neve_meta_disable_header":"","neve_meta_disable_footer":"","neve_meta_disable_title":"","footnotes":""},"class_list":["post-11141","page","type-page","status-publish","hentry"],"acf":[],"yoast_head":"<!-- This site is optimized with the Yoast SEO plugin v24.6 - https:\/\/yoast.com\/wordpress\/plugins\/seo\/ -->\n<title>Pol\u00edtica de privacidad | CEAB<\/title>\n<meta name=\"robots\" content=\"noindex, follow\" \/>\n<meta property=\"og:locale\" content=\"es_ES\" \/>\n<meta property=\"og:type\" content=\"article\" \/>\n<meta property=\"og:title\" content=\"Pol\u00edtica de privacidad | CEAB\" \/>\n<meta property=\"og:description\" content=\"Pol\u00edtica de privacidad Reglamento General de Protecci\u00f3n de Datos (RGDP) &#8211; Diciembre de 2018 Le informamos que los datos personales de nuestros clientes ser\u00e1n tratados de conformidad con la legislaci\u00f3n vigente en materia de protecci\u00f3n de datos personales, la privacidad de los usuarios y el secreto y la seguridad de los datos personales, seg\u00fan lo&hellip;&nbsp;Pol\u00edtica de privacidad\" \/>\n<meta property=\"og:url\" content=\"https:\/\/www.ceab.csic.es\/es\/politica-de-privacidad\/\" \/>\n<meta property=\"og:site_name\" content=\"CEAB\" \/>\n<meta property=\"article:modified_time\" content=\"2024-06-03T06:34:33+00:00\" \/>\n<meta property=\"og:image\" content=\"https:\/\/www.ceab.csic.es\/wp-content\/uploads\/2024\/07\/CEAB.jpg\" \/>\n\t<meta property=\"og:image:width\" content=\"1200\" \/>\n\t<meta property=\"og:image:height\" content=\"700\" \/>\n\t<meta property=\"og:image:type\" content=\"image\/jpeg\" \/>\n<meta name=\"twitter:card\" content=\"summary_large_image\" \/>\n<meta name=\"twitter:site\" content=\"@ceabcsic\" \/>\n<meta name=\"twitter:label1\" content=\"Tiempo de lectura\" \/>\n\t<meta name=\"twitter:data1\" content=\"3 minutos\" \/>\n<script type=\"application\/ld+json\" class=\"yoast-schema-graph\">{\"@context\":\"https:\/\/schema.org\",\"@graph\":[{\"@type\":\"WebPage\",\"@id\":\"https:\/\/www.ceab.csic.es\/es\/politica-de-privacidad\/\",\"url\":\"https:\/\/www.ceab.csic.es\/es\/politica-de-privacidad\/\",\"name\":\"Pol\u00edtica de privacidad | CEAB\",\"isPartOf\":{\"@id\":\"https:\/\/www.ceab.csic.es\/es\/#website\"},\"datePublished\":\"2024-04-02T13:18:48+00:00\",\"dateModified\":\"2024-06-03T06:34:33+00:00\",\"breadcrumb\":{\"@id\":\"https:\/\/www.ceab.csic.es\/es\/politica-de-privacidad\/#breadcrumb\"},\"inLanguage\":\"es\",\"potentialAction\":[{\"@type\":\"ReadAction\",\"target\":[\"https:\/\/www.ceab.csic.es\/es\/politica-de-privacidad\/\"]}]},{\"@type\":\"BreadcrumbList\",\"@id\":\"https:\/\/www.ceab.csic.es\/es\/politica-de-privacidad\/#breadcrumb\",\"itemListElement\":[{\"@type\":\"ListItem\",\"position\":1,\"name\":\"Inici\",\"item\":\"https:\/\/www.ceab.csic.es\/es\/\"},{\"@type\":\"ListItem\",\"position\":2,\"name\":\"Pol\u00edtica de privacidad\"}]},{\"@type\":\"WebSite\",\"@id\":\"https:\/\/www.ceab.csic.es\/es\/#website\",\"url\":\"https:\/\/www.ceab.csic.es\/es\/\",\"name\":\"CEAB\",\"description\":\"Centre Estudis Avan\u00e7ats de Blanes\",\"alternateName\":\"CEAB\",\"potentialAction\":[{\"@type\":\"SearchAction\",\"target\":{\"@type\":\"EntryPoint\",\"urlTemplate\":\"https:\/\/www.ceab.csic.es\/es\/?s={search_term_string}\"},\"query-input\":{\"@type\":\"PropertyValueSpecification\",\"valueRequired\":true,\"valueName\":\"search_term_string\"}}],\"inLanguage\":\"es\"}]}<\/script>\n<!-- \/ Yoast SEO plugin. -->","yoast_head_json":{"title":"Pol\u00edtica de privacidad | CEAB","robots":{"index":"noindex","follow":"follow"},"og_locale":"es_ES","og_type":"article","og_title":"Pol\u00edtica de privacidad | CEAB","og_description":"Pol\u00edtica de privacidad Reglamento General de Protecci\u00f3n de Datos (RGDP) &#8211; Diciembre de 2018 Le informamos que los datos personales de nuestros clientes ser\u00e1n tratados de conformidad con la legislaci\u00f3n vigente en materia de protecci\u00f3n de datos personales, la privacidad de los usuarios y el secreto y la seguridad de los datos personales, seg\u00fan lo&hellip;&nbsp;Pol\u00edtica de privacidad","og_url":"https:\/\/www.ceab.csic.es\/es\/politica-de-privacidad\/","og_site_name":"CEAB","article_modified_time":"2024-06-03T06:34:33+00:00","og_image":[{"width":1200,"height":700,"url":"https:\/\/www.ceab.csic.es\/wp-content\/uploads\/2024\/07\/CEAB.jpg","type":"image\/jpeg"}],"twitter_card":"summary_large_image","twitter_site":"@ceabcsic","twitter_misc":{"Tiempo de lectura":"3 minutos"},"schema":{"@context":"https:\/\/schema.org","@graph":[{"@type":"WebPage","@id":"https:\/\/www.ceab.csic.es\/es\/politica-de-privacidad\/","url":"https:\/\/www.ceab.csic.es\/es\/politica-de-privacidad\/","name":"Pol\u00edtica de privacidad | CEAB","isPartOf":{"@id":"https:\/\/www.ceab.csic.es\/es\/#website"},"datePublished":"2024-04-02T13:18:48+00:00","dateModified":"2024-06-03T06:34:33+00:00","breadcrumb":{"@id":"https:\/\/www.ceab.csic.es\/es\/politica-de-privacidad\/#breadcrumb"},"inLanguage":"es","potentialAction":[{"@type":"ReadAction","target":["https:\/\/www.ceab.csic.es\/es\/politica-de-privacidad\/"]}]},{"@type":"BreadcrumbList","@id":"https:\/\/www.ceab.csic.es\/es\/politica-de-privacidad\/#breadcrumb","itemListElement":[{"@type":"ListItem","position":1,"name":"Inici","item":"https:\/\/www.ceab.csic.es\/es\/"},{"@type":"ListItem","position":2,"name":"Pol\u00edtica de privacidad"}]},{"@type":"WebSite","@id":"https:\/\/www.ceab.csic.es\/es\/#website","url":"https:\/\/www.ceab.csic.es\/es\/","name":"CEAB","description":"Centre Estudis Avan\u00e7ats de Blanes","alternateName":"CEAB","potentialAction":[{"@type":"SearchAction","target":{"@type":"EntryPoint","urlTemplate":"https:\/\/www.ceab.csic.es\/es\/?s={search_term_string}"},"query-input":{"@type":"PropertyValueSpecification","valueRequired":true,"valueName":"search_term_string"}}],"inLanguage":"es"}]}},"_links":{"self":[{"href":"https:\/\/www.ceab.csic.es\/es\/wp-json\/wp\/v2\/pages\/11141","targetHints":{"allow":["GET"]}}],"collection":[{"href":"https:\/\/www.ceab.csic.es\/es\/wp-json\/wp\/v2\/pages"}],"about":[{"href":"https:\/\/www.ceab.csic.es\/es\/wp-json\/wp\/v2\/types\/page"}],"author":[{"embeddable":true,"href":"https:\/\/www.ceab.csic.es\/es\/wp-json\/wp\/v2\/users\/1"}],"replies":[{"embeddable":true,"href":"https:\/\/www.ceab.csic.es\/es\/wp-json\/wp\/v2\/comments?post=11141"}],"version-history":[{"count":4,"href":"https:\/\/www.ceab.csic.es\/es\/wp-json\/wp\/v2\/pages\/11141\/revisions"}],"predecessor-version":[{"id":11145,"href":"https:\/\/www.ceab.csic.es\/es\/wp-json\/wp\/v2\/pages\/11141\/revisions\/11145"}],"wp:attachment":[{"href":"https:\/\/www.ceab.csic.es\/es\/wp-json\/wp\/v2\/media?parent=11141"}],"curies":[{"name":"wp","href":"https:\/\/api.w.org\/{rel}","templated":true}]}}