{"id":11147,"date":"2024-04-02T13:49:08","date_gmt":"2024-04-02T11:49:08","guid":{"rendered":"https:\/\/www.ceab.csic.es\/avis-legal\/"},"modified":"2024-06-03T11:01:01","modified_gmt":"2024-06-03T09:01:01","slug":"aviso-legal","status":"publish","type":"page","link":"https:\/\/www.ceab.csic.es\/es\/aviso-legal\/","title":{"rendered":"Aviso legal"},"content":{"rendered":"\t\t<div data-elementor-type=\"wp-page\" data-elementor-id=\"11147\" class=\"elementor elementor-11147 elementor-6142\" data-elementor-post-type=\"page\">\n\t\t\t\t<div class=\"elementor-element elementor-element-04aa986 e-con-full e-flex e-con e-parent\" data-id=\"04aa986\" data-element_type=\"container\" data-settings=\"{&quot;background_background&quot;:&quot;gradient&quot;}\">\n\t\t\t\t<div class=\"elementor-element elementor-element-1b502f1 animated-slow elementor-invisible elementor-widget elementor-widget-qi_addons_for_elementor_animated_text\" data-id=\"1b502f1\" data-element_type=\"widget\" data-settings=\"{&quot;_animation&quot;:&quot;fadeIn&quot;}\" data-widget_type=\"qi_addons_for_elementor_animated_text.default\">\n\t\t\t\t<div class=\"elementor-widget-container\">\n\t\t\t\t\t<div class=\"qodef-shortcode qodef-m qodef-qi-animated-text qodef--animated-by-letter qodef-qi--has-appear qodef--appear-from-bottom\" data-appear-delay=\"200\">\n\t\t<h1 class=\"qodef-m-title\">\n\t\t<span class=\"qodef-e-word-holder\">Aviso<\/span> <span class=\"qodef-e-word-holder\">legal<\/span>\t<\/h1>\n<\/div>\n\t\t\t\t<\/div>\n\t\t\t\t<\/div>\n\t\t\t\t<\/div>\n\t\t<div class=\"elementor-element elementor-element-7e39b0c e-flex e-con-boxed e-con e-child\" data-id=\"7e39b0c\" data-element_type=\"container\">\n\t\t\t\t\t<div class=\"e-con-inner\">\n\t\t\t\t<div class=\"elementor-element elementor-element-061b592 elementor-widget__width-initial elementor-widget elementor-widget-heading\" data-id=\"061b592\" data-element_type=\"widget\" data-widget_type=\"heading.default\">\n\t\t\t\t<div class=\"elementor-widget-container\">\n\t\t\t\t\t<h2 class=\"elementor-heading-title elementor-size-default\">Condiciones generales de uso del portal www.ceab.csic.es<\/h2>\t\t\t\t<\/div>\n\t\t\t\t<\/div>\n\t\t\t\t<div class=\"elementor-element elementor-element-f15e4b9 elementor-widget elementor-widget-text-editor\" data-id=\"f15e4b9\" data-element_type=\"widget\" data-widget_type=\"text-editor.default\">\n\t\t\t\t<div class=\"elementor-widget-container\">\n\t\t\t\t\t\t\t\t\t<p>El Centro de Estudios Avanzados de Blanes (CEAB-CSIC), informa que el acceso y uso de la p\u00e1gina web www.ceab.csic.es y todos los subdominios y directorios incluidos bajo la misma (en adelante, conjuntamente denominados como el Portal ) est\u00e1n sujetos a los t\u00e9rminos que se detallan en este Aviso Legal, sin perjuicio de que el acceso a alguno de estos servicios o contenidos puedan requerir la aceptaci\u00f3n de unas condiciones generales adicionales.<\/p><p>El CEAB-CSIC se reserva el derecho a realizar cambios en el Portal sin previo aviso, con el objeto de actualizar, corregir, modificar, a\u00f1adir o eliminar los contenidos o el dise\u00f1o. Debido a que la actualizaci\u00f3n de la informaci\u00f3n no es inmediata, le sugerimos que compruebe siempre la vigencia y exactitud de la informaci\u00f3n, servicios y contenidos presentados. Asimismo, las condiciones y t\u00e9rminos que se recogen en el presente Aviso pueden variar, por lo que le invitamos a revisar estos t\u00e9rminos cuando visite de nuevo el Portal.<\/p><p>El CEAB-CSIC no se hace responsable de los da\u00f1os y perjuicios que pueda ocasionar la utilizaci\u00f3n de las herramientas e informaciones contenidas en www.ceab.csic.es en relaci\u00f3n con la adopci\u00f3n de decisiones sobre el inicio, desarrollo o resultado de procedimientos administrativos. Estas decisiones deben ser contrastadas en los centros, organismos o dependencias competentes. En cualquier caso, la informaci\u00f3n y los contenidos de esta web no podr\u00e1 ser alegada en procesos contradictorios con la Administraci\u00f3n P\u00fablica, no asumiendo responsabilidad alguna por las discrepancias que pudieran existir entre los documentos impresos de la Administraci\u00f3n competente y la publicaci\u00f3n electr\u00f3nica en estas p\u00e1ginas.<\/p>\t\t\t\t\t\t\t\t<\/div>\n\t\t\t\t<\/div>\n\t\t\t\t\t<\/div>\n\t\t\t\t<\/div>\n\t\t<div class=\"elementor-element elementor-element-17cba13 e-flex e-con-boxed e-con e-child\" data-id=\"17cba13\" data-element_type=\"container\">\n\t\t\t\t\t<div class=\"e-con-inner\">\n\t\t\t\t<div class=\"elementor-element elementor-element-48df13e elementor-widget__width-initial elementor-widget elementor-widget-heading\" data-id=\"48df13e\" data-element_type=\"widget\" data-widget_type=\"heading.default\">\n\t\t\t\t<div class=\"elementor-widget-container\">\n\t\t\t\t\t<h2 class=\"elementor-heading-title elementor-size-default\">Derechos de propiedad intelectual y de propiedad industrial<\/h2>\t\t\t\t<\/div>\n\t\t\t\t<\/div>\n\t\t\t\t<div class=\"elementor-element elementor-element-d1c56f1 elementor-widget elementor-widget-text-editor\" data-id=\"d1c56f1\" data-element_type=\"widget\" data-widget_type=\"text-editor.default\">\n\t\t\t\t<div class=\"elementor-widget-container\">\n\t\t\t\t\t\t\t\t\t<p>Tanto el dise\u00f1o del Portal y sus c\u00f3digos fuente, como los logotipos, marcas, y otros signos distintivos que aparecen en el mismo, pertenecen al CEAB-CSIC o entidades colaboradoras y est\u00e1n protegidos por los correspondientes derechos de propiedad intelectual e industrial.<\/p><p>La informaci\u00f3n disponible en este sitio web, salvo indicaci\u00f3n expresa en contrario, es susceptible de reutilizaci\u00f3n; quedando autorizada su reproducci\u00f3n total o parcial, modificaci\u00f3n, distribuci\u00f3n y comunicaci\u00f3n, para usos comerciales y no comerciales, con sujeci\u00f3n a las siguientes condiciones:<\/p><p>Queda prohibida, en cualquier circunstancia, la desnaturalizaci\u00f3n del contenido de la informaci\u00f3n.<\/p><p>El usuario queda obligado a nombrar la fuente de los documentos objeto de la reutilizaci\u00f3n.<\/p><p>El usuario queda obligado a mencionar la fecha de la \u00faltima actualizaci\u00f3n de los documentos objeto de la reutilizaci\u00f3n<\/p><p>El CEAB-CSIC declara su respeto a los derechos de propiedad intelectual e industrial de terceros; por eso, si considera que este sitio pudiera estar violando sus derechos, rogamos se ponga en contacto con el Consejo Superior de Investigaciones Cient\u00edficas.<\/p>\t\t\t\t\t\t\t\t<\/div>\n\t\t\t\t<\/div>\n\t\t\t\t\t<\/div>\n\t\t\t\t<\/div>\n\t\t<div class=\"elementor-element elementor-element-199fc24 e-flex e-con-boxed e-con e-child\" data-id=\"199fc24\" data-element_type=\"container\">\n\t\t\t\t\t<div class=\"e-con-inner\">\n\t\t\t\t<div class=\"elementor-element elementor-element-560c014 elementor-widget__width-initial elementor-widget elementor-widget-heading\" data-id=\"560c014\" data-element_type=\"widget\" data-widget_type=\"heading.default\">\n\t\t\t\t<div class=\"elementor-widget-container\">\n\t\t\t\t\t<h2 class=\"elementor-heading-title elementor-size-default\">Links o hiperenlaces<\/h2>\t\t\t\t<\/div>\n\t\t\t\t<\/div>\n\t\t\t\t<div class=\"elementor-element elementor-element-69ef5a4 elementor-widget elementor-widget-text-editor\" data-id=\"69ef5a4\" data-element_type=\"widget\" data-widget_type=\"text-editor.default\">\n\t\t\t\t<div class=\"elementor-widget-container\">\n\t\t\t\t\t\t\t\t\t<p>Los usuarios que se propongan establecer un hiperenlace entre su p\u00e1gina web y la del CEAB-CSIC tendr\u00e1n que tener en cuenta lo siguiente:<\/p><p>El establecimiento del hiperenlace no implica, en ning\u00fan caso, la existencia de relaciones entre el CEAB-CSIC y el propietario de la p\u00e1gina web, ni la aceptaci\u00f3n y aprobaci\u00f3n por parte del CEAB-CSIC de sus contenidos o servicios. Por tanto, no se declarar\u00e1 ni se dar\u00e1 a entender que el CEAB-CSIC ha autorizado expresamente el hiperenlace, ni que ha supervisado o asumido los contenidos y servicios ofrecidos o puestos a disposici\u00f3n en esta p\u00e1gina web.<\/p><p>El CEAB-CSIC no se responsabiliza, en modo alguno, ni garantiza la calidad, exactitud, fiabilidad, correcci\u00f3n o moralidad de contenidos o servicios que el establecimiento del hiperenlace pueda ofrecer. El usuario asume bajo su exclusiva responsabilidad las consecuencias, da\u00f1os o acciones que pudieran derivarse del acceso a la p\u00e1gina web del hiperenlace.<\/p><p>La p\u00e1gina web en la que se establezca el hiperenlace no podr\u00e1 contener ninguna marca, denominaci\u00f3n, logotipo, eslogan u otros signos distintivos pertenecientes al CSIC, salvo aquellos signos que formen parte del mismo hiperenlace.<\/p><p>La p\u00e1gina web en la que se establezca el hiperenlace no contendr\u00e1 informaciones con contenidos il\u00edcitos, contrarios a la moral ya las buenas costumbres generalmente aceptadas en el orden p\u00fablico, as\u00ed como tampoco contendr\u00e1 contenidos contrarios a derechos de terceros.<\/p>\t\t\t\t\t\t\t\t<\/div>\n\t\t\t\t<\/div>\n\t\t\t\t\t<\/div>\n\t\t\t\t<\/div>\n\t\t<div class=\"elementor-element elementor-element-87dc1fb e-flex e-con-boxed e-con e-child\" data-id=\"87dc1fb\" data-element_type=\"container\">\n\t\t\t\t\t<div class=\"e-con-inner\">\n\t\t\t\t<div class=\"elementor-element elementor-element-9afde85 elementor-widget__width-initial elementor-widget elementor-widget-heading\" data-id=\"9afde85\" data-element_type=\"widget\" data-widget_type=\"heading.default\">\n\t\t\t\t<div class=\"elementor-widget-container\">\n\t\t\t\t\t<h2 class=\"elementor-heading-title elementor-size-default\">Frames<\/h2>\t\t\t\t<\/div>\n\t\t\t\t<\/div>\n\t\t\t\t<div class=\"elementor-element elementor-element-af4e556 elementor-widget elementor-widget-text-editor\" data-id=\"af4e556\" data-element_type=\"widget\" data-widget_type=\"text-editor.default\">\n\t\t\t\t<div class=\"elementor-widget-container\">\n\t\t\t\t\t\t\t\t\t<p>El CEAB-CSIC proh\u00edbe expresamente la realizaci\u00f3n de \u201cframings\u201d o la utilizaci\u00f3n por parte de terceros de cualesquiera otros mecanismos que alteren el dise\u00f1o, configuraci\u00f3n original o contenidos de su Portal.<\/p>\t\t\t\t\t\t\t\t<\/div>\n\t\t\t\t<\/div>\n\t\t\t\t\t<\/div>\n\t\t\t\t<\/div>\n\t\t<div class=\"elementor-element elementor-element-7230883 e-flex e-con-boxed e-con e-child\" data-id=\"7230883\" data-element_type=\"container\">\n\t\t\t\t\t<div class=\"e-con-inner\">\n\t\t\t\t<div class=\"elementor-element elementor-element-1f16b7b elementor-widget__width-initial elementor-widget elementor-widget-heading\" data-id=\"1f16b7b\" data-element_type=\"widget\" data-widget_type=\"heading.default\">\n\t\t\t\t<div class=\"elementor-widget-container\">\n\t\t\t\t\t<h2 class=\"elementor-heading-title elementor-size-default\">Privacidad<\/h2>\t\t\t\t<\/div>\n\t\t\t\t<\/div>\n\t\t\t\t<div class=\"elementor-element elementor-element-63a1e35 elementor-widget elementor-widget-text-editor\" data-id=\"63a1e35\" data-element_type=\"widget\" data-widget_type=\"text-editor.default\">\n\t\t\t\t<div class=\"elementor-widget-container\">\n\t\t\t\t\t\t\t\t\t<p>El CEAB-CSIC es la entidad responsable del archivo de datos generado con los datos de car\u00e1cter personal suministrados por los usuarios del portal www.ceab.csic.es.<\/p><p>De acuerdo con la Ley Org\u00e1nica 15\/1999 de 13 de diciembre de Protecci\u00f3n de Datos de Car\u00e1cter Personal, el CEAB.CSIC se compromete al cumplimiento de su obligaci\u00f3n de secreto respecto a los datos de car\u00e1cter personal y al deber de tratarlo las con confidencialidad. A estos efectos, adoptar\u00e1 las medidas necesarias para evitar su alteraci\u00f3n, p\u00e9rdida, tratamiento o acceso no autorizado.<\/p><p>La recogida y tratamiento automatizado de los datos personales tiene como finalidad la gesti\u00f3n, prestaci\u00f3n, ampliaci\u00f3n y mejora de los servicios solicitados en cada momento por el usuario y el seguimiento de consultas planteadas por los usuarios.<\/p><p>El usuario podr\u00e1 ejercitar en todo momento los derechos de acceso, rectificaci\u00f3n, cancelaci\u00f3n u oposici\u00f3n, dirigi\u00e9ndose a los servicios administrativos del CEAB-CSIC a la direcci\u00f3n C\/ Carretera de acceso a la cala Sant Francesc n\u00ba14 17300 Blanes (Girona) Espa\u00f1a, por escrito, acompa\u00f1ando fotocopia del DNI a la direcci\u00f3n anteriormente indicada.<\/p><p>EL CEAB-CSIC mantiene los niveles de protecci\u00f3n de sus datos personales conforme al REAL DECRETO 1720\/2007, de 21 de diciembre, por el que se aprueba el Reglamento de desarrollo de la Ley Org\u00e1nica 15\/1999, de 13 de diciembre, de protecci\u00f3n de datos de car\u00e1cter personal, y ha establecido todos los medios t\u00e9cnicos a su alcance para evitar la p\u00e9rdida, mal uso, alteraci\u00f3n, acceso no autorizado y robo de los datos que los ciudadanos faciliten al CEAB-CSIC, sin perjuicio de que las medidas de seguridad en Internet no sean inexpugnables.<\/p><p>El CEAB-CSIC se reserva la facultad de modificar esta Pol\u00edtica de Privacidad para adaptarla a las novedades legislativas, jurisprudenciales o de interpretaci\u00f3n de la Agencia Espa\u00f1ola de Protecci\u00f3n de Datos. En este caso, el CEAB-CSIC anunciar\u00e1 estos cambios, indicando claramente y con la debida antelaci\u00f3n las modificaciones efectuadas, y solicitando, en caso de que se considere necesario, la aceptaci\u00f3n de los mismos.<\/p>\t\t\t\t\t\t\t\t<\/div>\n\t\t\t\t<\/div>\n\t\t\t\t\t<\/div>\n\t\t\t\t<\/div>\n\t\t<div class=\"elementor-element elementor-element-d1b834d e-flex e-con-boxed e-con e-child\" data-id=\"d1b834d\" data-element_type=\"container\">\n\t\t\t\t\t<div class=\"e-con-inner\">\n\t\t\t\t<div class=\"elementor-element elementor-element-19740ef elementor-widget__width-initial elementor-widget elementor-widget-heading\" data-id=\"19740ef\" data-element_type=\"widget\" data-widget_type=\"heading.default\">\n\t\t\t\t<div class=\"elementor-widget-container\">\n\t\t\t\t\t<h2 class=\"elementor-heading-title elementor-size-default\">Ley aplicable y jurisdicci\u00f3n<\/h2>\t\t\t\t<\/div>\n\t\t\t\t<\/div>\n\t\t\t\t<div class=\"elementor-element elementor-element-da35b5c elementor-widget elementor-widget-text-editor\" data-id=\"da35b5c\" data-element_type=\"widget\" data-widget_type=\"text-editor.default\">\n\t\t\t\t<div class=\"elementor-widget-container\">\n\t\t\t\t\t\t\t\t\t<p>La ley aplicable en caso de disputa o conflicto de interpretaci\u00f3n de los t\u00e9rminos que conforman el presente Aviso Legal, as\u00ed como cualquier cuesti\u00f3n relacionada con los servicios de este Portal, ser\u00e1 la ley espa\u00f1ola.<\/p><p>Para la resoluci\u00f3n de cualquier conflicto que pueda surgir con ocasi\u00f3n de la visita al Portal o del uso de los servicios que en \u00e9l se puedan ofrecer, el CEAB-CSIC y el Usuario acuerdan someter a los jueces y tribunales del domicilio del Usuario, siempre que el mismo se encuentre en territorio espa\u00f1ol.<\/p>\t\t\t\t\t\t\t\t<\/div>\n\t\t\t\t<\/div>\n\t\t\t\t\t<\/div>\n\t\t\t\t<\/div>\n\t\t\t\t<\/div>\n\t\t","protected":false},"excerpt":{"rendered":"<p>Aviso legal Condiciones generales de uso del portal www.ceab.csic.es El Centro de Estudios Avanzados de Blanes (CEAB-CSIC), informa que el acceso y uso de la p\u00e1gina web www.ceab.csic.es y todos los subdominios y directorios incluidos bajo la misma (en adelante, conjuntamente denominados como el Portal ) est\u00e1n sujetos a los t\u00e9rminos que se detallan en&hellip;&nbsp;<a href=\"https:\/\/www.ceab.csic.es\/es\/aviso-legal\/\" rel=\"bookmark\"><span class=\"screen-reader-text\">Aviso legal<\/span><\/a><\/p>\n","protected":false},"author":1,"featured_media":0,"parent":0,"menu_order":0,"comment_status":"closed","ping_status":"closed","template":"page-templates\/template-pagebuilder-full-width.php","meta":{"_acf_changed":false,"neve_meta_sidebar":"","neve_meta_container":"","neve_meta_enable_content_width":"off","neve_meta_content_width":100,"neve_meta_title_alignment":"","neve_meta_author_avatar":"","neve_post_elements_order":"","neve_meta_disable_header":"","neve_meta_disable_footer":"","neve_meta_disable_title":"","footnotes":""},"class_list":["post-11147","page","type-page","status-publish","hentry"],"acf":[],"yoast_head":"<!-- This site is optimized with the Yoast SEO plugin v24.6 - https:\/\/yoast.com\/wordpress\/plugins\/seo\/ -->\n<title>Aviso legal | CEAB<\/title>\n<meta name=\"robots\" content=\"noindex, follow\" \/>\n<meta property=\"og:locale\" content=\"es_ES\" \/>\n<meta property=\"og:type\" content=\"article\" \/>\n<meta property=\"og:title\" content=\"Aviso legal | CEAB\" \/>\n<meta property=\"og:description\" content=\"Aviso legal Condiciones generales de uso del portal www.ceab.csic.es El Centro de Estudios Avanzados de Blanes (CEAB-CSIC), informa que el acceso y uso de la p\u00e1gina web www.ceab.csic.es y todos los subdominios y directorios incluidos bajo la misma (en adelante, conjuntamente denominados como el Portal ) est\u00e1n sujetos a los t\u00e9rminos que se detallan en&hellip;&nbsp;Aviso legal\" \/>\n<meta property=\"og:url\" content=\"https:\/\/www.ceab.csic.es\/es\/aviso-legal\/\" \/>\n<meta property=\"og:site_name\" content=\"CEAB\" \/>\n<meta property=\"article:modified_time\" content=\"2024-06-03T09:01:01+00:00\" \/>\n<meta property=\"og:image\" content=\"https:\/\/www.ceab.csic.es\/wp-content\/uploads\/2024\/07\/CEAB.jpg\" \/>\n\t<meta property=\"og:image:width\" content=\"1200\" \/>\n\t<meta property=\"og:image:height\" content=\"700\" \/>\n\t<meta property=\"og:image:type\" content=\"image\/jpeg\" \/>\n<meta name=\"twitter:card\" content=\"summary_large_image\" \/>\n<meta name=\"twitter:site\" content=\"@ceabcsic\" \/>\n<meta name=\"twitter:label1\" content=\"Tiempo de lectura\" \/>\n\t<meta name=\"twitter:data1\" content=\"6 minutos\" \/>\n<script type=\"application\/ld+json\" class=\"yoast-schema-graph\">{\"@context\":\"https:\/\/schema.org\",\"@graph\":[{\"@type\":\"WebPage\",\"@id\":\"https:\/\/www.ceab.csic.es\/es\/aviso-legal\/\",\"url\":\"https:\/\/www.ceab.csic.es\/es\/aviso-legal\/\",\"name\":\"Aviso legal | CEAB\",\"isPartOf\":{\"@id\":\"https:\/\/www.ceab.csic.es\/es\/#website\"},\"datePublished\":\"2024-04-02T11:49:08+00:00\",\"dateModified\":\"2024-06-03T09:01:01+00:00\",\"breadcrumb\":{\"@id\":\"https:\/\/www.ceab.csic.es\/es\/aviso-legal\/#breadcrumb\"},\"inLanguage\":\"es\",\"potentialAction\":[{\"@type\":\"ReadAction\",\"target\":[\"https:\/\/www.ceab.csic.es\/es\/aviso-legal\/\"]}]},{\"@type\":\"BreadcrumbList\",\"@id\":\"https:\/\/www.ceab.csic.es\/es\/aviso-legal\/#breadcrumb\",\"itemListElement\":[{\"@type\":\"ListItem\",\"position\":1,\"name\":\"Inici\",\"item\":\"https:\/\/www.ceab.csic.es\/es\/\"},{\"@type\":\"ListItem\",\"position\":2,\"name\":\"Aviso legal\"}]},{\"@type\":\"WebSite\",\"@id\":\"https:\/\/www.ceab.csic.es\/es\/#website\",\"url\":\"https:\/\/www.ceab.csic.es\/es\/\",\"name\":\"CEAB\",\"description\":\"Centre Estudis Avan\u00e7ats de Blanes\",\"alternateName\":\"CEAB\",\"potentialAction\":[{\"@type\":\"SearchAction\",\"target\":{\"@type\":\"EntryPoint\",\"urlTemplate\":\"https:\/\/www.ceab.csic.es\/es\/?s={search_term_string}\"},\"query-input\":{\"@type\":\"PropertyValueSpecification\",\"valueRequired\":true,\"valueName\":\"search_term_string\"}}],\"inLanguage\":\"es\"}]}<\/script>\n<!-- \/ Yoast SEO plugin. -->","yoast_head_json":{"title":"Aviso legal | CEAB","robots":{"index":"noindex","follow":"follow"},"og_locale":"es_ES","og_type":"article","og_title":"Aviso legal | CEAB","og_description":"Aviso legal Condiciones generales de uso del portal www.ceab.csic.es El Centro de Estudios Avanzados de Blanes (CEAB-CSIC), informa que el acceso y uso de la p\u00e1gina web www.ceab.csic.es y todos los subdominios y directorios incluidos bajo la misma (en adelante, conjuntamente denominados como el Portal ) est\u00e1n sujetos a los t\u00e9rminos que se detallan en&hellip;&nbsp;Aviso legal","og_url":"https:\/\/www.ceab.csic.es\/es\/aviso-legal\/","og_site_name":"CEAB","article_modified_time":"2024-06-03T09:01:01+00:00","og_image":[{"width":1200,"height":700,"url":"https:\/\/www.ceab.csic.es\/wp-content\/uploads\/2024\/07\/CEAB.jpg","type":"image\/jpeg"}],"twitter_card":"summary_large_image","twitter_site":"@ceabcsic","twitter_misc":{"Tiempo de lectura":"6 minutos"},"schema":{"@context":"https:\/\/schema.org","@graph":[{"@type":"WebPage","@id":"https:\/\/www.ceab.csic.es\/es\/aviso-legal\/","url":"https:\/\/www.ceab.csic.es\/es\/aviso-legal\/","name":"Aviso legal | CEAB","isPartOf":{"@id":"https:\/\/www.ceab.csic.es\/es\/#website"},"datePublished":"2024-04-02T11:49:08+00:00","dateModified":"2024-06-03T09:01:01+00:00","breadcrumb":{"@id":"https:\/\/www.ceab.csic.es\/es\/aviso-legal\/#breadcrumb"},"inLanguage":"es","potentialAction":[{"@type":"ReadAction","target":["https:\/\/www.ceab.csic.es\/es\/aviso-legal\/"]}]},{"@type":"BreadcrumbList","@id":"https:\/\/www.ceab.csic.es\/es\/aviso-legal\/#breadcrumb","itemListElement":[{"@type":"ListItem","position":1,"name":"Inici","item":"https:\/\/www.ceab.csic.es\/es\/"},{"@type":"ListItem","position":2,"name":"Aviso legal"}]},{"@type":"WebSite","@id":"https:\/\/www.ceab.csic.es\/es\/#website","url":"https:\/\/www.ceab.csic.es\/es\/","name":"CEAB","description":"Centre Estudis Avan\u00e7ats de Blanes","alternateName":"CEAB","potentialAction":[{"@type":"SearchAction","target":{"@type":"EntryPoint","urlTemplate":"https:\/\/www.ceab.csic.es\/es\/?s={search_term_string}"},"query-input":{"@type":"PropertyValueSpecification","valueRequired":true,"valueName":"search_term_string"}}],"inLanguage":"es"}]}},"_links":{"self":[{"href":"https:\/\/www.ceab.csic.es\/es\/wp-json\/wp\/v2\/pages\/11147","targetHints":{"allow":["GET"]}}],"collection":[{"href":"https:\/\/www.ceab.csic.es\/es\/wp-json\/wp\/v2\/pages"}],"about":[{"href":"https:\/\/www.ceab.csic.es\/es\/wp-json\/wp\/v2\/types\/page"}],"author":[{"embeddable":true,"href":"https:\/\/www.ceab.csic.es\/es\/wp-json\/wp\/v2\/users\/1"}],"replies":[{"embeddable":true,"href":"https:\/\/www.ceab.csic.es\/es\/wp-json\/wp\/v2\/comments?post=11147"}],"version-history":[{"count":4,"href":"https:\/\/www.ceab.csic.es\/es\/wp-json\/wp\/v2\/pages\/11147\/revisions"}],"predecessor-version":[{"id":11235,"href":"https:\/\/www.ceab.csic.es\/es\/wp-json\/wp\/v2\/pages\/11147\/revisions\/11235"}],"wp:attachment":[{"href":"https:\/\/www.ceab.csic.es\/es\/wp-json\/wp\/v2\/media?parent=11147"}],"curies":[{"name":"wp","href":"https:\/\/api.w.org\/{rel}","templated":true}]}}