{"id":11381,"date":"2024-03-26T09:15:17","date_gmt":"2024-03-26T08:15:17","guid":{"rendered":"https:\/\/www.ceab.csic.es\/ciencia-i-societat\/"},"modified":"2024-06-03T12:36:54","modified_gmt":"2024-06-03T10:36:54","slug":"ciencia-y-sociedad","status":"publish","type":"page","link":"https:\/\/www.ceab.csic.es\/es\/ciencia-y-sociedad\/","title":{"rendered":"Ciencia y sociedad"},"content":{"rendered":"\t\t<div data-elementor-type=\"wp-page\" data-elementor-id=\"11381\" class=\"elementor elementor-11381 elementor-5921\" data-elementor-post-type=\"page\">\n\t\t\t\t<div data-dce-background-image-url=\"https:\/\/www.ceab.csic.es\/wp-content\/uploads\/2024\/04\/ciencia-i-societat.jpg\" class=\"elementor-element elementor-element-b1c99fe e-con-full e-flex e-con e-parent\" data-id=\"b1c99fe\" data-element_type=\"container\" data-settings=\"{&quot;background_background&quot;:&quot;classic&quot;}\">\n\t\t\t\t<div class=\"elementor-element elementor-element-e70ef76 animated-slow elementor-invisible elementor-widget elementor-widget-qi_addons_for_elementor_animated_text\" data-id=\"e70ef76\" data-element_type=\"widget\" data-settings=\"{&quot;_animation&quot;:&quot;fadeIn&quot;}\" data-widget_type=\"qi_addons_for_elementor_animated_text.default\">\n\t\t\t\t<div class=\"elementor-widget-container\">\n\t\t\t\t\t<div class=\"qodef-shortcode qodef-m qodef-qi-animated-text qodef--animated-by-letter qodef-qi--has-appear qodef--appear-from-bottom\" data-appear-delay=\"200\">\n\t\t<h1 class=\"qodef-m-title\">\n\t\t<span class=\"qodef-e-word-holder\">Ciencia<\/span> <span class=\"qodef-e-word-holder\">y<\/span> <span class=\"qodef-e-word-holder\">sociedad<\/span>\t<\/h1>\n<\/div>\n\t\t\t\t<\/div>\n\t\t\t\t<\/div>\n\t\t\t\t<\/div>\n\t\t<div class=\"elementor-element elementor-element-24dba6f e-flex e-con-boxed e-con e-child\" data-id=\"24dba6f\" data-element_type=\"container\">\n\t\t\t\t\t<div class=\"e-con-inner\">\n\t\t\t\t<div class=\"elementor-element elementor-element-22b80ef elementor-widget__width-initial elementor-widget elementor-widget-heading\" data-id=\"22b80ef\" data-element_type=\"widget\" data-widget_type=\"heading.default\">\n\t\t\t\t<div class=\"elementor-widget-container\">\n\t\t\t\t\t<div class=\"elementor-heading-title elementor-size-default\">Compartir el conocimiento cient\u00edfico que se va generando, propiciar que las evidencias cient\u00edficas motiven la toma de decisiones, fomentar la cultura y las vocaciones cient\u00edficas, promover el respeto y el cuidado de la naturaleza, etc. son algunos de los objetivos que buscamos alcanzar con las iniciativas de cultura cient\u00edfica, dirigidas a los diferentes sectores de la sociedad<\/div>\t\t\t\t<\/div>\n\t\t\t\t<\/div>\n\t\t\t\t\t<\/div>\n\t\t\t\t<\/div>\n\t\t<div class=\"elementor-element elementor-element-3ac98cf e-flex e-con-boxed e-con e-parent\" data-id=\"3ac98cf\" data-element_type=\"container\">\n\t\t\t\t\t<div class=\"e-con-inner\">\n\t\t<div class=\"elementor-element elementor-element-53298e1 e-con-full e-flex e-con e-child\" data-id=\"53298e1\" data-element_type=\"container\">\n\t\t<div data-dce-background-color=\"#D7DCDF1A\" class=\"elementor-element elementor-element-14a70af e-con-full e-flex e-con e-child\" data-id=\"14a70af\" data-element_type=\"container\" data-settings=\"{&quot;background_background&quot;:&quot;classic&quot;}\">\n\t\t<a class=\"eael-wrapper-link-c74fc50 --eael-wrapper-link-tag\" href=\"https:\/\/www.ceab.csic.es\/es\/ciencia-y-sociedad\/innovacion-y-transferencia\/\"><\/a><div data-eael-wrapper-link=\"eael-wrapper-link-c74fc50\" data-dce-background-image-url=\"https:\/\/www.ceab.csic.es\/wp-content\/uploads\/2024\/03\/innovacio-transferencia.jpg\" class=\"elementor-element elementor-element-c74fc50 e-con-full e-flex e-con e-child\" data-id=\"c74fc50\" data-element_type=\"container\" data-settings=\"{&quot;background_background&quot;:&quot;classic&quot;}\">\n\t\t\t\t<\/div>\n\t\t<div class=\"elementor-element elementor-element-20100fe e-con-full e-flex e-con e-child\" data-id=\"20100fe\" data-element_type=\"container\">\n\t\t\t\t<div class=\"elementor-element elementor-element-73bfe32 elementor-widget elementor-widget-heading\" data-id=\"73bfe32\" data-element_type=\"widget\" data-widget_type=\"heading.default\">\n\t\t\t\t<div class=\"elementor-widget-container\">\n\t\t\t\t\t<h2 class=\"elementor-heading-title elementor-size-default\"><a href=\"https:\/\/www.ceab.csic.es\/es\/ciencia-y-sociedad\/innovacion-y-transferencia\/\">Innovaci\u00f3n y transferencia<\/a><\/h2>\t\t\t\t<\/div>\n\t\t\t\t<\/div>\n\t\t\t\t<div class=\"elementor-element elementor-element-9cb54b9 elementor-mobile-align-left elementor-align-left elementor-widget elementor-widget-button\" data-id=\"9cb54b9\" data-element_type=\"widget\" data-widget_type=\"button.default\">\n\t\t\t\t<div class=\"elementor-widget-container\">\n\t\t\t\t\t\t\t\t\t<div class=\"elementor-button-wrapper\">\n\t\t\t\t\t<a class=\"elementor-button elementor-button-link elementor-size-sm elementor-animation-shrink\" href=\"https:\/\/www.ceab.csic.es\/es\/ciencia-y-sociedad\/innovacion-y-transferencia\/\">\n\t\t\t\t\t\t<span class=\"elementor-button-content-wrapper\">\n\t\t\t\t\t\t\t\t\t<span class=\"elementor-button-text\">Saber m\u00e1s<\/span>\n\t\t\t\t\t<\/span>\n\t\t\t\t\t<\/a>\n\t\t\t\t<\/div>\n\t\t\t\t\t\t\t\t<\/div>\n\t\t\t\t<\/div>\n\t\t\t\t<\/div>\n\t\t\t\t<\/div>\n\t\t<div data-dce-background-color=\"#D7DCDF1A\" class=\"elementor-element elementor-element-136d27f e-con-full e-flex e-con e-child\" data-id=\"136d27f\" data-element_type=\"container\" data-settings=\"{&quot;background_background&quot;:&quot;classic&quot;}\">\n\t\t<a class=\"eael-wrapper-link-cafa1a8 --eael-wrapper-link-tag\" href=\"https:\/\/www.ceab.csic.es\/es\/ciencia-y-sociedad\/actividades-de-divulgacion\/\"><\/a><div data-eael-wrapper-link=\"eael-wrapper-link-cafa1a8\" data-dce-background-image-url=\"https:\/\/www.ceab.csic.es\/wp-content\/uploads\/2024\/03\/activitats-divulgacio.jpg\" class=\"elementor-element elementor-element-cafa1a8 e-con-full e-flex e-con e-child\" data-id=\"cafa1a8\" data-element_type=\"container\" data-settings=\"{&quot;background_background&quot;:&quot;classic&quot;}\">\n\t\t\t\t<\/div>\n\t\t<div class=\"elementor-element elementor-element-33c3b9d e-con-full e-flex e-con e-child\" data-id=\"33c3b9d\" data-element_type=\"container\">\n\t\t\t\t<div class=\"elementor-element elementor-element-f0ff421 elementor-widget elementor-widget-heading\" data-id=\"f0ff421\" data-element_type=\"widget\" data-widget_type=\"heading.default\">\n\t\t\t\t<div class=\"elementor-widget-container\">\n\t\t\t\t\t<h2 class=\"elementor-heading-title elementor-size-default\"><a href=\"https:\/\/www.ceab.csic.es\/es\/ciencia-y-sociedad\/actividades-de-divulgacion\/\">Actividades de divulgaci\u00f3n<\/a><\/h2>\t\t\t\t<\/div>\n\t\t\t\t<\/div>\n\t\t\t\t<div class=\"elementor-element elementor-element-bb4b9ef elementor-mobile-align-left elementor-align-left elementor-widget elementor-widget-button\" data-id=\"bb4b9ef\" data-element_type=\"widget\" data-widget_type=\"button.default\">\n\t\t\t\t<div class=\"elementor-widget-container\">\n\t\t\t\t\t\t\t\t\t<div class=\"elementor-button-wrapper\">\n\t\t\t\t\t<a class=\"elementor-button elementor-button-link elementor-size-sm elementor-animation-shrink\" href=\"https:\/\/www.ceab.csic.es\/es\/ciencia-y-sociedad\/actividades-de-divulgacion\/\">\n\t\t\t\t\t\t<span class=\"elementor-button-content-wrapper\">\n\t\t\t\t\t\t\t\t\t<span class=\"elementor-button-text\">Saber m\u00e1s<\/span>\n\t\t\t\t\t<\/span>\n\t\t\t\t\t<\/a>\n\t\t\t\t<\/div>\n\t\t\t\t\t\t\t\t<\/div>\n\t\t\t\t<\/div>\n\t\t\t\t<\/div>\n\t\t\t\t<\/div>\n\t\t<div data-dce-background-color=\"#D7DCDF1A\" class=\"elementor-element elementor-element-7294967 e-con-full e-flex e-con e-child\" data-id=\"7294967\" data-element_type=\"container\" data-settings=\"{&quot;background_background&quot;:&quot;classic&quot;}\">\n\t\t<a class=\"eael-wrapper-link-5986092 --eael-wrapper-link-tag\" href=\"https:\/\/www.ceab.csic.es\/es\/ciencia-y-sociedad\/ciencia-ciudadana\/\"><\/a><div data-eael-wrapper-link=\"eael-wrapper-link-5986092\" data-dce-background-image-url=\"https:\/\/www.ceab.csic.es\/wp-content\/uploads\/2024\/04\/ciencia-ciutadana.jpg\" class=\"elementor-element elementor-element-5986092 e-con-full e-flex e-con e-child\" data-id=\"5986092\" data-element_type=\"container\" data-settings=\"{&quot;background_background&quot;:&quot;classic&quot;}\">\n\t\t\t\t<\/div>\n\t\t<div class=\"elementor-element elementor-element-7f6db2a e-con-full e-flex e-con e-child\" data-id=\"7f6db2a\" data-element_type=\"container\">\n\t\t\t\t<div class=\"elementor-element elementor-element-af22bb1 elementor-widget elementor-widget-heading\" data-id=\"af22bb1\" data-element_type=\"widget\" data-widget_type=\"heading.default\">\n\t\t\t\t<div class=\"elementor-widget-container\">\n\t\t\t\t\t<h2 class=\"elementor-heading-title elementor-size-default\"><a href=\"https:\/\/www.ceab.csic.es\/es\/ciencia-y-sociedad\/ciencia-ciudadana\/\">Ciencia ciudadana<\/a><\/h2>\t\t\t\t<\/div>\n\t\t\t\t<\/div>\n\t\t\t\t<div class=\"elementor-element elementor-element-9204b08 elementor-mobile-align-left elementor-align-left elementor-widget elementor-widget-button\" data-id=\"9204b08\" data-element_type=\"widget\" data-widget_type=\"button.default\">\n\t\t\t\t<div class=\"elementor-widget-container\">\n\t\t\t\t\t\t\t\t\t<div class=\"elementor-button-wrapper\">\n\t\t\t\t\t<a class=\"elementor-button elementor-button-link elementor-size-sm elementor-animation-shrink\" href=\"https:\/\/www.ceab.csic.es\/es\/ciencia-y-sociedad\/ciencia-ciudadana\/\">\n\t\t\t\t\t\t<span class=\"elementor-button-content-wrapper\">\n\t\t\t\t\t\t\t\t\t<span class=\"elementor-button-text\">Saber m\u00e1s<\/span>\n\t\t\t\t\t<\/span>\n\t\t\t\t\t<\/a>\n\t\t\t\t<\/div>\n\t\t\t\t\t\t\t\t<\/div>\n\t\t\t\t<\/div>\n\t\t\t\t<\/div>\n\t\t\t\t<\/div>\n\t\t\t\t<\/div>\n\t\t\t\t\t<\/div>\n\t\t\t\t<\/div>\n\t\t\t\t<\/div>\n\t\t","protected":false},"excerpt":{"rendered":"<p>Ciencia y sociedad Compartir el conocimiento cient\u00edfico que se va generando, propiciar que las evidencias cient\u00edficas motiven la toma de decisiones, fomentar la cultura y las vocaciones cient\u00edficas, promover el respeto y el cuidado de la naturaleza, etc. son algunos de los objetivos que buscamos alcanzar con las iniciativas de cultura cient\u00edfica, dirigidas a los&hellip;&nbsp;<a href=\"https:\/\/www.ceab.csic.es\/es\/ciencia-y-sociedad\/\" rel=\"bookmark\"><span class=\"screen-reader-text\">Ciencia y sociedad<\/span><\/a><\/p>\n","protected":false},"author":1,"featured_media":0,"parent":0,"menu_order":0,"comment_status":"closed","ping_status":"closed","template":"page-templates\/template-pagebuilder-full-width.php","meta":{"_acf_changed":false,"neve_meta_sidebar":"","neve_meta_container":"","neve_meta_enable_content_width":"off","neve_meta_content_width":100,"neve_meta_title_alignment":"","neve_meta_author_avatar":"","neve_post_elements_order":"","neve_meta_disable_header":"","neve_meta_disable_footer":"","neve_meta_disable_title":"","footnotes":""},"class_list":["post-11381","page","type-page","status-publish","hentry"],"acf":[],"yoast_head":"<!-- This site is optimized with the Yoast SEO plugin v24.6 - https:\/\/yoast.com\/wordpress\/plugins\/seo\/ -->\n<title>Ciencia y sociedad | CEAB<\/title>\n<meta name=\"description\" content=\"Amb les iniciatives de cultura cient\u00edfica dirigides als sectors de la societat, volem aconseguir compartir el coneixement cient\u00edfic.\" \/>\n<meta name=\"robots\" content=\"index, follow, max-snippet:-1, max-image-preview:large, max-video-preview:-1\" \/>\n<link rel=\"canonical\" href=\"https:\/\/www.ceab.csic.es\/es\/ciencia-y-sociedad\/\" \/>\n<meta property=\"og:locale\" content=\"es_ES\" \/>\n<meta property=\"og:type\" content=\"article\" \/>\n<meta property=\"og:title\" content=\"Ciencia y sociedad | CEAB\" \/>\n<meta property=\"og:description\" content=\"Amb les iniciatives de cultura cient\u00edfica dirigides als sectors de la societat, volem aconseguir compartir el coneixement cient\u00edfic.\" \/>\n<meta property=\"og:url\" content=\"https:\/\/www.ceab.csic.es\/es\/ciencia-y-sociedad\/\" \/>\n<meta property=\"og:site_name\" content=\"CEAB\" \/>\n<meta property=\"article:modified_time\" content=\"2024-06-03T10:36:54+00:00\" \/>\n<meta property=\"og:image\" content=\"https:\/\/www.ceab.csic.es\/wp-content\/uploads\/2024\/07\/CEAB.jpg\" \/>\n\t<meta property=\"og:image:width\" content=\"1200\" \/>\n\t<meta property=\"og:image:height\" content=\"700\" \/>\n\t<meta property=\"og:image:type\" content=\"image\/jpeg\" \/>\n<meta name=\"twitter:card\" content=\"summary_large_image\" \/>\n<meta name=\"twitter:site\" content=\"@ceabcsic\" \/>\n<meta name=\"twitter:label1\" content=\"Tiempo de lectura\" \/>\n\t<meta name=\"twitter:data1\" content=\"1 minuto\" \/>\n<script type=\"application\/ld+json\" class=\"yoast-schema-graph\">{\"@context\":\"https:\/\/schema.org\",\"@graph\":[{\"@type\":\"WebPage\",\"@id\":\"https:\/\/www.ceab.csic.es\/es\/ciencia-y-sociedad\/\",\"url\":\"https:\/\/www.ceab.csic.es\/es\/ciencia-y-sociedad\/\",\"name\":\"Ciencia y sociedad | CEAB\",\"isPartOf\":{\"@id\":\"https:\/\/www.ceab.csic.es\/es\/#website\"},\"datePublished\":\"2024-03-26T08:15:17+00:00\",\"dateModified\":\"2024-06-03T10:36:54+00:00\",\"description\":\"Amb les iniciatives de cultura cient\u00edfica dirigides als sectors de la societat, volem aconseguir compartir el coneixement cient\u00edfic.\",\"breadcrumb\":{\"@id\":\"https:\/\/www.ceab.csic.es\/es\/ciencia-y-sociedad\/#breadcrumb\"},\"inLanguage\":\"es\",\"potentialAction\":[{\"@type\":\"ReadAction\",\"target\":[\"https:\/\/www.ceab.csic.es\/es\/ciencia-y-sociedad\/\"]}]},{\"@type\":\"BreadcrumbList\",\"@id\":\"https:\/\/www.ceab.csic.es\/es\/ciencia-y-sociedad\/#breadcrumb\",\"itemListElement\":[{\"@type\":\"ListItem\",\"position\":1,\"name\":\"Inici\",\"item\":\"https:\/\/www.ceab.csic.es\/es\/\"},{\"@type\":\"ListItem\",\"position\":2,\"name\":\"Ciencia y sociedad\"}]},{\"@type\":\"WebSite\",\"@id\":\"https:\/\/www.ceab.csic.es\/es\/#website\",\"url\":\"https:\/\/www.ceab.csic.es\/es\/\",\"name\":\"CEAB\",\"description\":\"Centre Estudis Avan\u00e7ats de Blanes\",\"alternateName\":\"CEAB\",\"potentialAction\":[{\"@type\":\"SearchAction\",\"target\":{\"@type\":\"EntryPoint\",\"urlTemplate\":\"https:\/\/www.ceab.csic.es\/es\/?s={search_term_string}\"},\"query-input\":{\"@type\":\"PropertyValueSpecification\",\"valueRequired\":true,\"valueName\":\"search_term_string\"}}],\"inLanguage\":\"es\"}]}<\/script>\n<!-- \/ Yoast SEO plugin. -->","yoast_head_json":{"title":"Ciencia y sociedad | CEAB","description":"Amb les iniciatives de cultura cient\u00edfica dirigides als sectors de la societat, volem aconseguir compartir el coneixement cient\u00edfic.","robots":{"index":"index","follow":"follow","max-snippet":"max-snippet:-1","max-image-preview":"max-image-preview:large","max-video-preview":"max-video-preview:-1"},"canonical":"https:\/\/www.ceab.csic.es\/es\/ciencia-y-sociedad\/","og_locale":"es_ES","og_type":"article","og_title":"Ciencia y sociedad | CEAB","og_description":"Amb les iniciatives de cultura cient\u00edfica dirigides als sectors de la societat, volem aconseguir compartir el coneixement cient\u00edfic.","og_url":"https:\/\/www.ceab.csic.es\/es\/ciencia-y-sociedad\/","og_site_name":"CEAB","article_modified_time":"2024-06-03T10:36:54+00:00","og_image":[{"width":1200,"height":700,"url":"https:\/\/www.ceab.csic.es\/wp-content\/uploads\/2024\/07\/CEAB.jpg","type":"image\/jpeg"}],"twitter_card":"summary_large_image","twitter_site":"@ceabcsic","twitter_misc":{"Tiempo de lectura":"1 minuto"},"schema":{"@context":"https:\/\/schema.org","@graph":[{"@type":"WebPage","@id":"https:\/\/www.ceab.csic.es\/es\/ciencia-y-sociedad\/","url":"https:\/\/www.ceab.csic.es\/es\/ciencia-y-sociedad\/","name":"Ciencia y sociedad | CEAB","isPartOf":{"@id":"https:\/\/www.ceab.csic.es\/es\/#website"},"datePublished":"2024-03-26T08:15:17+00:00","dateModified":"2024-06-03T10:36:54+00:00","description":"Amb les iniciatives de cultura cient\u00edfica dirigides als sectors de la societat, volem aconseguir compartir el coneixement cient\u00edfic.","breadcrumb":{"@id":"https:\/\/www.ceab.csic.es\/es\/ciencia-y-sociedad\/#breadcrumb"},"inLanguage":"es","potentialAction":[{"@type":"ReadAction","target":["https:\/\/www.ceab.csic.es\/es\/ciencia-y-sociedad\/"]}]},{"@type":"BreadcrumbList","@id":"https:\/\/www.ceab.csic.es\/es\/ciencia-y-sociedad\/#breadcrumb","itemListElement":[{"@type":"ListItem","position":1,"name":"Inici","item":"https:\/\/www.ceab.csic.es\/es\/"},{"@type":"ListItem","position":2,"name":"Ciencia y sociedad"}]},{"@type":"WebSite","@id":"https:\/\/www.ceab.csic.es\/es\/#website","url":"https:\/\/www.ceab.csic.es\/es\/","name":"CEAB","description":"Centre Estudis Avan\u00e7ats de Blanes","alternateName":"CEAB","potentialAction":[{"@type":"SearchAction","target":{"@type":"EntryPoint","urlTemplate":"https:\/\/www.ceab.csic.es\/es\/?s={search_term_string}"},"query-input":{"@type":"PropertyValueSpecification","valueRequired":true,"valueName":"search_term_string"}}],"inLanguage":"es"}]}},"_links":{"self":[{"href":"https:\/\/www.ceab.csic.es\/es\/wp-json\/wp\/v2\/pages\/11381","targetHints":{"allow":["GET"]}}],"collection":[{"href":"https:\/\/www.ceab.csic.es\/es\/wp-json\/wp\/v2\/pages"}],"about":[{"href":"https:\/\/www.ceab.csic.es\/es\/wp-json\/wp\/v2\/types\/page"}],"author":[{"embeddable":true,"href":"https:\/\/www.ceab.csic.es\/es\/wp-json\/wp\/v2\/users\/1"}],"replies":[{"embeddable":true,"href":"https:\/\/www.ceab.csic.es\/es\/wp-json\/wp\/v2\/comments?post=11381"}],"version-history":[{"count":7,"href":"https:\/\/www.ceab.csic.es\/es\/wp-json\/wp\/v2\/pages\/11381\/revisions"}],"predecessor-version":[{"id":11415,"href":"https:\/\/www.ceab.csic.es\/es\/wp-json\/wp\/v2\/pages\/11381\/revisions\/11415"}],"wp:attachment":[{"href":"https:\/\/www.ceab.csic.es\/es\/wp-json\/wp\/v2\/media?parent=11381"}],"curies":[{"name":"wp","href":"https:\/\/api.w.org\/{rel}","templated":true}]}}