{"id":11538,"date":"2024-03-21T12:06:46","date_gmt":"2024-03-21T11:06:46","guid":{"rendered":"https:\/\/www.ceab.csic.es\/infraestructures-singulars\/"},"modified":"2025-11-27T14:03:59","modified_gmt":"2025-11-27T13:03:59","slug":"infraestructuras-singulares","status":"publish","type":"page","link":"https:\/\/www.ceab.csic.es\/es\/infraestructuras-singulares\/","title":{"rendered":"Infraestructuras singulares"},"content":{"rendered":"\t\t<div data-elementor-type=\"wp-page\" data-elementor-id=\"11538\" class=\"elementor elementor-11538 elementor-5446\" data-elementor-post-type=\"page\">\n\t\t\t\t<div data-dce-background-image-url=\"https:\/\/www.ceab.csic.es\/wp-content\/uploads\/2024\/03\/infraestructures-singulars.jpg\" class=\"elementor-element elementor-element-04aa986 e-con-full e-flex e-con e-parent\" data-id=\"04aa986\" data-element_type=\"container\" data-settings=\"{&quot;background_background&quot;:&quot;classic&quot;}\">\n\t\t\t\t<div class=\"elementor-element elementor-element-1b502f1 animated-slow elementor-invisible elementor-widget elementor-widget-qi_addons_for_elementor_animated_text\" data-id=\"1b502f1\" data-element_type=\"widget\" data-settings=\"{&quot;_animation&quot;:&quot;fadeIn&quot;}\" data-widget_type=\"qi_addons_for_elementor_animated_text.default\">\n\t\t\t\t<div class=\"elementor-widget-container\">\n\t\t\t\t\t<div class=\"qodef-shortcode qodef-m qodef-qi-animated-text qodef--animated-by-letter qodef-qi--has-appear qodef--appear-from-bottom\" data-appear-delay=\"200\">\n\t\t<h1 class=\"qodef-m-title\">\n\t\t<span class=\"qodef-e-word-holder\">Infraestructuras<\/span> <span class=\"qodef-e-word-holder\">singulares<\/span>\t<\/h1>\n<\/div>\n\t\t\t\t<\/div>\n\t\t\t\t<\/div>\n\t\t\t\t<\/div>\n\t\t<div class=\"elementor-element elementor-element-57e9920 e-flex e-con-boxed e-con e-child\" data-id=\"57e9920\" data-element_type=\"container\">\n\t\t\t\t\t<div class=\"e-con-inner\">\n\t\t\t\t<div class=\"elementor-element elementor-element-2df6e85 elementor-widget elementor-widget-heading\" data-id=\"2df6e85\" data-element_type=\"widget\" data-widget_type=\"heading.default\">\n\t\t\t\t<div class=\"elementor-widget-container\">\n\t\t\t\t\t<h2 class=\"elementor-heading-title elementor-size-default\">Las infraestructuras singulares nos ayudan a realizar una investigaci\u00f3n cient\u00edfica de primer nivel.<\/h2>\t\t\t\t<\/div>\n\t\t\t\t<\/div>\n\t\t\t\t<div class=\"elementor-element elementor-element-df9dd94 elementor-widget elementor-widget-heading\" data-id=\"df9dd94\" data-element_type=\"widget\" data-widget_type=\"heading.default\">\n\t\t\t\t<div class=\"elementor-widget-container\">\n\t\t\t\t\t<div class=\"elementor-heading-title elementor-size-default\">Est\u00e1n abiertas al personal del CEAB, as\u00ed como a usuarios de otros centros de investigaci\u00f3n, universidades, instituciones, etc. siempre en las condiciones que se especifican en cada caso. Algunas de ellas incluyen servicio. Para conocer el resto de recursos para la investigaci\u00f3n que ofrece el CEAB, m\u00e1s all\u00e1 de los considerados de naturaleza singular, acceda a los apartados <u><a href=\"https:\/\/www.ceab.csic.es\/es\/el-ceab\/instalaciones\/\">Instalaciones<\/a><\/u> y <u><a href=\"https:\/\/www.ceab.csic.es\/es\/servicos-a-externos\/\">Servicios a externos<\/a><\/u><\/div>\t\t\t\t<\/div>\n\t\t\t\t<\/div>\n\t\t\t\t\t<\/div>\n\t\t\t\t<\/div>\n\t\t<div class=\"elementor-element elementor-element-3972088 e-flex e-con-boxed e-con e-parent\" data-id=\"3972088\" data-element_type=\"container\">\n\t\t\t\t\t<div class=\"e-con-inner\">\n\t\t<div class=\"elementor-element elementor-element-23e7a0d e-con-full e-flex e-con e-child\" data-id=\"23e7a0d\" data-element_type=\"container\">\n\t\t\t\t<div class=\"elementor-element elementor-element-33b8d82 elementor-cta--skin-cover elementor-cta--valign-middle elementor-widget__width-initial elementor-widget-laptop__width-initial elementor-animated-content elementor-bg-transform elementor-bg-transform-zoom-in elementor-widget elementor-widget-call-to-action\" data-id=\"33b8d82\" data-element_type=\"widget\" data-widget_type=\"call-to-action.default\">\n\t\t\t\t<div class=\"elementor-widget-container\">\n\t\t\t\t\t\t\t<a class=\"elementor-cta\" href=\"https:\/\/www.ceab.csic.es\/infraestructures-singulars\/urban-river-lab\/\">\n\t\t\t\t\t<div class=\"elementor-cta__bg-wrapper\">\n\t\t\t\t<div class=\"elementor-cta__bg elementor-bg\" style=\"background-image: url(https:\/\/www.ceab.csic.es\/wp-content\/uploads\/2024\/03\/urban-river-lab-1024x614.jpg);\" role=\"img\" aria-label=\"Urban River Lab (URL)\"><\/div>\n\t\t\t\t<div class=\"elementor-cta__bg-overlay\"><\/div>\n\t\t\t<\/div>\n\t\t\t\t\t\t\t<div class=\"elementor-cta__content\">\n\t\t\t\t\n\t\t\t\t\t\t\t\t\t<h2 class=\"elementor-cta__title elementor-cta__content-item elementor-content-item elementor-animated-item--shrink\">\n\t\t\t\t\t\tUrban River Lab (URL)\t\t\t\t\t<\/h2>\n\t\t\t\t\n\t\t\t\t\n\t\t\t\t\t\t\t<\/div>\n\t\t\t\t\t\t<\/a>\n\t\t\t\t\t\t<\/div>\n\t\t\t\t<\/div>\n\t\t\t\t<div class=\"elementor-element elementor-element-177c7e9 elementor-cta--skin-cover elementor-cta--valign-middle elementor-widget__width-initial elementor-widget-laptop__width-initial elementor-animated-content elementor-bg-transform elementor-bg-transform-zoom-in elementor-widget elementor-widget-call-to-action\" data-id=\"177c7e9\" data-element_type=\"widget\" data-widget_type=\"call-to-action.default\">\n\t\t\t\t<div class=\"elementor-widget-container\">\n\t\t\t\t\t\t\t<a class=\"elementor-cta\" href=\"https:\/\/www.ceab.csic.es\/infraestructures-singulars\/laboratori-dexperimentacio-amb-organismes-vius\/\">\n\t\t\t\t\t<div class=\"elementor-cta__bg-wrapper\">\n\t\t\t\t<div class=\"elementor-cta__bg elementor-bg\" style=\"background-image: url(https:\/\/www.ceab.csic.es\/wp-content\/uploads\/2024\/04\/lab-exp-org-vius-leov-1024x682.jpg);\" role=\"img\" aria-label=\"Laboratori d&#039;Experimentaci\u00f3 amb Orgaismes Vius (LEOV)\"><\/div>\n\t\t\t\t<div class=\"elementor-cta__bg-overlay\"><\/div>\n\t\t\t<\/div>\n\t\t\t\t\t\t\t<div class=\"elementor-cta__content\">\n\t\t\t\t\n\t\t\t\t\t\t\t\t\t<h2 class=\"elementor-cta__title elementor-cta__content-item elementor-content-item elementor-animated-item--shrink\">\n\t\t\t\t\t\tLaboratorio de Experimentaci\u00f3n con Organismos Vivos (LEOV)\t\t\t\t\t<\/h2>\n\t\t\t\t\n\t\t\t\t\n\t\t\t\t\t\t\t<\/div>\n\t\t\t\t\t\t<\/a>\n\t\t\t\t\t\t<\/div>\n\t\t\t\t<\/div>\n\t\t\t\t<div class=\"elementor-element elementor-element-4e1b77c elementor-cta--skin-cover elementor-cta--valign-middle elementor-widget__width-initial elementor-widget-laptop__width-initial elementor-animated-content elementor-bg-transform elementor-bg-transform-zoom-in elementor-widget elementor-widget-call-to-action\" data-id=\"4e1b77c\" data-element_type=\"widget\" data-widget_type=\"call-to-action.default\">\n\t\t\t\t<div class=\"elementor-widget-container\">\n\t\t\t\t\t\t\t<a class=\"elementor-cta\" href=\"https:\/\/www.ceab.csic.es\/infraestructures-singulars\/observatori-limnologic-dels-pirineus\/\">\n\t\t\t\t\t<div class=\"elementor-cta__bg-wrapper\">\n\t\t\t\t<div class=\"elementor-cta__bg elementor-bg\" style=\"background-image: url(https:\/\/www.ceab.csic.es\/wp-content\/uploads\/2024\/03\/observatori-pirinenc-loop.jpg);\" role=\"img\" aria-label=\"Observatori Limnol\u00f2gic dels Pirineus (LOOP)\"><\/div>\n\t\t\t\t<div class=\"elementor-cta__bg-overlay\"><\/div>\n\t\t\t<\/div>\n\t\t\t\t\t\t\t<div class=\"elementor-cta__content\">\n\t\t\t\t\n\t\t\t\t\t\t\t\t\t<h2 class=\"elementor-cta__title elementor-cta__content-item elementor-content-item elementor-animated-item--shrink\">\n\t\t\t\t\t\tObservatorio Limnol\u00f3gico de los Pirineos (LOOP)\t\t\t\t\t<\/h2>\n\t\t\t\t\n\t\t\t\t\n\t\t\t\t\t\t\t<\/div>\n\t\t\t\t\t\t<\/a>\n\t\t\t\t\t\t<\/div>\n\t\t\t\t<\/div>\n\t\t\t\t<div class=\"elementor-element elementor-element-c9945c6 elementor-cta--skin-cover elementor-cta--valign-middle elementor-widget__width-initial elementor-widget-laptop__width-initial elementor-animated-content elementor-bg-transform elementor-bg-transform-zoom-in elementor-widget elementor-widget-call-to-action\" data-id=\"c9945c6\" data-element_type=\"widget\" data-widget_type=\"call-to-action.default\">\n\t\t\t\t<div class=\"elementor-widget-container\">\n\t\t\t\t\t\t\t<a class=\"elementor-cta\" href=\"https:\/\/www.ceab.csic.es\/infraestructures-singulars\/laboratori-de-biologia-computacional\/\">\n\t\t\t\t\t<div class=\"elementor-cta__bg-wrapper\">\n\t\t\t\t<div class=\"elementor-cta__bg elementor-bg\" style=\"background-image: url(https:\/\/www.ceab.csic.es\/wp-content\/uploads\/2024\/03\/computacio-1024x750.jpg);\" role=\"img\" aria-label=\"Laboratori de biologia computacional (CBLab)\"><\/div>\n\t\t\t\t<div class=\"elementor-cta__bg-overlay\"><\/div>\n\t\t\t<\/div>\n\t\t\t\t\t\t\t<div class=\"elementor-cta__content\">\n\t\t\t\t\n\t\t\t\t\t\t\t\t\t<h2 class=\"elementor-cta__title elementor-cta__content-item elementor-content-item elementor-animated-item--shrink\">\n\t\t\t\t\t\tLaboratorio de Biolog\u00eda Computacional (CBLab)\t\t\t\t\t<\/h2>\n\t\t\t\t\n\t\t\t\t\n\t\t\t\t\t\t\t<\/div>\n\t\t\t\t\t\t<\/a>\n\t\t\t\t\t\t<\/div>\n\t\t\t\t<\/div>\n\t\t\t\t<div class=\"elementor-element elementor-element-3b274e6 elementor-cta--skin-cover elementor-cta--valign-middle elementor-widget__width-initial elementor-widget-laptop__width-initial elementor-animated-content elementor-bg-transform elementor-bg-transform-zoom-in elementor-widget elementor-widget-call-to-action\" data-id=\"3b274e6\" data-element_type=\"widget\" data-widget_type=\"call-to-action.default\">\n\t\t\t\t<div class=\"elementor-widget-container\">\n\t\t\t\t\t\t\t<a class=\"elementor-cta\" href=\"https:\/\/www.ceab.csic.es\/infraestructures-singulars\/laboratori-adn\/\">\n\t\t\t\t\t<div class=\"elementor-cta__bg-wrapper\">\n\t\t\t\t<div class=\"elementor-cta__bg elementor-bg\" style=\"background-image: url(https:\/\/www.ceab.csic.es\/wp-content\/uploads\/2025\/05\/clean-lab-0-1024x768.jpg);\" role=\"img\" aria-label=\"clean-lab-0\"><\/div>\n\t\t\t\t<div class=\"elementor-cta__bg-overlay\"><\/div>\n\t\t\t<\/div>\n\t\t\t\t\t\t\t<div class=\"elementor-cta__content\">\n\t\t\t\t\n\t\t\t\t\t\t\t\t\t<h2 class=\"elementor-cta__title elementor-cta__content-item elementor-content-item elementor-animated-item--shrink\">\n\t\t\t\t\t\tLaboratori d\u2019ADN<br> (Clean DNA Lab) \t\t\t\t\t<\/h2>\n\t\t\t\t\n\t\t\t\t\n\t\t\t\t\t\t\t<\/div>\n\t\t\t\t\t\t<\/a>\n\t\t\t\t\t\t<\/div>\n\t\t\t\t<\/div>\n\t\t\t\t<\/div>\n\t\t\t\t\t<\/div>\n\t\t\t\t<\/div>\n\t\t\t\t<\/div>\n\t\t","protected":false},"excerpt":{"rendered":"<p>Infraestructuras singulares Las infraestructuras singulares nos ayudan a realizar una investigaci\u00f3n cient\u00edfica de primer nivel. Est\u00e1n abiertas al personal del CEAB, as\u00ed como a usuarios de otros centros de investigaci\u00f3n, universidades, instituciones, etc. siempre en las condiciones que se especifican en cada caso. Algunas de ellas incluyen servicio. Para conocer el resto de recursos para&hellip;&nbsp;<a href=\"https:\/\/www.ceab.csic.es\/es\/infraestructuras-singulares\/\" rel=\"bookmark\"><span class=\"screen-reader-text\">Infraestructuras singulares<\/span><\/a><\/p>\n","protected":false},"author":1,"featured_media":0,"parent":0,"menu_order":0,"comment_status":"closed","ping_status":"closed","template":"page-templates\/template-pagebuilder-full-width.php","meta":{"_acf_changed":false,"neve_meta_sidebar":"","neve_meta_container":"","neve_meta_enable_content_width":"off","neve_meta_content_width":100,"neve_meta_title_alignment":"","neve_meta_author_avatar":"","neve_post_elements_order":"","neve_meta_disable_header":"","neve_meta_disable_footer":"","neve_meta_disable_title":"","footnotes":""},"class_list":["post-11538","page","type-page","status-publish","hentry"],"acf":[],"yoast_head":"<!-- This site is optimized with the Yoast SEO plugin v24.6 - https:\/\/yoast.com\/wordpress\/plugins\/seo\/ -->\n<title>Infraestructuras singulares | CEAB<\/title>\n<meta name=\"description\" content=\"Les infraestructures singulars que oferim des del CEAB, ens ajuden a dur a terme una recerca cient\u00edfica de primer nivell.\" \/>\n<meta name=\"robots\" content=\"index, follow, max-snippet:-1, max-image-preview:large, max-video-preview:-1\" \/>\n<link rel=\"canonical\" href=\"https:\/\/www.ceab.csic.es\/es\/infraestructuras-singulares\/\" \/>\n<meta property=\"og:locale\" content=\"es_ES\" \/>\n<meta property=\"og:type\" content=\"article\" \/>\n<meta property=\"og:title\" content=\"Infraestructuras singulares | CEAB\" \/>\n<meta property=\"og:description\" content=\"Les infraestructures singulars que oferim des del CEAB, ens ajuden a dur a terme una recerca cient\u00edfica de primer nivell.\" \/>\n<meta property=\"og:url\" content=\"https:\/\/www.ceab.csic.es\/es\/infraestructuras-singulares\/\" \/>\n<meta property=\"og:site_name\" content=\"CEAB\" \/>\n<meta property=\"article:modified_time\" content=\"2025-11-27T13:03:59+00:00\" \/>\n<meta property=\"og:image\" content=\"https:\/\/www.ceab.csic.es\/wp-content\/uploads\/2024\/07\/CEAB.jpg\" \/>\n\t<meta property=\"og:image:width\" content=\"1200\" \/>\n\t<meta property=\"og:image:height\" content=\"700\" \/>\n\t<meta property=\"og:image:type\" content=\"image\/jpeg\" \/>\n<meta name=\"twitter:card\" content=\"summary_large_image\" \/>\n<meta name=\"twitter:site\" content=\"@ceabcsic\" \/>\n<meta name=\"twitter:label1\" content=\"Tiempo de lectura\" \/>\n\t<meta name=\"twitter:data1\" content=\"1 minuto\" \/>\n<script type=\"application\/ld+json\" class=\"yoast-schema-graph\">{\"@context\":\"https:\/\/schema.org\",\"@graph\":[{\"@type\":\"WebPage\",\"@id\":\"https:\/\/www.ceab.csic.es\/es\/infraestructuras-singulares\/\",\"url\":\"https:\/\/www.ceab.csic.es\/es\/infraestructuras-singulares\/\",\"name\":\"Infraestructuras singulares | CEAB\",\"isPartOf\":{\"@id\":\"https:\/\/www.ceab.csic.es\/es\/#website\"},\"datePublished\":\"2024-03-21T11:06:46+00:00\",\"dateModified\":\"2025-11-27T13:03:59+00:00\",\"description\":\"Les infraestructures singulars que oferim des del CEAB, ens ajuden a dur a terme una recerca cient\u00edfica de primer nivell.\",\"breadcrumb\":{\"@id\":\"https:\/\/www.ceab.csic.es\/es\/infraestructuras-singulares\/#breadcrumb\"},\"inLanguage\":\"es\",\"potentialAction\":[{\"@type\":\"ReadAction\",\"target\":[\"https:\/\/www.ceab.csic.es\/es\/infraestructuras-singulares\/\"]}]},{\"@type\":\"BreadcrumbList\",\"@id\":\"https:\/\/www.ceab.csic.es\/es\/infraestructuras-singulares\/#breadcrumb\",\"itemListElement\":[{\"@type\":\"ListItem\",\"position\":1,\"name\":\"Inici\",\"item\":\"https:\/\/www.ceab.csic.es\/es\/\"},{\"@type\":\"ListItem\",\"position\":2,\"name\":\"Infraestructuras singulares\"}]},{\"@type\":\"WebSite\",\"@id\":\"https:\/\/www.ceab.csic.es\/es\/#website\",\"url\":\"https:\/\/www.ceab.csic.es\/es\/\",\"name\":\"CEAB\",\"description\":\"Centre Estudis Avan\u00e7ats de Blanes\",\"alternateName\":\"CEAB\",\"potentialAction\":[{\"@type\":\"SearchAction\",\"target\":{\"@type\":\"EntryPoint\",\"urlTemplate\":\"https:\/\/www.ceab.csic.es\/es\/?s={search_term_string}\"},\"query-input\":{\"@type\":\"PropertyValueSpecification\",\"valueRequired\":true,\"valueName\":\"search_term_string\"}}],\"inLanguage\":\"es\"}]}<\/script>\n<!-- \/ Yoast SEO plugin. -->","yoast_head_json":{"title":"Infraestructuras singulares | CEAB","description":"Les infraestructures singulars que oferim des del CEAB, ens ajuden a dur a terme una recerca cient\u00edfica de primer nivell.","robots":{"index":"index","follow":"follow","max-snippet":"max-snippet:-1","max-image-preview":"max-image-preview:large","max-video-preview":"max-video-preview:-1"},"canonical":"https:\/\/www.ceab.csic.es\/es\/infraestructuras-singulares\/","og_locale":"es_ES","og_type":"article","og_title":"Infraestructuras singulares | CEAB","og_description":"Les infraestructures singulars que oferim des del CEAB, ens ajuden a dur a terme una recerca cient\u00edfica de primer nivell.","og_url":"https:\/\/www.ceab.csic.es\/es\/infraestructuras-singulares\/","og_site_name":"CEAB","article_modified_time":"2025-11-27T13:03:59+00:00","og_image":[{"width":1200,"height":700,"url":"https:\/\/www.ceab.csic.es\/wp-content\/uploads\/2024\/07\/CEAB.jpg","type":"image\/jpeg"}],"twitter_card":"summary_large_image","twitter_site":"@ceabcsic","twitter_misc":{"Tiempo de lectura":"1 minuto"},"schema":{"@context":"https:\/\/schema.org","@graph":[{"@type":"WebPage","@id":"https:\/\/www.ceab.csic.es\/es\/infraestructuras-singulares\/","url":"https:\/\/www.ceab.csic.es\/es\/infraestructuras-singulares\/","name":"Infraestructuras singulares | CEAB","isPartOf":{"@id":"https:\/\/www.ceab.csic.es\/es\/#website"},"datePublished":"2024-03-21T11:06:46+00:00","dateModified":"2025-11-27T13:03:59+00:00","description":"Les infraestructures singulars que oferim des del CEAB, ens ajuden a dur a terme una recerca cient\u00edfica de primer nivell.","breadcrumb":{"@id":"https:\/\/www.ceab.csic.es\/es\/infraestructuras-singulares\/#breadcrumb"},"inLanguage":"es","potentialAction":[{"@type":"ReadAction","target":["https:\/\/www.ceab.csic.es\/es\/infraestructuras-singulares\/"]}]},{"@type":"BreadcrumbList","@id":"https:\/\/www.ceab.csic.es\/es\/infraestructuras-singulares\/#breadcrumb","itemListElement":[{"@type":"ListItem","position":1,"name":"Inici","item":"https:\/\/www.ceab.csic.es\/es\/"},{"@type":"ListItem","position":2,"name":"Infraestructuras singulares"}]},{"@type":"WebSite","@id":"https:\/\/www.ceab.csic.es\/es\/#website","url":"https:\/\/www.ceab.csic.es\/es\/","name":"CEAB","description":"Centre Estudis Avan\u00e7ats de Blanes","alternateName":"CEAB","potentialAction":[{"@type":"SearchAction","target":{"@type":"EntryPoint","urlTemplate":"https:\/\/www.ceab.csic.es\/es\/?s={search_term_string}"},"query-input":{"@type":"PropertyValueSpecification","valueRequired":true,"valueName":"search_term_string"}}],"inLanguage":"es"}]}},"_links":{"self":[{"href":"https:\/\/www.ceab.csic.es\/es\/wp-json\/wp\/v2\/pages\/11538","targetHints":{"allow":["GET"]}}],"collection":[{"href":"https:\/\/www.ceab.csic.es\/es\/wp-json\/wp\/v2\/pages"}],"about":[{"href":"https:\/\/www.ceab.csic.es\/es\/wp-json\/wp\/v2\/types\/page"}],"author":[{"embeddable":true,"href":"https:\/\/www.ceab.csic.es\/es\/wp-json\/wp\/v2\/users\/1"}],"replies":[{"embeddable":true,"href":"https:\/\/www.ceab.csic.es\/es\/wp-json\/wp\/v2\/comments?post=11538"}],"version-history":[{"count":10,"href":"https:\/\/www.ceab.csic.es\/es\/wp-json\/wp\/v2\/pages\/11538\/revisions"}],"predecessor-version":[{"id":18056,"href":"https:\/\/www.ceab.csic.es\/es\/wp-json\/wp\/v2\/pages\/11538\/revisions\/18056"}],"wp:attachment":[{"href":"https:\/\/www.ceab.csic.es\/es\/wp-json\/wp\/v2\/media?parent=11538"}],"curies":[{"name":"wp","href":"https:\/\/api.w.org\/{rel}","templated":true}]}}