{"id":11551,"date":"2024-03-22T10:19:11","date_gmt":"2024-03-22T09:19:11","guid":{"rendered":"https:\/\/www.ceab.csic.es\/infraestructuras-singulares\/urban-river-lab\/"},"modified":"2024-06-05T12:21:48","modified_gmt":"2024-06-05T10:21:48","slug":"urban-river-lab","status":"publish","type":"page","link":"https:\/\/www.ceab.csic.es\/es\/infraestructuras-singulares\/urban-river-lab\/","title":{"rendered":"Urban River Lab (URL)"},"content":{"rendered":"\t\t<div data-elementor-type=\"wp-page\" data-elementor-id=\"11551\" class=\"elementor elementor-11551 elementor-5489\" data-elementor-post-type=\"page\">\n\t\t\t\t<div data-dce-background-image-url=\"https:\/\/www.ceab.csic.es\/wp-content\/uploads\/2024\/03\/urban-river-lab.jpg\" class=\"elementor-element elementor-element-e8cf384 e-con-full e-flex e-con e-parent\" data-id=\"e8cf384\" data-element_type=\"container\" data-settings=\"{&quot;background_background&quot;:&quot;classic&quot;}\">\n\t\t\t\t<div class=\"elementor-element elementor-element-4569c10 elementor-widget-mobile__width-initial elementor-widget elementor-widget-button\" data-id=\"4569c10\" data-element_type=\"widget\" data-widget_type=\"button.default\">\n\t\t\t\t<div class=\"elementor-widget-container\">\n\t\t\t\t\t\t\t\t\t<div class=\"elementor-button-wrapper\">\n\t\t\t\t\t<a class=\"elementor-button elementor-button-link elementor-size-sm\" href=\"https:\/\/www.ceab.csic.es\/es\/infraestructuras-singulares\/\">\n\t\t\t\t\t\t<span class=\"elementor-button-content-wrapper\">\n\t\t\t\t\t\t<span class=\"elementor-button-icon\">\n\t\t\t\t<i aria-hidden=\"true\" class=\"fas fa-angle-double-left\"><\/i>\t\t\t<\/span>\n\t\t\t\t\t\t\t\t\t<span class=\"elementor-button-text\">Infraestructuras singulares<\/span>\n\t\t\t\t\t<\/span>\n\t\t\t\t\t<\/a>\n\t\t\t\t<\/div>\n\t\t\t\t\t\t\t\t<\/div>\n\t\t\t\t<\/div>\n\t\t<div class=\"elementor-element elementor-element-e831f68 e-con-full e-flex e-con e-child\" data-id=\"e831f68\" data-element_type=\"container\">\n\t\t<div class=\"elementor-element elementor-element-19c57c4 e-con-full e-flex e-con e-child\" data-id=\"19c57c4\" data-element_type=\"container\">\n\t\t\t\t<div class=\"elementor-element elementor-element-2a21d30 animated-slow elementor-invisible elementor-widget elementor-widget-qi_addons_for_elementor_animated_text\" data-id=\"2a21d30\" data-element_type=\"widget\" data-settings=\"{&quot;_animation&quot;:&quot;fadeIn&quot;}\" data-widget_type=\"qi_addons_for_elementor_animated_text.default\">\n\t\t\t\t<div class=\"elementor-widget-container\">\n\t\t\t\t\t<div class=\"qodef-shortcode qodef-m qodef-qi-animated-text qodef--animated-by-letter qodef-qi--has-appear qodef--appear-from-bottom\" data-appear-delay=\"200\">\n\t\t<p class=\"qodef-m-title\">\n\t\t<span class=\"qodef-e-word-holder\">Infraestructuras<\/span> <span class=\"qodef-e-word-holder\">singulares<\/span>\t<\/p>\n<\/div>\n\t\t\t\t<\/div>\n\t\t\t\t<\/div>\n\t\t\t\t<div class=\"elementor-element elementor-element-d44f342 animated-slow elementor-invisible elementor-widget elementor-widget-qi_addons_for_elementor_animated_text\" data-id=\"d44f342\" data-element_type=\"widget\" data-settings=\"{&quot;_animation&quot;:&quot;fadeIn&quot;}\" data-widget_type=\"qi_addons_for_elementor_animated_text.default\">\n\t\t\t\t<div class=\"elementor-widget-container\">\n\t\t\t\t\t<div class=\"qodef-shortcode qodef-m qodef-qi-animated-text qodef--animated-by-letter qodef-qi--has-appear qodef--appear-from-bottom\" data-appear-delay=\"200\">\n\t\t<h1 class=\"qodef-m-title\">\n\t\t<span class=\"qodef-e-word-holder\">Urban<\/span> <span class=\"qodef-e-word-holder\">River<\/span> <span class=\"qodef-e-word-holder\">Lab<\/span> <span class=\"qodef-e-word-holder\">(URL)<\/span>\t<\/h1>\n<\/div>\n\t\t\t\t<\/div>\n\t\t\t\t<\/div>\n\t\t\t\t<\/div>\n\t\t\t\t<\/div>\n\t\t\t\t<\/div>\n\t\t<div class=\"elementor-element elementor-element-748ec2b e-flex e-con-boxed e-con e-parent\" data-id=\"748ec2b\" data-element_type=\"container\">\n\t\t\t\t\t<div class=\"e-con-inner\">\n\t\t<div class=\"elementor-element elementor-element-cca2e03 e-con-full e-flex e-con e-child\" data-id=\"cca2e03\" data-element_type=\"container\">\n\t\t\t\t<div class=\"elementor-element elementor-element-f3fb1c4 elementor-widget__width-initial elementor-widget elementor-widget-heading\" data-id=\"f3fb1c4\" data-element_type=\"widget\" data-widget_type=\"heading.default\">\n\t\t\t\t<div class=\"elementor-widget-container\">\n\t\t\t\t\t<h2 class=\"elementor-heading-title elementor-size-default\">Urban River Lab es un <b>laboratorio experimental al aire libre <\/b>dedicado al <b>estudio de r\u00edos altamente modificados<\/b> para desarrollar estrategias y t\u00e9cnicas innovadoras para su gesti\u00f3n<\/h2>\t\t\t\t<\/div>\n\t\t\t\t<\/div>\n\t\t\t\t<\/div>\n\t\t\t\t\t<\/div>\n\t\t\t\t<\/div>\n\t\t<div class=\"elementor-element elementor-element-fae506a e-flex e-con-boxed e-con e-child\" data-id=\"fae506a\" data-element_type=\"container\">\n\t\t\t\t\t<div class=\"e-con-inner\">\n\t\t<div class=\"elementor-element elementor-element-82f2a64 e-con-full e-flex e-con e-child\" data-id=\"82f2a64\" data-element_type=\"container\">\n\t\t\t\t<div class=\"elementor-element elementor-element-07b344f elementor-widget__width-initial elementor-widget elementor-widget-text-editor\" data-id=\"07b344f\" data-element_type=\"widget\" data-widget_type=\"text-editor.default\">\n\t\t\t\t<div class=\"elementor-widget-container\">\n\t\t\t\t\t\t\t\t\t<p>Dentro del contexto actual de cambio global en el que nos encontramos, la actividad humana es una de las principales causas de la degradaci\u00f3n del estado ecol\u00f3gico de los r\u00edos. Urban River Lab (URL) es un laboratorio, al aire libre y \u00fanico en Europa, que nace de la necesidad de <strong>entender los m\u00faltiples efectos de las presiones humanas sobre los r\u00edos<\/strong>.<\/p><p>Con la investigaci\u00f3n que se lleva a cabo se busca <strong>generar nuevo conocimiento para entender mejor el funcionamiento de los r\u00edos en el actual entorno cambiante<\/strong>. El objetivo final es <strong>desarrollar nuevas herramientas y estrategias para mejorar la calidad y gesti\u00f3n de los r\u00edos fuertemente modificados<\/strong>.<\/p>\t\t\t\t\t\t\t\t<\/div>\n\t\t\t\t<\/div>\n\t\t\t\t<\/div>\n\t\t<div class=\"elementor-element elementor-element-c3df468 e-con-full e-flex e-con e-child\" data-id=\"c3df468\" data-element_type=\"container\">\n\t\t\t\t<div class=\"elementor-element elementor-element-5138ab2 elementor-widget__width-initial elementor-widget elementor-widget-text-editor\" data-id=\"5138ab2\" data-element_type=\"widget\" data-widget_type=\"text-editor.default\">\n\t\t\t\t<div class=\"elementor-widget-container\">\n\t\t\t\t\t\t\t\t\t<p>Para ello, contamos con un <strong>equipo multidisciplinar<\/strong> de profesionales del mundo de la gesti\u00f3n y restauraci\u00f3n del medio ambiente, tratamiento de aguas residuales y del \u00e1mbito de la investigaci\u00f3n cient\u00edfica, que <strong>nos permite afrontar las preguntas, problem\u00e1ticas y retos actuales desde m\u00faltiples vertientes<\/strong>.<\/p><p>El URL <strong>consta de 15 canales y 12 lagunas de inundaci\u00f3n dise\u00f1ados para la pr\u00e1ctica experimental, alimentados por el agua tratada proveniente del efluente de una estaci\u00f3n depuradora de aguas residuales<\/strong>. El principal objetivo de la URL es desarrollar nuevas herramientas y estrategias para mejorar la calidad y la gesti\u00f3n de los r\u00edos con una gran presi\u00f3n humana.<\/p>\t\t\t\t\t\t\t\t<\/div>\n\t\t\t\t<\/div>\n\t\t\t\t<\/div>\n\t\t<div class=\"elementor-element elementor-element-a4fe2c6 e-con-full e-flex e-con e-child\" data-id=\"a4fe2c6\" data-element_type=\"container\" data-settings=\"{&quot;background_background&quot;:&quot;slideshow&quot;,&quot;background_slideshow_gallery&quot;:[],&quot;background_slideshow_loop&quot;:&quot;yes&quot;,&quot;background_slideshow_slide_duration&quot;:5000,&quot;background_slideshow_slide_transition&quot;:&quot;fade&quot;,&quot;background_slideshow_transition_duration&quot;:500}\">\n\t\t<div data-dce-background-color=\"#084054\" class=\"elementor-element elementor-element-e4e0884 e-con-full e-flex e-con e-child\" data-id=\"e4e0884\" data-element_type=\"container\" data-settings=\"{&quot;background_background&quot;:&quot;gradient&quot;}\">\n\t\t\t\t<div class=\"elementor-element elementor-element-b1c58b6 elementor-widget elementor-widget-heading\" data-id=\"b1c58b6\" data-element_type=\"widget\" data-widget_type=\"heading.default\">\n\t\t\t\t<div class=\"elementor-widget-container\">\n\t\t\t\t\t<h3 class=\"elementor-heading-title elementor-size-default\">Informaci\u00f3n para los usuarios<\/h3>\t\t\t\t<\/div>\n\t\t\t\t<\/div>\n\t\t\t\t<div class=\"elementor-element elementor-element-bf6b6dd elementor-widget elementor-widget-heading\" data-id=\"bf6b6dd\" data-element_type=\"widget\" data-widget_type=\"heading.default\">\n\t\t\t\t<div class=\"elementor-widget-container\">\n\t\t\t\t\t<div class=\"elementor-heading-title elementor-size-default\">El Urban River Lab est\u00e1 abierto a universidades, instituciones p\u00fablicas o privadas, y empresas que quieran aprovechar el potencial humano y las infraestructuras que se ofrecen.<\/div>\t\t\t\t<\/div>\n\t\t\t\t<\/div>\n\t\t<div class=\"elementor-element elementor-element-06e1981 e-flex e-con-boxed e-con e-child\" data-id=\"06e1981\" data-element_type=\"container\">\n\t\t\t\t\t<div class=\"e-con-inner\">\n\t\t\t\t<div class=\"elementor-element elementor-element-6bbea7a elementor-widget elementor-widget-heading\" data-id=\"6bbea7a\" data-element_type=\"widget\" data-widget_type=\"heading.default\">\n\t\t\t\t<div class=\"elementor-widget-container\">\n\t\t\t\t\t<h3 class=\"elementor-heading-title elementor-size-default\">Contacto<\/h3>\t\t\t\t<\/div>\n\t\t\t\t<\/div>\n\t\t\t\t<div class=\"elementor-element elementor-element-1a0caae elementor-icon-list--layout-traditional elementor-list-item-link-full_width elementor-widget elementor-widget-icon-list\" data-id=\"1a0caae\" data-element_type=\"widget\" data-widget_type=\"icon-list.default\">\n\t\t\t\t<div class=\"elementor-widget-container\">\n\t\t\t\t\t\t\t<ul class=\"elementor-icon-list-items\">\n\t\t\t\t\t\t\t<li class=\"elementor-icon-list-item\">\n\t\t\t\t\t\t\t\t\t\t\t<a href=\"mailto:info@urbanriverlab.com\">\n\n\t\t\t\t\t\t\t\t\t\t\t\t<span class=\"elementor-icon-list-icon\">\n\t\t\t\t\t\t\t<i aria-hidden=\"true\" class=\"fas fa-envelope\"><\/i>\t\t\t\t\t\t<\/span>\n\t\t\t\t\t\t\t\t\t\t<span class=\"elementor-icon-list-text\">info@urbanriverlab.com<\/span>\n\t\t\t\t\t\t\t\t\t\t\t<\/a>\n\t\t\t\t\t\t\t\t\t<\/li>\n\t\t\t\t\t\t\t\t<li class=\"elementor-icon-list-item\">\n\t\t\t\t\t\t\t\t\t\t\t<a href=\"https:\/\/urbanriverlab.com\/\" target=\"_blank\">\n\n\t\t\t\t\t\t\t\t\t\t\t\t<span class=\"elementor-icon-list-icon\">\n\t\t\t\t\t\t\t<i aria-hidden=\"true\" class=\"fas fa-globe\"><\/i>\t\t\t\t\t\t<\/span>\n\t\t\t\t\t\t\t\t\t\t<span class=\"elementor-icon-list-text\">urbanriverlab.com<\/span>\n\t\t\t\t\t\t\t\t\t\t\t<\/a>\n\t\t\t\t\t\t\t\t\t<\/li>\n\t\t\t\t\t\t<\/ul>\n\t\t\t\t\t\t<\/div>\n\t\t\t\t<\/div>\n\t\t\t\t\t<\/div>\n\t\t\t\t<\/div>\n\t\t\t\t<\/div>\n\t\t\t\t<\/div>\n\t\t\t\t\t<\/div>\n\t\t\t\t<\/div>\n\t\t<div class=\"elementor-element elementor-element-e1db22c e-flex e-con-boxed e-con e-child\" data-id=\"e1db22c\" data-element_type=\"container\">\n\t\t\t\t\t<div class=\"e-con-inner\">\n\t\t<div class=\"elementor-element elementor-element-fceb178 e-con-full e-flex e-con e-child\" data-id=\"fceb178\" data-element_type=\"container\" data-settings=\"{&quot;background_background&quot;:&quot;slideshow&quot;,&quot;background_slideshow_gallery&quot;:[],&quot;background_slideshow_loop&quot;:&quot;yes&quot;,&quot;background_slideshow_slide_duration&quot;:5000,&quot;background_slideshow_slide_transition&quot;:&quot;fade&quot;,&quot;background_slideshow_transition_duration&quot;:500}\">\n\t\t\t\t<div class=\"elementor-element elementor-element-0cc3ef9 elementor-arrows-position-outside elementor-widget elementor-widget-image-carousel\" data-id=\"0cc3ef9\" data-element_type=\"widget\" data-settings=\"{&quot;slides_to_show&quot;:&quot;4&quot;,&quot;navigation&quot;:&quot;arrows&quot;,&quot;autoplay&quot;:&quot;no&quot;,&quot;image_spacing_custom&quot;:{&quot;unit&quot;:&quot;px&quot;,&quot;size&quot;:5,&quot;sizes&quot;:[]},&quot;infinite&quot;:&quot;yes&quot;,&quot;speed&quot;:500,&quot;image_spacing_custom_laptop&quot;:{&quot;unit&quot;:&quot;px&quot;,&quot;size&quot;:&quot;&quot;,&quot;sizes&quot;:[]},&quot;image_spacing_custom_tablet&quot;:{&quot;unit&quot;:&quot;px&quot;,&quot;size&quot;:&quot;&quot;,&quot;sizes&quot;:[]},&quot;image_spacing_custom_mobile&quot;:{&quot;unit&quot;:&quot;px&quot;,&quot;size&quot;:&quot;&quot;,&quot;sizes&quot;:[]}}\" data-widget_type=\"image-carousel.default\">\n\t\t\t\t<div class=\"elementor-widget-container\">\n\t\t\t\t\t\t\t<div class=\"elementor-image-carousel-wrapper swiper\" role=\"region\" aria-roledescription=\"carousel\" aria-label=\"Carrusel de im\u00e1genes\" dir=\"ltr\">\n\t\t\t<div class=\"elementor-image-carousel swiper-wrapper\" aria-live=\"polite\">\n\t\t\t\t\t\t\t\t<div class=\"swiper-slide\" role=\"group\" aria-roledescription=\"slide\" aria-label=\"1 de 7\"><figure class=\"swiper-slide-inner\"><img decoding=\"async\" class=\"swiper-slide-image\" src=\"https:\/\/www.ceab.csic.es\/wp-content\/uploads\/2024\/03\/url-3.jpg\" alt=\"Urban River Lab (URL) 3\" \/><\/figure><\/div><div class=\"swiper-slide\" role=\"group\" aria-roledescription=\"slide\" aria-label=\"2 de 7\"><figure class=\"swiper-slide-inner\"><img decoding=\"async\" class=\"swiper-slide-image\" src=\"https:\/\/www.ceab.csic.es\/wp-content\/uploads\/2024\/03\/url-4.jpg\" alt=\"Urban River Lab (URL) 4\" \/><\/figure><\/div><div class=\"swiper-slide\" role=\"group\" aria-roledescription=\"slide\" aria-label=\"3 de 7\"><figure class=\"swiper-slide-inner\"><img decoding=\"async\" class=\"swiper-slide-image\" src=\"https:\/\/www.ceab.csic.es\/wp-content\/uploads\/2024\/03\/url-6.jpg\" alt=\"Urban River Lab (URL) 6\" \/><\/figure><\/div><div class=\"swiper-slide\" role=\"group\" aria-roledescription=\"slide\" aria-label=\"4 de 7\"><figure class=\"swiper-slide-inner\"><img decoding=\"async\" class=\"swiper-slide-image\" src=\"https:\/\/www.ceab.csic.es\/wp-content\/uploads\/2024\/03\/url-1.jpg\" alt=\"Urban River Lab (URL) 1\" \/><\/figure><\/div><div class=\"swiper-slide\" role=\"group\" aria-roledescription=\"slide\" aria-label=\"5 de 7\"><figure class=\"swiper-slide-inner\"><img decoding=\"async\" class=\"swiper-slide-image\" src=\"https:\/\/www.ceab.csic.es\/wp-content\/uploads\/2024\/03\/url-5.jpg\" alt=\"Urban River Lab (URL) 5\" \/><\/figure><\/div><div class=\"swiper-slide\" role=\"group\" aria-roledescription=\"slide\" aria-label=\"6 de 7\"><figure class=\"swiper-slide-inner\"><img decoding=\"async\" class=\"swiper-slide-image\" src=\"https:\/\/www.ceab.csic.es\/wp-content\/uploads\/2024\/03\/url-7.jpg\" alt=\"Urban River Lab (URL) 7\" \/><\/figure><\/div><div class=\"swiper-slide\" role=\"group\" aria-roledescription=\"slide\" aria-label=\"7 de 7\"><figure class=\"swiper-slide-inner\"><img decoding=\"async\" class=\"swiper-slide-image\" src=\"https:\/\/www.ceab.csic.es\/wp-content\/uploads\/2024\/03\/url-2.jpg\" alt=\"Urban River Lab (URL) 2\" \/><\/figure><\/div>\t\t\t<\/div>\n\t\t\t\t\t\t\t\t\t\t\t\t<div class=\"elementor-swiper-button elementor-swiper-button-prev\" role=\"button\" tabindex=\"0\">\n\t\t\t\t\t\t<i aria-hidden=\"true\" class=\"eicon-chevron-left\"><\/i>\t\t\t\t\t<\/div>\n\t\t\t\t\t<div class=\"elementor-swiper-button elementor-swiper-button-next\" role=\"button\" tabindex=\"0\">\n\t\t\t\t\t\t<i aria-hidden=\"true\" class=\"eicon-chevron-right\"><\/i>\t\t\t\t\t<\/div>\n\t\t\t\t\n\t\t\t\t\t\t\t\t\t<\/div>\n\t\t\t\t\t\t<\/div>\n\t\t\t\t<\/div>\n\t\t\t\t<\/div>\n\t\t\t\t\t<\/div>\n\t\t\t\t<\/div>\n\t\t\t\t<\/div>\n\t\t","protected":false},"excerpt":{"rendered":"<p>Infraestructuras singulares Infraestructuras singulares Urban River Lab (URL) Urban River Lab es un laboratorio experimental al aire libre dedicado al estudio de r\u00edos altamente modificados para desarrollar estrategias y t\u00e9cnicas innovadoras para su gesti\u00f3n Dentro del contexto actual de cambio global en el que nos encontramos, la actividad humana es una de las principales causas&hellip;&nbsp;<a href=\"https:\/\/www.ceab.csic.es\/es\/infraestructuras-singulares\/urban-river-lab\/\" rel=\"bookmark\"><span class=\"screen-reader-text\">Urban River Lab (URL)<\/span><\/a><\/p>\n","protected":false},"author":1,"featured_media":0,"parent":11538,"menu_order":0,"comment_status":"closed","ping_status":"closed","template":"page-templates\/template-pagebuilder-full-width.php","meta":{"_acf_changed":false,"neve_meta_sidebar":"","neve_meta_container":"","neve_meta_enable_content_width":"off","neve_meta_content_width":100,"neve_meta_title_alignment":"","neve_meta_author_avatar":"","neve_post_elements_order":"","neve_meta_disable_header":"","neve_meta_disable_footer":"","neve_meta_disable_title":"","footnotes":""},"class_list":["post-11551","page","type-page","status-publish","hentry"],"acf":[],"yoast_head":"<!-- This site is optimized with the Yoast SEO plugin v24.6 - https:\/\/yoast.com\/wordpress\/plugins\/seo\/ -->\n<title>Urban River Lab (URL) | CEAB<\/title>\n<meta name=\"description\" content=\"L\u2019Urban River Lab \u00e9s un laboratori experimental a l\u2019aire lliure dedicat a l\u2019estudi de rius altament modificats.\" \/>\n<meta name=\"robots\" content=\"index, follow, max-snippet:-1, max-image-preview:large, max-video-preview:-1\" \/>\n<link rel=\"canonical\" href=\"https:\/\/www.ceab.csic.es\/es\/infraestructuras-singulares\/urban-river-lab\/\" \/>\n<meta property=\"og:locale\" content=\"es_ES\" \/>\n<meta property=\"og:type\" content=\"article\" \/>\n<meta property=\"og:title\" content=\"Urban River Lab (URL) | CEAB\" \/>\n<meta property=\"og:description\" content=\"L\u2019Urban River Lab \u00e9s un laboratori experimental a l\u2019aire lliure dedicat a l\u2019estudi de rius altament modificats.\" \/>\n<meta property=\"og:url\" content=\"https:\/\/www.ceab.csic.es\/es\/infraestructuras-singulares\/urban-river-lab\/\" \/>\n<meta property=\"og:site_name\" content=\"CEAB\" \/>\n<meta property=\"article:modified_time\" content=\"2024-06-05T10:21:48+00:00\" \/>\n<meta property=\"og:image\" content=\"http:\/\/www.ceab.csic.es\/wp-content\/uploads\/2024\/03\/url-3.jpg\" \/>\n<meta name=\"twitter:card\" content=\"summary_large_image\" \/>\n<meta name=\"twitter:site\" content=\"@ceabcsic\" \/>\n<meta name=\"twitter:label1\" content=\"Tiempo de lectura\" \/>\n\t<meta name=\"twitter:data1\" content=\"5 minutos\" \/>\n<script type=\"application\/ld+json\" class=\"yoast-schema-graph\">{\"@context\":\"https:\/\/schema.org\",\"@graph\":[{\"@type\":\"WebPage\",\"@id\":\"https:\/\/www.ceab.csic.es\/es\/infraestructuras-singulares\/urban-river-lab\/\",\"url\":\"https:\/\/www.ceab.csic.es\/es\/infraestructuras-singulares\/urban-river-lab\/\",\"name\":\"Urban River Lab (URL) | CEAB\",\"isPartOf\":{\"@id\":\"https:\/\/www.ceab.csic.es\/es\/#website\"},\"primaryImageOfPage\":{\"@id\":\"https:\/\/www.ceab.csic.es\/es\/infraestructuras-singulares\/urban-river-lab\/#primaryimage\"},\"image\":{\"@id\":\"https:\/\/www.ceab.csic.es\/es\/infraestructuras-singulares\/urban-river-lab\/#primaryimage\"},\"thumbnailUrl\":\"http:\/\/www.ceab.csic.es\/wp-content\/uploads\/2024\/03\/url-3.jpg\",\"datePublished\":\"2024-03-22T09:19:11+00:00\",\"dateModified\":\"2024-06-05T10:21:48+00:00\",\"description\":\"L\u2019Urban River Lab \u00e9s un laboratori experimental a l\u2019aire lliure dedicat a l\u2019estudi de rius altament modificats.\",\"breadcrumb\":{\"@id\":\"https:\/\/www.ceab.csic.es\/es\/infraestructuras-singulares\/urban-river-lab\/#breadcrumb\"},\"inLanguage\":\"es\",\"potentialAction\":[{\"@type\":\"ReadAction\",\"target\":[\"https:\/\/www.ceab.csic.es\/es\/infraestructuras-singulares\/urban-river-lab\/\"]}]},{\"@type\":\"ImageObject\",\"inLanguage\":\"es\",\"@id\":\"https:\/\/www.ceab.csic.es\/es\/infraestructuras-singulares\/urban-river-lab\/#primaryimage\",\"url\":\"http:\/\/www.ceab.csic.es\/wp-content\/uploads\/2024\/03\/url-3.jpg\",\"contentUrl\":\"http:\/\/www.ceab.csic.es\/wp-content\/uploads\/2024\/03\/url-3.jpg\"},{\"@type\":\"BreadcrumbList\",\"@id\":\"https:\/\/www.ceab.csic.es\/es\/infraestructuras-singulares\/urban-river-lab\/#breadcrumb\",\"itemListElement\":[{\"@type\":\"ListItem\",\"position\":1,\"name\":\"Inici\",\"item\":\"https:\/\/www.ceab.csic.es\/es\/\"},{\"@type\":\"ListItem\",\"position\":2,\"name\":\"Infraestructuras singulares\",\"item\":\"https:\/\/www.ceab.csic.es\/es\/unique-facilities\/\"},{\"@type\":\"ListItem\",\"position\":3,\"name\":\"Urban River Lab (URL)\"}]},{\"@type\":\"WebSite\",\"@id\":\"https:\/\/www.ceab.csic.es\/es\/#website\",\"url\":\"https:\/\/www.ceab.csic.es\/es\/\",\"name\":\"CEAB\",\"description\":\"Centre Estudis Avan\u00e7ats de Blanes\",\"alternateName\":\"CEAB\",\"potentialAction\":[{\"@type\":\"SearchAction\",\"target\":{\"@type\":\"EntryPoint\",\"urlTemplate\":\"https:\/\/www.ceab.csic.es\/es\/?s={search_term_string}\"},\"query-input\":{\"@type\":\"PropertyValueSpecification\",\"valueRequired\":true,\"valueName\":\"search_term_string\"}}],\"inLanguage\":\"es\"}]}<\/script>\n<!-- \/ Yoast SEO plugin. -->","yoast_head_json":{"title":"Urban River Lab (URL) | CEAB","description":"L\u2019Urban River Lab \u00e9s un laboratori experimental a l\u2019aire lliure dedicat a l\u2019estudi de rius altament modificats.","robots":{"index":"index","follow":"follow","max-snippet":"max-snippet:-1","max-image-preview":"max-image-preview:large","max-video-preview":"max-video-preview:-1"},"canonical":"https:\/\/www.ceab.csic.es\/es\/infraestructuras-singulares\/urban-river-lab\/","og_locale":"es_ES","og_type":"article","og_title":"Urban River Lab (URL) | CEAB","og_description":"L\u2019Urban River Lab \u00e9s un laboratori experimental a l\u2019aire lliure dedicat a l\u2019estudi de rius altament modificats.","og_url":"https:\/\/www.ceab.csic.es\/es\/infraestructuras-singulares\/urban-river-lab\/","og_site_name":"CEAB","article_modified_time":"2024-06-05T10:21:48+00:00","og_image":[{"url":"http:\/\/www.ceab.csic.es\/wp-content\/uploads\/2024\/03\/url-3.jpg","type":"","width":"","height":""}],"twitter_card":"summary_large_image","twitter_site":"@ceabcsic","twitter_misc":{"Tiempo de lectura":"5 minutos"},"schema":{"@context":"https:\/\/schema.org","@graph":[{"@type":"WebPage","@id":"https:\/\/www.ceab.csic.es\/es\/infraestructuras-singulares\/urban-river-lab\/","url":"https:\/\/www.ceab.csic.es\/es\/infraestructuras-singulares\/urban-river-lab\/","name":"Urban River Lab (URL) | CEAB","isPartOf":{"@id":"https:\/\/www.ceab.csic.es\/es\/#website"},"primaryImageOfPage":{"@id":"https:\/\/www.ceab.csic.es\/es\/infraestructuras-singulares\/urban-river-lab\/#primaryimage"},"image":{"@id":"https:\/\/www.ceab.csic.es\/es\/infraestructuras-singulares\/urban-river-lab\/#primaryimage"},"thumbnailUrl":"http:\/\/www.ceab.csic.es\/wp-content\/uploads\/2024\/03\/url-3.jpg","datePublished":"2024-03-22T09:19:11+00:00","dateModified":"2024-06-05T10:21:48+00:00","description":"L\u2019Urban River Lab \u00e9s un laboratori experimental a l\u2019aire lliure dedicat a l\u2019estudi de rius altament modificats.","breadcrumb":{"@id":"https:\/\/www.ceab.csic.es\/es\/infraestructuras-singulares\/urban-river-lab\/#breadcrumb"},"inLanguage":"es","potentialAction":[{"@type":"ReadAction","target":["https:\/\/www.ceab.csic.es\/es\/infraestructuras-singulares\/urban-river-lab\/"]}]},{"@type":"ImageObject","inLanguage":"es","@id":"https:\/\/www.ceab.csic.es\/es\/infraestructuras-singulares\/urban-river-lab\/#primaryimage","url":"http:\/\/www.ceab.csic.es\/wp-content\/uploads\/2024\/03\/url-3.jpg","contentUrl":"http:\/\/www.ceab.csic.es\/wp-content\/uploads\/2024\/03\/url-3.jpg"},{"@type":"BreadcrumbList","@id":"https:\/\/www.ceab.csic.es\/es\/infraestructuras-singulares\/urban-river-lab\/#breadcrumb","itemListElement":[{"@type":"ListItem","position":1,"name":"Inici","item":"https:\/\/www.ceab.csic.es\/es\/"},{"@type":"ListItem","position":2,"name":"Infraestructuras singulares","item":"https:\/\/www.ceab.csic.es\/es\/unique-facilities\/"},{"@type":"ListItem","position":3,"name":"Urban River Lab (URL)"}]},{"@type":"WebSite","@id":"https:\/\/www.ceab.csic.es\/es\/#website","url":"https:\/\/www.ceab.csic.es\/es\/","name":"CEAB","description":"Centre Estudis Avan\u00e7ats de Blanes","alternateName":"CEAB","potentialAction":[{"@type":"SearchAction","target":{"@type":"EntryPoint","urlTemplate":"https:\/\/www.ceab.csic.es\/es\/?s={search_term_string}"},"query-input":{"@type":"PropertyValueSpecification","valueRequired":true,"valueName":"search_term_string"}}],"inLanguage":"es"}]}},"_links":{"self":[{"href":"https:\/\/www.ceab.csic.es\/es\/wp-json\/wp\/v2\/pages\/11551","targetHints":{"allow":["GET"]}}],"collection":[{"href":"https:\/\/www.ceab.csic.es\/es\/wp-json\/wp\/v2\/pages"}],"about":[{"href":"https:\/\/www.ceab.csic.es\/es\/wp-json\/wp\/v2\/types\/page"}],"author":[{"embeddable":true,"href":"https:\/\/www.ceab.csic.es\/es\/wp-json\/wp\/v2\/users\/1"}],"replies":[{"embeddable":true,"href":"https:\/\/www.ceab.csic.es\/es\/wp-json\/wp\/v2\/comments?post=11551"}],"version-history":[{"count":6,"href":"https:\/\/www.ceab.csic.es\/es\/wp-json\/wp\/v2\/pages\/11551\/revisions"}],"predecessor-version":[{"id":11567,"href":"https:\/\/www.ceab.csic.es\/es\/wp-json\/wp\/v2\/pages\/11551\/revisions\/11567"}],"up":[{"embeddable":true,"href":"https:\/\/www.ceab.csic.es\/es\/wp-json\/wp\/v2\/pages\/11538"}],"wp:attachment":[{"href":"https:\/\/www.ceab.csic.es\/es\/wp-json\/wp\/v2\/media?parent=11551"}],"curies":[{"name":"wp","href":"https:\/\/api.w.org\/{rel}","templated":true}]}}