{"id":17238,"date":"2025-06-30T11:37:13","date_gmt":"2025-06-30T09:37:13","guid":{"rendered":"https:\/\/www.ceab.csic.es\/el-ceab\/organizacion-y-equipo\/comissions-ceab\/"},"modified":"2025-06-30T13:26:20","modified_gmt":"2025-06-30T11:26:20","slug":"comisiones-ceab","status":"publish","type":"page","link":"https:\/\/www.ceab.csic.es\/es\/el-ceab\/organizacion-y-equipo\/comisiones-ceab\/","title":{"rendered":"Comisiones CEAB"},"content":{"rendered":"\t\t<div data-elementor-type=\"wp-page\" data-elementor-id=\"17238\" class=\"elementor elementor-17238 elementor-17213\" data-elementor-post-type=\"page\">\n\t\t\t\t<div data-dce-background-image-url=\"https:\/\/www.ceab.csic.es\/wp-content\/uploads\/2025\/06\/comissions.jpg\" class=\"elementor-element elementor-element-11e2d80 e-con-full e-flex e-con e-parent\" data-id=\"11e2d80\" data-element_type=\"container\" data-settings=\"{&quot;background_background&quot;:&quot;classic&quot;}\">\n\t\t\t\t<div class=\"elementor-element elementor-element-0561ec1 elementor-widget-mobile__width-initial elementor-widget elementor-widget-button\" data-id=\"0561ec1\" data-element_type=\"widget\" data-widget_type=\"button.default\">\n\t\t\t\t<div class=\"elementor-widget-container\">\n\t\t\t\t\t\t\t\t\t<div class=\"elementor-button-wrapper\">\n\t\t\t\t\t<a class=\"elementor-button elementor-button-link elementor-size-sm\" href=\"https:\/\/www.ceab.csic.es\/es\/el-ceab\/organizacion-y-equipo\/\">\n\t\t\t\t\t\t<span class=\"elementor-button-content-wrapper\">\n\t\t\t\t\t\t<span class=\"elementor-button-icon\">\n\t\t\t\t<i aria-hidden=\"true\" class=\"fas fa-angle-double-left\"><\/i>\t\t\t<\/span>\n\t\t\t\t\t\t\t\t\t<span class=\"elementor-button-text\">Organizaci\u00f3n y equipo<\/span>\n\t\t\t\t\t<\/span>\n\t\t\t\t\t<\/a>\n\t\t\t\t<\/div>\n\t\t\t\t\t\t\t\t<\/div>\n\t\t\t\t<\/div>\n\t\t<div class=\"elementor-element elementor-element-23ef4b3 e-con-full e-flex e-con e-child\" data-id=\"23ef4b3\" data-element_type=\"container\">\n\t\t\t\t<div class=\"elementor-element elementor-element-cb4b15f animated-slow elementor-invisible elementor-widget elementor-widget-qi_addons_for_elementor_animated_text\" data-id=\"cb4b15f\" data-element_type=\"widget\" data-settings=\"{&quot;_animation&quot;:&quot;fadeIn&quot;}\" data-widget_type=\"qi_addons_for_elementor_animated_text.default\">\n\t\t\t\t<div class=\"elementor-widget-container\">\n\t\t\t\t\t<div class=\"qodef-shortcode qodef-m qodef-qi-animated-text qodef--animated-by-letter qodef-qi--has-appear qodef--appear-from-bottom\" data-appear-delay=\"200\">\n\t\t<p class=\"qodef-m-title\">\n\t\t<span class=\"qodef-e-word-holder\">El<\/span> <span class=\"qodef-e-word-holder\">CEAB<\/span>\t<\/p>\n<\/div>\n\t\t\t\t<\/div>\n\t\t\t\t<\/div>\n\t\t\t\t<div class=\"elementor-element elementor-element-58e6896 animated-slow elementor-invisible elementor-widget elementor-widget-qi_addons_for_elementor_animated_text\" data-id=\"58e6896\" data-element_type=\"widget\" data-settings=\"{&quot;_animation&quot;:&quot;fadeIn&quot;}\" data-widget_type=\"qi_addons_for_elementor_animated_text.default\">\n\t\t\t\t<div class=\"elementor-widget-container\">\n\t\t\t\t\t<div class=\"qodef-shortcode qodef-m qodef-qi-animated-text qodef--animated-by-letter qodef-qi--has-appear qodef--appear-from-bottom\" data-appear-delay=\"200\">\n\t\t<h1 class=\"qodef-m-title\">\n\t\t<span class=\"qodef-e-word-holder\">Organizaci\u00f3n<\/span> <span class=\"qodef-e-word-holder\">y<\/span> <span class=\"qodef-e-word-holder\">Equipo<\/span>\t<\/h1>\n<\/div>\n\t\t\t\t<\/div>\n\t\t\t\t<\/div>\n\t\t\t\t<div class=\"elementor-element elementor-element-f40e2cc animated-slow elementor-invisible elementor-widget elementor-widget-qi_addons_for_elementor_animated_text\" data-id=\"f40e2cc\" data-element_type=\"widget\" data-settings=\"{&quot;_animation&quot;:&quot;fadeIn&quot;}\" data-widget_type=\"qi_addons_for_elementor_animated_text.default\">\n\t\t\t\t<div class=\"elementor-widget-container\">\n\t\t\t\t\t<div class=\"qodef-shortcode qodef-m qodef-qi-animated-text qodef--animated-by-letter qodef-qi--has-appear qodef--appear-from-bottom\" data-appear-delay=\"200\">\n\t\t<h2 class=\"qodef-m-title\">\n\t\t<span class=\"qodef-e-word-holder\">Comisiones<\/span> <span class=\"qodef-e-word-holder\">CEAB<\/span>\t<\/h2>\n<\/div>\n\t\t\t\t<\/div>\n\t\t\t\t<\/div>\n\t\t\t\t<\/div>\n\t\t\t\t<\/div>\n\t\t<div class=\"elementor-element elementor-element-ac5d8e9 e-flex e-con-boxed e-con e-parent\" data-id=\"ac5d8e9\" data-element_type=\"container\">\n\t\t\t\t\t<div class=\"e-con-inner\">\n\t\t<div class=\"elementor-element elementor-element-c3e3a7b e-con-full e-flex e-con e-child\" data-id=\"c3e3a7b\" data-element_type=\"container\">\n\t\t<div class=\"elementor-element elementor-element-077d670 e-con-full e-flex e-con e-child\" data-id=\"077d670\" data-element_type=\"container\">\n\t\t<div class=\"elementor-element elementor-element-0548a7f e-con-full e-flex e-con e-child\" data-id=\"0548a7f\" data-element_type=\"container\">\n\t\t\t\t<div class=\"elementor-element elementor-element-440ccdf elementor-view-default elementor-widget elementor-widget-icon\" data-id=\"440ccdf\" data-element_type=\"widget\" data-widget_type=\"icon.default\">\n\t\t\t\t<div class=\"elementor-widget-container\">\n\t\t\t\t\t\t\t<div class=\"elementor-icon-wrapper\">\n\t\t\t<div class=\"elementor-icon\">\n\t\t\t<i aria-hidden=\"true\" class=\"fas fa-hands\"><\/i>\t\t\t<\/div>\n\t\t<\/div>\n\t\t\t\t\t\t<\/div>\n\t\t\t\t<\/div>\n\t\t\t\t<div class=\"elementor-element elementor-element-de7802e elementor-widget elementor-widget-heading\" data-id=\"de7802e\" data-element_type=\"widget\" data-widget_type=\"heading.default\">\n\t\t\t\t<div class=\"elementor-widget-container\">\n\t\t\t\t\t<h2 class=\"elementor-heading-title elementor-size-default\">Comisi\u00f3n de Igualdad e Inclusividad<\/h2>\t\t\t\t<\/div>\n\t\t\t\t<\/div>\n\t\t\t\t<\/div>\n\t\t\t\t<div class=\"elementor-element elementor-element-30b20ba elementor-widget elementor-widget-text-editor\" data-id=\"30b20ba\" data-element_type=\"widget\" data-widget_type=\"text-editor.default\">\n\t\t\t\t<div class=\"elementor-widget-container\">\n\t\t\t\t\t\t\t\t\t<p>Trabaja para que todo el personal tenga las mismas oportunidades y para que nadie sufra discriminaci\u00f3n por motivos como el sexo, g\u00e9nero, orientaci\u00f3n sexual, origen, discapacidad, posici\u00f3n laboral u otros. Impulsa, implementa y realiza el seguimiento de protocolos y otras acciones orientadas a prevenir y erradicar cualquier forma de violencia, discriminaci\u00f3n o inequidad, promoviendo un entorno de trabajo seguro, inclusivo y respetuoso.<\/p>\t\t\t\t\t\t\t\t<\/div>\n\t\t\t\t<\/div>\n\t\t\t\t<\/div>\n\t\t<div class=\"elementor-element elementor-element-11d62a2 e-con-full e-flex e-con e-child\" data-id=\"11d62a2\" data-element_type=\"container\">\n\t\t<div class=\"elementor-element elementor-element-7f36aba e-con-full e-flex e-con e-child\" data-id=\"7f36aba\" data-element_type=\"container\">\n\t\t\t\t<div class=\"elementor-element elementor-element-9ac305e elementor-view-default elementor-widget elementor-widget-icon\" data-id=\"9ac305e\" data-element_type=\"widget\" data-widget_type=\"icon.default\">\n\t\t\t\t<div class=\"elementor-widget-container\">\n\t\t\t\t\t\t\t<div class=\"elementor-icon-wrapper\">\n\t\t\t<div class=\"elementor-icon\">\n\t\t\t<i aria-hidden=\"true\" class=\"fas fa-seedling\"><\/i>\t\t\t<\/div>\n\t\t<\/div>\n\t\t\t\t\t\t<\/div>\n\t\t\t\t<\/div>\n\t\t\t\t<div class=\"elementor-element elementor-element-b636e6a elementor-widget elementor-widget-heading\" data-id=\"b636e6a\" data-element_type=\"widget\" data-widget_type=\"heading.default\">\n\t\t\t\t<div class=\"elementor-widget-container\">\n\t\t\t\t\t<h2 class=\"elementor-heading-title elementor-size-default\">Comisi\u00f3n de Sostenibilidad<\/h2>\t\t\t\t<\/div>\n\t\t\t\t<\/div>\n\t\t\t\t<\/div>\n\t\t\t\t<div class=\"elementor-element elementor-element-453be6d elementor-widget elementor-widget-text-editor\" data-id=\"453be6d\" data-element_type=\"widget\" data-widget_type=\"text-editor.default\">\n\t\t\t\t<div class=\"elementor-widget-container\">\n\t\t\t\t\t\t\t\t\t<p>Elabora, implementa y realiza el seguimiento del Plan de Sostenibilidad del CEAB, teniendo en cuenta las distintas dimensiones del concepto (social, ambiental y econ\u00f3mica), y en coordinaci\u00f3n con el grupo de trabajo de sostenibilidad del CSIC.<\/p>\t\t\t\t\t\t\t\t<\/div>\n\t\t\t\t<\/div>\n\t\t\t\t<\/div>\n\t\t<div class=\"elementor-element elementor-element-771d6f5 e-con-full e-flex e-con e-child\" data-id=\"771d6f5\" data-element_type=\"container\">\n\t\t<div class=\"elementor-element elementor-element-c579a76 e-con-full e-flex e-con e-child\" data-id=\"c579a76\" data-element_type=\"container\">\n\t\t\t\t<div class=\"elementor-element elementor-element-6aefabb elementor-view-default elementor-widget elementor-widget-icon\" data-id=\"6aefabb\" data-element_type=\"widget\" data-widget_type=\"icon.default\">\n\t\t\t\t<div class=\"elementor-widget-container\">\n\t\t\t\t\t\t\t<div class=\"elementor-icon-wrapper\">\n\t\t\t<div class=\"elementor-icon\">\n\t\t\t<i aria-hidden=\"true\" class=\"fas fa-balance-scale\"><\/i>\t\t\t<\/div>\n\t\t<\/div>\n\t\t\t\t\t\t<\/div>\n\t\t\t\t<\/div>\n\t\t\t\t<div class=\"elementor-element elementor-element-b993302 elementor-widget elementor-widget-heading\" data-id=\"b993302\" data-element_type=\"widget\" data-widget_type=\"heading.default\">\n\t\t\t\t<div class=\"elementor-widget-container\">\n\t\t\t\t\t<h2 class=\"elementor-heading-title elementor-size-default\">Comisi\u00f3n de \u00c9tica e Integridad Cient\u00edfica<\/h2>\t\t\t\t<\/div>\n\t\t\t\t<\/div>\n\t\t\t\t<\/div>\n\t\t\t\t<div class=\"elementor-element elementor-element-a19506e elementor-widget elementor-widget-text-editor\" data-id=\"a19506e\" data-element_type=\"widget\" data-widget_type=\"text-editor.default\">\n\t\t\t\t<div class=\"elementor-widget-container\">\n\t\t\t\t\t\t\t\t\t<p>Vela para que la investigaci\u00f3n cient\u00edfica se lleve a cabo de forma responsable, honesta y conforme a principios \u00e9ticos. Revisa protocolos, especialmente los que implican seres vivos, y promueve las buenas pr\u00e1cticas.<\/p>\t\t\t\t\t\t\t\t<\/div>\n\t\t\t\t<\/div>\n\t\t\t\t<\/div>\n\t\t<div class=\"elementor-element elementor-element-cff5a78 e-con-full e-flex e-con e-child\" data-id=\"cff5a78\" data-element_type=\"container\">\n\t\t<div class=\"elementor-element elementor-element-8bdc643 e-con-full e-flex e-con e-child\" data-id=\"8bdc643\" data-element_type=\"container\">\n\t\t\t\t<div class=\"elementor-element elementor-element-2afb66d elementor-view-default elementor-widget elementor-widget-icon\" data-id=\"2afb66d\" data-element_type=\"widget\" data-widget_type=\"icon.default\">\n\t\t\t\t<div class=\"elementor-widget-container\">\n\t\t\t\t\t\t\t<div class=\"elementor-icon-wrapper\">\n\t\t\t<div class=\"elementor-icon\">\n\t\t\t<i aria-hidden=\"true\" class=\"fas fa-hand-holding-heart\"><\/i>\t\t\t<\/div>\n\t\t<\/div>\n\t\t\t\t\t\t<\/div>\n\t\t\t\t<\/div>\n\t\t\t\t<div class=\"elementor-element elementor-element-1fb67f7 elementor-widget elementor-widget-heading\" data-id=\"1fb67f7\" data-element_type=\"widget\" data-widget_type=\"heading.default\">\n\t\t\t\t<div class=\"elementor-widget-container\">\n\t\t\t\t\t<h2 class=\"elementor-heading-title elementor-size-default\">Comisi\u00f3n de Bienestar Emocional<\/h2>\t\t\t\t<\/div>\n\t\t\t\t<\/div>\n\t\t\t\t<\/div>\n\t\t\t\t<div class=\"elementor-element elementor-element-50b566c elementor-widget elementor-widget-text-editor\" data-id=\"50b566c\" data-element_type=\"widget\" data-widget_type=\"text-editor.default\">\n\t\t\t\t<div class=\"elementor-widget-container\">\n\t\t\t\t\t\t\t\t\t<p>Trabaja para el bienestar emocional de todo el personal del CEAB, incluyendo t\u00e9cnicos, administraci\u00f3n y servicios, personal investigador en formaci\u00f3n y personal investigador. Se organiza en subcomisiones, como la de acompa\u00f1amiento o la de eventos de car\u00e1cter l\u00fadico.<\/p>\t\t\t\t\t\t\t\t<\/div>\n\t\t\t\t<\/div>\n\t\t\t\t<\/div>\n\t\t<div class=\"elementor-element elementor-element-0efbbbc e-con-full e-flex e-con e-child\" data-id=\"0efbbbc\" data-element_type=\"container\">\n\t\t<div class=\"elementor-element elementor-element-f4d36a1 e-con-full e-flex e-con e-child\" data-id=\"f4d36a1\" data-element_type=\"container\">\n\t\t\t\t<div class=\"elementor-element elementor-element-5dfe514 elementor-view-default elementor-widget elementor-widget-icon\" data-id=\"5dfe514\" data-element_type=\"widget\" data-widget_type=\"icon.default\">\n\t\t\t\t<div class=\"elementor-widget-container\">\n\t\t\t\t\t\t\t<div class=\"elementor-icon-wrapper\">\n\t\t\t<div class=\"elementor-icon\">\n\t\t\t<i aria-hidden=\"true\" class=\"fas fa-microscope\"><\/i>\t\t\t<\/div>\n\t\t<\/div>\n\t\t\t\t\t\t<\/div>\n\t\t\t\t<\/div>\n\t\t\t\t<div class=\"elementor-element elementor-element-12b9a97 elementor-widget elementor-widget-heading\" data-id=\"12b9a97\" data-element_type=\"widget\" data-widget_type=\"heading.default\">\n\t\t\t\t<div class=\"elementor-widget-container\">\n\t\t\t\t\t<h2 class=\"elementor-heading-title elementor-size-default\">Comisi\u00f3n de Actividad Cient\u00edfica<\/h2>\t\t\t\t<\/div>\n\t\t\t\t<\/div>\n\t\t\t\t<\/div>\n\t\t\t\t<div class=\"elementor-element elementor-element-61a0765 elementor-widget elementor-widget-text-editor\" data-id=\"61a0765\" data-element_type=\"widget\" data-widget_type=\"text-editor.default\">\n\t\t\t\t<div class=\"elementor-widget-container\">\n\t\t\t\t\t\t\t\t\t<p>Promueve la actividad cient\u00edfica para estimular el pensamiento cr\u00edtico, el intercambio de conocimiento y la interacci\u00f3n entre personal investigador de distintos \u00e1mbitos y especialidades. Organiza los seminarios cient\u00edficos y jornadas como el Simposio de Ecolog\u00eda.<\/p>\t\t\t\t\t\t\t\t<\/div>\n\t\t\t\t<\/div>\n\t\t\t\t<\/div>\n\t\t<div class=\"elementor-element elementor-element-266226f e-con-full e-flex e-con e-child\" data-id=\"266226f\" data-element_type=\"container\">\n\t\t<div class=\"elementor-element elementor-element-0e660dd e-con-full e-flex e-con e-child\" data-id=\"0e660dd\" data-element_type=\"container\">\n\t\t\t\t<div class=\"elementor-element elementor-element-3be7b62 elementor-view-default elementor-widget elementor-widget-icon\" data-id=\"3be7b62\" data-element_type=\"widget\" data-widget_type=\"icon.default\">\n\t\t\t\t<div class=\"elementor-widget-container\">\n\t\t\t\t\t\t\t<div class=\"elementor-icon-wrapper\">\n\t\t\t<div class=\"elementor-icon\">\n\t\t\t<i aria-hidden=\"true\" class=\"fas fa-comment-dots\"><\/i>\t\t\t<\/div>\n\t\t<\/div>\n\t\t\t\t\t\t<\/div>\n\t\t\t\t<\/div>\n\t\t\t\t<div class=\"elementor-element elementor-element-11a0264 elementor-widget elementor-widget-heading\" data-id=\"11a0264\" data-element_type=\"widget\" data-widget_type=\"heading.default\">\n\t\t\t\t<div class=\"elementor-widget-container\">\n\t\t\t\t\t<h2 class=\"elementor-heading-title elementor-size-default\">Comisi\u00f3n de Mentor\u00eda, Carrera Cient\u00edfico-T\u00e9cnica y Capacitaci\u00f3n<\/h2>\t\t\t\t<\/div>\n\t\t\t\t<\/div>\n\t\t\t\t<\/div>\n\t\t\t\t<div class=\"elementor-element elementor-element-d5225df elementor-widget elementor-widget-text-editor\" data-id=\"d5225df\" data-element_type=\"widget\" data-widget_type=\"text-editor.default\">\n\t\t\t\t<div class=\"elementor-widget-container\">\n\t\t\t\t\t\t\t\t\t<p>Tiene como funci\u00f3n principal el acompa\u00f1amiento del estudiantado, personal t\u00e9cnico y postdoctoral. Act\u00faa como punto de referencia y apoyo permanente para informar y orientar sobre la realidad y las posibilidades de la carrera cient\u00edfico-t\u00e9cnica. Tambi\u00e9n organiza acciones formativas.<\/p>\t\t\t\t\t\t\t\t<\/div>\n\t\t\t\t<\/div>\n\t\t\t\t<\/div>\n\t\t<div class=\"elementor-element elementor-element-f487050 e-con-full e-flex e-con e-child\" data-id=\"f487050\" data-element_type=\"container\">\n\t\t<div class=\"elementor-element elementor-element-66fbdc4 e-con-full e-flex e-con e-child\" data-id=\"66fbdc4\" data-element_type=\"container\">\n\t\t\t\t<div class=\"elementor-element elementor-element-b7cbd04 elementor-view-default elementor-widget elementor-widget-icon\" data-id=\"b7cbd04\" data-element_type=\"widget\" data-widget_type=\"icon.default\">\n\t\t\t\t<div class=\"elementor-widget-container\">\n\t\t\t\t\t\t\t<div class=\"elementor-icon-wrapper\">\n\t\t\t<div class=\"elementor-icon\">\n\t\t\t<i aria-hidden=\"true\" class=\"fas fa-map-marker-alt\"><\/i>\t\t\t<\/div>\n\t\t<\/div>\n\t\t\t\t\t\t<\/div>\n\t\t\t\t<\/div>\n\t\t\t\t<div class=\"elementor-element elementor-element-2055ade elementor-widget elementor-widget-heading\" data-id=\"2055ade\" data-element_type=\"widget\" data-widget_type=\"heading.default\">\n\t\t\t\t<div class=\"elementor-widget-container\">\n\t\t\t\t\t<h2 class=\"elementor-heading-title elementor-size-default\">Comisi\u00f3n de Espacios<\/h2>\t\t\t\t<\/div>\n\t\t\t\t<\/div>\n\t\t\t\t<\/div>\n\t\t\t\t<div class=\"elementor-element elementor-element-12f3110 elementor-widget elementor-widget-text-editor\" data-id=\"12f3110\" data-element_type=\"widget\" data-widget_type=\"text-editor.default\">\n\t\t\t\t<div class=\"elementor-widget-container\">\n\t\t\t\t\t\t\t\t\t<p>Define los criterios para la asignaci\u00f3n de los espacios de trabajo del CEAB, partiendo del principio de que todo el mundo debe disponer de un lugar adecuado a su tarea y a la normativa. Los gestiona conforme se incorpora nuevo personal. Planifica, a corto y largo plazo, la gesti\u00f3n de espacios en consonancia con la estrategia del Centro.<\/p>\t\t\t\t\t\t\t\t<\/div>\n\t\t\t\t<\/div>\n\t\t\t\t<\/div>\n\t\t\t\t<\/div>\n\t\t\t\t\t<\/div>\n\t\t\t\t<\/div>\n\t\t\t\t<\/div>\n\t\t","protected":false},"excerpt":{"rendered":"<p>Organizaci\u00f3n y equipo El CEAB Organizaci\u00f3n y Equipo Comisiones CEAB Comisi\u00f3n de Igualdad e Inclusividad Trabaja para que todo el personal tenga las mismas oportunidades y para que nadie sufra discriminaci\u00f3n por motivos como el sexo, g\u00e9nero, orientaci\u00f3n sexual, origen, discapacidad, posici\u00f3n laboral u otros. Impulsa, implementa y realiza el seguimiento de protocolos y otras&hellip;&nbsp;<a href=\"https:\/\/www.ceab.csic.es\/es\/el-ceab\/organizacion-y-equipo\/comisiones-ceab\/\" rel=\"bookmark\"><span class=\"screen-reader-text\">Comisiones CEAB<\/span><\/a><\/p>\n","protected":false},"author":1,"featured_media":0,"parent":11448,"menu_order":0,"comment_status":"closed","ping_status":"closed","template":"page-templates\/template-pagebuilder-full-width.php","meta":{"_acf_changed":false,"neve_meta_sidebar":"","neve_meta_container":"","neve_meta_enable_content_width":"off","neve_meta_content_width":100,"neve_meta_title_alignment":"","neve_meta_author_avatar":"","neve_post_elements_order":"","neve_meta_disable_header":"","neve_meta_disable_footer":"","neve_meta_disable_title":"","footnotes":""},"class_list":["post-17238","page","type-page","status-publish","hentry"],"acf":[],"yoast_head":"<!-- This site is optimized with the Yoast SEO plugin v24.6 - https:\/\/yoast.com\/wordpress\/plugins\/seo\/ -->\n<title>Comisiones CEAB | CEAB<\/title>\n<meta name=\"description\" content=\"L&#039;equip del CEAB est\u00e0 format per professionals de diferents \u00e0mbits sumant esfor\u00e7os per generar coneixement cient\u00edfic i per transferir-lo.\" \/>\n<meta name=\"robots\" content=\"index, follow, max-snippet:-1, max-image-preview:large, max-video-preview:-1\" \/>\n<link rel=\"canonical\" href=\"https:\/\/www.ceab.csic.es\/es\/el-ceab\/organizacion-y-equipo\/comisiones-ceab\/\" \/>\n<meta property=\"og:locale\" content=\"es_ES\" \/>\n<meta property=\"og:type\" content=\"article\" \/>\n<meta property=\"og:title\" content=\"Comisiones CEAB | CEAB\" \/>\n<meta property=\"og:description\" content=\"L&#039;equip del CEAB est\u00e0 format per professionals de diferents \u00e0mbits sumant esfor\u00e7os per generar coneixement cient\u00edfic i per transferir-lo.\" \/>\n<meta property=\"og:url\" content=\"https:\/\/www.ceab.csic.es\/es\/el-ceab\/organizacion-y-equipo\/comisiones-ceab\/\" \/>\n<meta property=\"og:site_name\" content=\"CEAB\" \/>\n<meta property=\"article:modified_time\" content=\"2025-06-30T11:26:20+00:00\" \/>\n<meta property=\"og:image\" content=\"https:\/\/www.ceab.csic.es\/wp-content\/uploads\/2024\/07\/CEAB.jpg\" \/>\n\t<meta property=\"og:image:width\" content=\"1200\" \/>\n\t<meta property=\"og:image:height\" content=\"700\" \/>\n\t<meta property=\"og:image:type\" content=\"image\/jpeg\" \/>\n<meta name=\"twitter:card\" content=\"summary_large_image\" \/>\n<meta name=\"twitter:site\" content=\"@ceabcsic\" \/>\n<meta name=\"twitter:label1\" content=\"Tiempo de lectura\" \/>\n\t<meta name=\"twitter:data1\" content=\"2 minutos\" \/>\n<script type=\"application\/ld+json\" class=\"yoast-schema-graph\">{\"@context\":\"https:\/\/schema.org\",\"@graph\":[{\"@type\":\"WebPage\",\"@id\":\"https:\/\/www.ceab.csic.es\/es\/el-ceab\/organizacion-y-equipo\/comisiones-ceab\/\",\"url\":\"https:\/\/www.ceab.csic.es\/es\/el-ceab\/organizacion-y-equipo\/comisiones-ceab\/\",\"name\":\"Comisiones CEAB | CEAB\",\"isPartOf\":{\"@id\":\"https:\/\/www.ceab.csic.es\/es\/#website\"},\"datePublished\":\"2025-06-30T09:37:13+00:00\",\"dateModified\":\"2025-06-30T11:26:20+00:00\",\"description\":\"L'equip del CEAB est\u00e0 format per professionals de diferents \u00e0mbits sumant esfor\u00e7os per generar coneixement cient\u00edfic i per transferir-lo.\",\"breadcrumb\":{\"@id\":\"https:\/\/www.ceab.csic.es\/es\/el-ceab\/organizacion-y-equipo\/comisiones-ceab\/#breadcrumb\"},\"inLanguage\":\"es\",\"potentialAction\":[{\"@type\":\"ReadAction\",\"target\":[\"https:\/\/www.ceab.csic.es\/es\/el-ceab\/organizacion-y-equipo\/comisiones-ceab\/\"]}]},{\"@type\":\"BreadcrumbList\",\"@id\":\"https:\/\/www.ceab.csic.es\/es\/el-ceab\/organizacion-y-equipo\/comisiones-ceab\/#breadcrumb\",\"itemListElement\":[{\"@type\":\"ListItem\",\"position\":1,\"name\":\"Inici\",\"item\":\"https:\/\/www.ceab.csic.es\/es\/\"},{\"@type\":\"ListItem\",\"position\":2,\"name\":\"EL CEAB\",\"item\":\"https:\/\/www.ceab.csic.es\/es\/el-ceab\/\"},{\"@type\":\"ListItem\",\"position\":3,\"name\":\"Organizaci\u00f3n y equipo\",\"item\":\"https:\/\/www.ceab.csic.es\/es\/el-ceab\/organizacion-y-equipo\/\"},{\"@type\":\"ListItem\",\"position\":4,\"name\":\"Comisiones CEAB\"}]},{\"@type\":\"WebSite\",\"@id\":\"https:\/\/www.ceab.csic.es\/es\/#website\",\"url\":\"https:\/\/www.ceab.csic.es\/es\/\",\"name\":\"CEAB\",\"description\":\"Centre Estudis Avan\u00e7ats de Blanes\",\"alternateName\":\"CEAB\",\"potentialAction\":[{\"@type\":\"SearchAction\",\"target\":{\"@type\":\"EntryPoint\",\"urlTemplate\":\"https:\/\/www.ceab.csic.es\/es\/?s={search_term_string}\"},\"query-input\":{\"@type\":\"PropertyValueSpecification\",\"valueRequired\":true,\"valueName\":\"search_term_string\"}}],\"inLanguage\":\"es\"}]}<\/script>\n<!-- \/ Yoast SEO plugin. -->","yoast_head_json":{"title":"Comisiones CEAB | CEAB","description":"L'equip del CEAB est\u00e0 format per professionals de diferents \u00e0mbits sumant esfor\u00e7os per generar coneixement cient\u00edfic i per transferir-lo.","robots":{"index":"index","follow":"follow","max-snippet":"max-snippet:-1","max-image-preview":"max-image-preview:large","max-video-preview":"max-video-preview:-1"},"canonical":"https:\/\/www.ceab.csic.es\/es\/el-ceab\/organizacion-y-equipo\/comisiones-ceab\/","og_locale":"es_ES","og_type":"article","og_title":"Comisiones CEAB | CEAB","og_description":"L'equip del CEAB est\u00e0 format per professionals de diferents \u00e0mbits sumant esfor\u00e7os per generar coneixement cient\u00edfic i per transferir-lo.","og_url":"https:\/\/www.ceab.csic.es\/es\/el-ceab\/organizacion-y-equipo\/comisiones-ceab\/","og_site_name":"CEAB","article_modified_time":"2025-06-30T11:26:20+00:00","og_image":[{"width":1200,"height":700,"url":"https:\/\/www.ceab.csic.es\/wp-content\/uploads\/2024\/07\/CEAB.jpg","type":"image\/jpeg"}],"twitter_card":"summary_large_image","twitter_site":"@ceabcsic","twitter_misc":{"Tiempo de lectura":"2 minutos"},"schema":{"@context":"https:\/\/schema.org","@graph":[{"@type":"WebPage","@id":"https:\/\/www.ceab.csic.es\/es\/el-ceab\/organizacion-y-equipo\/comisiones-ceab\/","url":"https:\/\/www.ceab.csic.es\/es\/el-ceab\/organizacion-y-equipo\/comisiones-ceab\/","name":"Comisiones CEAB | CEAB","isPartOf":{"@id":"https:\/\/www.ceab.csic.es\/es\/#website"},"datePublished":"2025-06-30T09:37:13+00:00","dateModified":"2025-06-30T11:26:20+00:00","description":"L'equip del CEAB est\u00e0 format per professionals de diferents \u00e0mbits sumant esfor\u00e7os per generar coneixement cient\u00edfic i per transferir-lo.","breadcrumb":{"@id":"https:\/\/www.ceab.csic.es\/es\/el-ceab\/organizacion-y-equipo\/comisiones-ceab\/#breadcrumb"},"inLanguage":"es","potentialAction":[{"@type":"ReadAction","target":["https:\/\/www.ceab.csic.es\/es\/el-ceab\/organizacion-y-equipo\/comisiones-ceab\/"]}]},{"@type":"BreadcrumbList","@id":"https:\/\/www.ceab.csic.es\/es\/el-ceab\/organizacion-y-equipo\/comisiones-ceab\/#breadcrumb","itemListElement":[{"@type":"ListItem","position":1,"name":"Inici","item":"https:\/\/www.ceab.csic.es\/es\/"},{"@type":"ListItem","position":2,"name":"EL CEAB","item":"https:\/\/www.ceab.csic.es\/es\/el-ceab\/"},{"@type":"ListItem","position":3,"name":"Organizaci\u00f3n y equipo","item":"https:\/\/www.ceab.csic.es\/es\/el-ceab\/organizacion-y-equipo\/"},{"@type":"ListItem","position":4,"name":"Comisiones CEAB"}]},{"@type":"WebSite","@id":"https:\/\/www.ceab.csic.es\/es\/#website","url":"https:\/\/www.ceab.csic.es\/es\/","name":"CEAB","description":"Centre Estudis Avan\u00e7ats de Blanes","alternateName":"CEAB","potentialAction":[{"@type":"SearchAction","target":{"@type":"EntryPoint","urlTemplate":"https:\/\/www.ceab.csic.es\/es\/?s={search_term_string}"},"query-input":{"@type":"PropertyValueSpecification","valueRequired":true,"valueName":"search_term_string"}}],"inLanguage":"es"}]}},"_links":{"self":[{"href":"https:\/\/www.ceab.csic.es\/es\/wp-json\/wp\/v2\/pages\/17238","targetHints":{"allow":["GET"]}}],"collection":[{"href":"https:\/\/www.ceab.csic.es\/es\/wp-json\/wp\/v2\/pages"}],"about":[{"href":"https:\/\/www.ceab.csic.es\/es\/wp-json\/wp\/v2\/types\/page"}],"author":[{"embeddable":true,"href":"https:\/\/www.ceab.csic.es\/es\/wp-json\/wp\/v2\/users\/1"}],"replies":[{"embeddable":true,"href":"https:\/\/www.ceab.csic.es\/es\/wp-json\/wp\/v2\/comments?post=17238"}],"version-history":[{"count":4,"href":"https:\/\/www.ceab.csic.es\/es\/wp-json\/wp\/v2\/pages\/17238\/revisions"}],"predecessor-version":[{"id":17243,"href":"https:\/\/www.ceab.csic.es\/es\/wp-json\/wp\/v2\/pages\/17238\/revisions\/17243"}],"up":[{"embeddable":true,"href":"https:\/\/www.ceab.csic.es\/es\/wp-json\/wp\/v2\/pages\/11448"}],"wp:attachment":[{"href":"https:\/\/www.ceab.csic.es\/es\/wp-json\/wp\/v2\/media?parent=17238"}],"curies":[{"name":"wp","href":"https:\/\/api.w.org\/{rel}","templated":true}]}}