{"id":18487,"date":"2026-02-05T09:19:35","date_gmt":"2026-02-05T08:19:35","guid":{"rendered":"https:\/\/www.ceab.csic.es\/publicacions-cientifiques\/"},"modified":"2026-02-05T12:19:38","modified_gmt":"2026-02-05T11:19:38","slug":"publicaciones-cientificas","status":"publish","type":"page","link":"https:\/\/www.ceab.csic.es\/es\/publicaciones-cientificas\/","title":{"rendered":"Publicaciones cient\u00edficas"},"content":{"rendered":"\t\t<div data-elementor-type=\"wp-page\" data-elementor-id=\"18487\" class=\"elementor elementor-18487 elementor-18467\" data-elementor-post-type=\"page\">\n\t\t\t\t<div data-dce-background-image-url=\"https:\/\/www.ceab.csic.es\/wp-content\/uploads\/2022\/11\/actualidad-4.jpg\" class=\"elementor-element elementor-element-e8cf384 e-con-full e-flex e-con e-parent\" data-id=\"e8cf384\" data-element_type=\"container\" data-settings=\"{&quot;background_background&quot;:&quot;classic&quot;}\">\n\t\t<div class=\"elementor-element elementor-element-e831f68 e-con-full e-flex e-con e-child\" data-id=\"e831f68\" data-element_type=\"container\">\n\t\t\t\t<div class=\"elementor-element elementor-element-2a21d30 animated-slow elementor-invisible elementor-widget elementor-widget-qi_addons_for_elementor_animated_text\" data-id=\"2a21d30\" data-element_type=\"widget\" data-settings=\"{&quot;_animation&quot;:&quot;fadeIn&quot;}\" data-widget_type=\"qi_addons_for_elementor_animated_text.default\">\n\t\t\t\t<div class=\"elementor-widget-container\">\n\t\t\t\t\t<div class=\"qodef-shortcode qodef-m qodef-qi-animated-text qodef--animated-by-letter qodef-qi--has-appear qodef--appear-from-bottom\" data-appear-delay=\"200\">\n\t\t<p class=\"qodef-m-title\">\n\t\t<span class=\"qodef-e-word-holder\">Publicaciones<\/span> <span class=\"qodef-e-word-holder\">cient\u00edficas<\/span>\t<\/p>\n<\/div>\n\t\t\t\t<\/div>\n\t\t\t\t<\/div>\n\t\t\t\t<\/div>\n\t\t\t\t<\/div>\n\t\t<div class=\"elementor-element elementor-element-748ec2b e-flex e-con-boxed e-con e-parent\" data-id=\"748ec2b\" data-element_type=\"container\">\n\t\t\t\t\t<div class=\"e-con-inner\">\n\t\t<div class=\"elementor-element elementor-element-ecc2229 e-con-full e-flex e-con e-child\" data-id=\"ecc2229\" data-element_type=\"container\">\n\t\t\t\t<div class=\"elementor-element elementor-element-7b353d8 elementor-widget__width-initial elementor-widget elementor-widget-text-editor\" data-id=\"7b353d8\" data-element_type=\"widget\" data-widget_type=\"text-editor.default\">\n\t\t\t\t<div class=\"elementor-widget-container\">\n\t\t\t\t\t\t\t\t\t<p style=\"font-weight: 400;\">A trav\u00e9s de los enlaces siguientes, podr\u00e1s consultar el conjunto de publicaciones cient\u00edficas del Centro. Ofrecemos dos v\u00edas complementarias para facilitar el acceso seg\u00fan las distintas necesidades y opciones disponibles de las personas usuarias.<\/p>\t\t\t\t\t\t\t\t<\/div>\n\t\t\t\t<\/div>\n\t\t\t\t<\/div>\n\t\t\t\t\t<\/div>\n\t\t\t\t<\/div>\n\t\t<div class=\"elementor-element elementor-element-fae506a e-flex e-con-boxed e-con e-child\" data-id=\"fae506a\" data-element_type=\"container\">\n\t\t\t\t\t<div class=\"e-con-inner\">\n\t\t<div class=\"elementor-element elementor-element-82f2a64 e-con-full e-flex e-con e-child\" data-id=\"82f2a64\" data-element_type=\"container\" data-settings=\"{&quot;background_background&quot;:&quot;classic&quot;}\">\n\t\t\t\t<div class=\"elementor-element elementor-element-c29a22d elementor-widget elementor-widget-heading\" data-id=\"c29a22d\" data-element_type=\"widget\" data-widget_type=\"heading.default\">\n\t\t\t\t<div class=\"elementor-widget-container\">\n\t\t\t\t\t<h2 class=\"elementor-heading-title elementor-size-default\">Consulta a trav\u00e9s de Scopus<\/h2>\t\t\t\t<\/div>\n\t\t\t\t<\/div>\n\t\t\t\t<div class=\"elementor-element elementor-element-00377b4 elementor-widget__width-initial elementor-widget elementor-widget-text-editor\" data-id=\"00377b4\" data-element_type=\"widget\" data-widget_type=\"text-editor.default\">\n\t\t\t\t<div class=\"elementor-widget-container\">\n\t\t\t\t\t\t\t\t\t<p style=\"font-weight: 400;\">Acceso a la lista completa de publicaciones indexadas, con informaci\u00f3n bibliom\u00e9trica y opciones avanzadas de b\u00fasqueda. Esta opci\u00f3n es la m\u00e1s adecuada para personas con acceso institucional o perfil activo en la plataforma.<\/p>\t\t\t\t\t\t\t\t<\/div>\n\t\t\t\t<\/div>\n\t\t\t\t<div class=\"elementor-element elementor-element-b7f6dd0 elementor-widget elementor-widget-button\" data-id=\"b7f6dd0\" data-element_type=\"widget\" data-widget_type=\"button.default\">\n\t\t\t\t<div class=\"elementor-widget-container\">\n\t\t\t\t\t\t\t\t\t<div class=\"elementor-button-wrapper\">\n\t\t\t\t\t<a class=\"elementor-button elementor-button-link elementor-size-sm\" href=\"https:\/\/www.scopus.com\/results\/results.uri?st1=ceab&#038;st2=&#038;s=AFFIL%28ceab%29&#038;limit=10&#038;origin=searchbasic&#038;sort=plf-f&#038;src=s&#038;sot=b&#038;sdt=b&#038;sessionSearchId=27ed37b549f29e6356878f725309cf09)\" target=\"_blank\">\n\t\t\t\t\t\t<span class=\"elementor-button-content-wrapper\">\n\t\t\t\t\t\t\t\t\t<span class=\"elementor-button-text\">Acceder<\/span>\n\t\t\t\t\t<\/span>\n\t\t\t\t\t<\/a>\n\t\t\t\t<\/div>\n\t\t\t\t\t\t\t\t<\/div>\n\t\t\t\t<\/div>\n\t\t\t\t<\/div>\n\t\t<div class=\"elementor-element elementor-element-c3df468 e-con-full e-flex e-con e-child\" data-id=\"c3df468\" data-element_type=\"container\" data-settings=\"{&quot;background_background&quot;:&quot;classic&quot;}\">\n\t\t\t\t<div class=\"elementor-element elementor-element-0122b10 elementor-widget elementor-widget-heading\" data-id=\"0122b10\" data-element_type=\"widget\" data-widget_type=\"heading.default\">\n\t\t\t\t<div class=\"elementor-widget-container\">\n\t\t\t\t\t<h2 class=\"elementor-heading-title elementor-size-default\">Acceso abierto a trav\u00e9s de Digital CSIC<\/h2>\t\t\t\t<\/div>\n\t\t\t\t<\/div>\n\t\t\t\t<div class=\"elementor-element elementor-element-5138ab2 elementor-widget__width-initial elementor-widget elementor-widget-text-editor\" data-id=\"5138ab2\" data-element_type=\"widget\" data-widget_type=\"text-editor.default\">\n\t\t\t\t<div class=\"elementor-widget-container\">\n\t\t\t\t\t\t\t\t\t<p style=\"font-weight: 400;\">Acceso libre a las publicaciones depositadas en el repositorio institucional, ordenadas autom\u00e1ticamente de las m\u00e1s recientes a las m\u00e1s antiguas. Esta opci\u00f3n no requiere ning\u00fan tipo de registro ni credenciales.<\/p>\t\t\t\t\t\t\t\t<\/div>\n\t\t\t\t<\/div>\n\t\t\t\t<div class=\"elementor-element elementor-element-d266818 elementor-widget elementor-widget-button\" data-id=\"d266818\" data-element_type=\"widget\" data-widget_type=\"button.default\">\n\t\t\t\t<div class=\"elementor-widget-container\">\n\t\t\t\t\t\t\t\t\t<div class=\"elementor-button-wrapper\">\n\t\t\t\t\t<a class=\"elementor-button elementor-button-link elementor-size-sm\" href=\"https:\/\/digital.csic.es\/handle\/10261\/88\/browse?type=dateissued&#038;sort_by=2&#038;order=DESC&#038;rpp=20&#038;etal=10&#038;submit_browse=Actualizar%20)\" target=\"_blank\">\n\t\t\t\t\t\t<span class=\"elementor-button-content-wrapper\">\n\t\t\t\t\t\t\t\t\t<span class=\"elementor-button-text\">Acceder<\/span>\n\t\t\t\t\t<\/span>\n\t\t\t\t\t<\/a>\n\t\t\t\t<\/div>\n\t\t\t\t\t\t\t\t<\/div>\n\t\t\t\t<\/div>\n\t\t\t\t<\/div>\n\t\t\t\t\t<\/div>\n\t\t\t\t<\/div>\n\t\t<div class=\"elementor-element elementor-element-ffe780e e-flex e-con-boxed e-con e-parent\" data-id=\"ffe780e\" data-element_type=\"container\">\n\t\t\t\t\t<div class=\"e-con-inner\">\n\t\t<div class=\"elementor-element elementor-element-23b0ff4 e-con-full e-flex e-con e-child\" data-id=\"23b0ff4\" data-element_type=\"container\">\n\t\t\t\t<div class=\"elementor-element elementor-element-b136e96 elementor-widget__width-initial elementor-widget elementor-widget-text-editor\" data-id=\"b136e96\" data-element_type=\"widget\" data-widget_type=\"text-editor.default\">\n\t\t\t\t<div class=\"elementor-widget-container\">\n\t\t\t\t\t\t\t\t\t<p><strong>*Nota informativa <br \/><\/strong>Ambas plataformas tienen funciones diferentes: <strong>Scopus<\/strong> act\u00faa como base de datos bibliogr\u00e1fica, mientras que <strong>Digital CSIC<\/strong> es un repositorio de acceso abierto. Por este motivo, el contenido disponible puede no coincidir exactamente entre ambas opciones.<\/p>\t\t\t\t\t\t\t\t<\/div>\n\t\t\t\t<\/div>\n\t\t\t\t<\/div>\n\t\t\t\t\t<\/div>\n\t\t\t\t<\/div>\n\t\t\t\t<\/div>\n\t\t","protected":false},"excerpt":{"rendered":"<p>Publicaciones cient\u00edficas A trav\u00e9s de los enlaces siguientes, podr\u00e1s consultar el conjunto de publicaciones cient\u00edficas del Centro. Ofrecemos dos v\u00edas complementarias para facilitar el acceso seg\u00fan las distintas necesidades y opciones disponibles de las personas usuarias. Consulta a trav\u00e9s de Scopus Acceso a la lista completa de publicaciones indexadas, con informaci\u00f3n bibliom\u00e9trica y opciones avanzadas&hellip;&nbsp;<a href=\"https:\/\/www.ceab.csic.es\/es\/publicaciones-cientificas\/\" rel=\"bookmark\"><span class=\"screen-reader-text\">Publicaciones cient\u00edficas<\/span><\/a><\/p>\n","protected":false},"author":1,"featured_media":0,"parent":0,"menu_order":0,"comment_status":"closed","ping_status":"closed","template":"page-templates\/template-pagebuilder-full-width.php","meta":{"_acf_changed":false,"neve_meta_sidebar":"","neve_meta_container":"","neve_meta_enable_content_width":"off","neve_meta_content_width":100,"neve_meta_title_alignment":"","neve_meta_author_avatar":"","neve_post_elements_order":"","neve_meta_disable_header":"","neve_meta_disable_footer":"","neve_meta_disable_title":"","footnotes":""},"class_list":["post-18487","page","type-page","status-publish","hentry"],"acf":[],"yoast_head":"<!-- This site is optimized with the Yoast SEO plugin v24.6 - https:\/\/yoast.com\/wordpress\/plugins\/seo\/ -->\n<title>Publicaciones cient\u00edficas | CEAB<\/title>\n<meta name=\"robots\" content=\"index, follow, max-snippet:-1, max-image-preview:large, max-video-preview:-1\" \/>\n<link rel=\"canonical\" href=\"https:\/\/www.ceab.csic.es\/es\/publicaciones-cientificas\/\" \/>\n<meta property=\"og:locale\" content=\"es_ES\" \/>\n<meta property=\"og:type\" content=\"article\" \/>\n<meta property=\"og:title\" content=\"Publicaciones cient\u00edficas | CEAB\" \/>\n<meta property=\"og:description\" content=\"Publicaciones cient\u00edficas A trav\u00e9s de los enlaces siguientes, podr\u00e1s consultar el conjunto de publicaciones cient\u00edficas del Centro. Ofrecemos dos v\u00edas complementarias para facilitar el acceso seg\u00fan las distintas necesidades y opciones disponibles de las personas usuarias. Consulta a trav\u00e9s de Scopus Acceso a la lista completa de publicaciones indexadas, con informaci\u00f3n bibliom\u00e9trica y opciones avanzadas&hellip;&nbsp;Publicaciones cient\u00edficas\" \/>\n<meta property=\"og:url\" content=\"https:\/\/www.ceab.csic.es\/es\/publicaciones-cientificas\/\" \/>\n<meta property=\"og:site_name\" content=\"CEAB\" \/>\n<meta property=\"article:modified_time\" content=\"2026-02-05T11:19:38+00:00\" \/>\n<meta property=\"og:image\" content=\"https:\/\/www.ceab.csic.es\/wp-content\/uploads\/2024\/07\/CEAB.jpg\" \/>\n\t<meta property=\"og:image:width\" content=\"1200\" \/>\n\t<meta property=\"og:image:height\" content=\"700\" \/>\n\t<meta property=\"og:image:type\" content=\"image\/jpeg\" \/>\n<meta name=\"twitter:card\" content=\"summary_large_image\" \/>\n<meta name=\"twitter:site\" content=\"@ceabcsic\" \/>\n<meta name=\"twitter:label1\" content=\"Tiempo de lectura\" \/>\n\t<meta name=\"twitter:data1\" content=\"1 minuto\" \/>\n<script type=\"application\/ld+json\" class=\"yoast-schema-graph\">{\"@context\":\"https:\/\/schema.org\",\"@graph\":[{\"@type\":\"WebPage\",\"@id\":\"https:\/\/www.ceab.csic.es\/es\/publicaciones-cientificas\/\",\"url\":\"https:\/\/www.ceab.csic.es\/es\/publicaciones-cientificas\/\",\"name\":\"Publicaciones cient\u00edficas | CEAB\",\"isPartOf\":{\"@id\":\"https:\/\/www.ceab.csic.es\/es\/#website\"},\"datePublished\":\"2026-02-05T08:19:35+00:00\",\"dateModified\":\"2026-02-05T11:19:38+00:00\",\"breadcrumb\":{\"@id\":\"https:\/\/www.ceab.csic.es\/es\/publicaciones-cientificas\/#breadcrumb\"},\"inLanguage\":\"es\",\"potentialAction\":[{\"@type\":\"ReadAction\",\"target\":[\"https:\/\/www.ceab.csic.es\/es\/publicaciones-cientificas\/\"]}]},{\"@type\":\"BreadcrumbList\",\"@id\":\"https:\/\/www.ceab.csic.es\/es\/publicaciones-cientificas\/#breadcrumb\",\"itemListElement\":[{\"@type\":\"ListItem\",\"position\":1,\"name\":\"Inici\",\"item\":\"https:\/\/www.ceab.csic.es\/es\/\"},{\"@type\":\"ListItem\",\"position\":2,\"name\":\"Publicaciones cient\u00edficas\"}]},{\"@type\":\"WebSite\",\"@id\":\"https:\/\/www.ceab.csic.es\/es\/#website\",\"url\":\"https:\/\/www.ceab.csic.es\/es\/\",\"name\":\"CEAB\",\"description\":\"Centre Estudis Avan\u00e7ats de Blanes\",\"alternateName\":\"CEAB\",\"potentialAction\":[{\"@type\":\"SearchAction\",\"target\":{\"@type\":\"EntryPoint\",\"urlTemplate\":\"https:\/\/www.ceab.csic.es\/es\/?s={search_term_string}\"},\"query-input\":{\"@type\":\"PropertyValueSpecification\",\"valueRequired\":true,\"valueName\":\"search_term_string\"}}],\"inLanguage\":\"es\"}]}<\/script>\n<!-- \/ Yoast SEO plugin. -->","yoast_head_json":{"title":"Publicaciones cient\u00edficas | CEAB","robots":{"index":"index","follow":"follow","max-snippet":"max-snippet:-1","max-image-preview":"max-image-preview:large","max-video-preview":"max-video-preview:-1"},"canonical":"https:\/\/www.ceab.csic.es\/es\/publicaciones-cientificas\/","og_locale":"es_ES","og_type":"article","og_title":"Publicaciones cient\u00edficas | CEAB","og_description":"Publicaciones cient\u00edficas A trav\u00e9s de los enlaces siguientes, podr\u00e1s consultar el conjunto de publicaciones cient\u00edficas del Centro. Ofrecemos dos v\u00edas complementarias para facilitar el acceso seg\u00fan las distintas necesidades y opciones disponibles de las personas usuarias. Consulta a trav\u00e9s de Scopus Acceso a la lista completa de publicaciones indexadas, con informaci\u00f3n bibliom\u00e9trica y opciones avanzadas&hellip;&nbsp;Publicaciones cient\u00edficas","og_url":"https:\/\/www.ceab.csic.es\/es\/publicaciones-cientificas\/","og_site_name":"CEAB","article_modified_time":"2026-02-05T11:19:38+00:00","og_image":[{"width":1200,"height":700,"url":"https:\/\/www.ceab.csic.es\/wp-content\/uploads\/2024\/07\/CEAB.jpg","type":"image\/jpeg"}],"twitter_card":"summary_large_image","twitter_site":"@ceabcsic","twitter_misc":{"Tiempo de lectura":"1 minuto"},"schema":{"@context":"https:\/\/schema.org","@graph":[{"@type":"WebPage","@id":"https:\/\/www.ceab.csic.es\/es\/publicaciones-cientificas\/","url":"https:\/\/www.ceab.csic.es\/es\/publicaciones-cientificas\/","name":"Publicaciones cient\u00edficas | CEAB","isPartOf":{"@id":"https:\/\/www.ceab.csic.es\/es\/#website"},"datePublished":"2026-02-05T08:19:35+00:00","dateModified":"2026-02-05T11:19:38+00:00","breadcrumb":{"@id":"https:\/\/www.ceab.csic.es\/es\/publicaciones-cientificas\/#breadcrumb"},"inLanguage":"es","potentialAction":[{"@type":"ReadAction","target":["https:\/\/www.ceab.csic.es\/es\/publicaciones-cientificas\/"]}]},{"@type":"BreadcrumbList","@id":"https:\/\/www.ceab.csic.es\/es\/publicaciones-cientificas\/#breadcrumb","itemListElement":[{"@type":"ListItem","position":1,"name":"Inici","item":"https:\/\/www.ceab.csic.es\/es\/"},{"@type":"ListItem","position":2,"name":"Publicaciones cient\u00edficas"}]},{"@type":"WebSite","@id":"https:\/\/www.ceab.csic.es\/es\/#website","url":"https:\/\/www.ceab.csic.es\/es\/","name":"CEAB","description":"Centre Estudis Avan\u00e7ats de Blanes","alternateName":"CEAB","potentialAction":[{"@type":"SearchAction","target":{"@type":"EntryPoint","urlTemplate":"https:\/\/www.ceab.csic.es\/es\/?s={search_term_string}"},"query-input":{"@type":"PropertyValueSpecification","valueRequired":true,"valueName":"search_term_string"}}],"inLanguage":"es"}]}},"_links":{"self":[{"href":"https:\/\/www.ceab.csic.es\/es\/wp-json\/wp\/v2\/pages\/18487","targetHints":{"allow":["GET"]}}],"collection":[{"href":"https:\/\/www.ceab.csic.es\/es\/wp-json\/wp\/v2\/pages"}],"about":[{"href":"https:\/\/www.ceab.csic.es\/es\/wp-json\/wp\/v2\/types\/page"}],"author":[{"embeddable":true,"href":"https:\/\/www.ceab.csic.es\/es\/wp-json\/wp\/v2\/users\/1"}],"replies":[{"embeddable":true,"href":"https:\/\/www.ceab.csic.es\/es\/wp-json\/wp\/v2\/comments?post=18487"}],"version-history":[{"count":4,"href":"https:\/\/www.ceab.csic.es\/es\/wp-json\/wp\/v2\/pages\/18487\/revisions"}],"predecessor-version":[{"id":18492,"href":"https:\/\/www.ceab.csic.es\/es\/wp-json\/wp\/v2\/pages\/18487\/revisions\/18492"}],"wp:attachment":[{"href":"https:\/\/www.ceab.csic.es\/es\/wp-json\/wp\/v2\/media?parent=18487"}],"curies":[{"name":"wp","href":"https:\/\/api.w.org\/{rel}","templated":true}]}}